{"id":6238,"date":"2016-09-13T18:28:03","date_gmt":"2016-09-13T18:28:03","guid":{"rendered":"http:\/\/equipomedicocentral.com\/wordpress\/product\/stryker-888\/"},"modified":"2025-12-11T03:30:22","modified_gmt":"2025-12-11T08:30:22","slug":"stryker-888","status":"publish","type":"product","link":"https:\/\/www.somatechnology.com\/spanish\/equipo-medico-usado-remanufacturado\/sistema-de-video-endoscopia\/camaras-de-video\/stryker-888\/","title":{"rendered":"Stryker 888 Camaras de Video"},"content":{"rendered":"<div class=\"wpb-content-wrapper\"><p>[vc_row][vc_column][vc_column_text css=\u00bb\u00bb]<\/p>\n<h2>Camaras de Video Stryker 888<\/h2>\n<p>Sistema de c\u00e1mara de Stryker 888 con la unidad de control de la c\u00e1mara y la cabeza de c\u00e1mara 888 3-chip y acoplador de 20 mil\u00edmetros. Unidad de control de c\u00e1mara Stryker 888. Stryker 888 3-chip cabeza de la c\u00e1mara y 20 mm acoplador.<\/p>\n<ul>\n<li>C-mount, empapable, cabeza y acoplador<\/li>\n<li>900 l\u00edneas de resoluci\u00f3n<\/li>\n<li>C\u00e1mara sensible a la luz<\/li>\n<li>Zoom digital controlado<\/li>\n<li>Sin p\u00e9rdida de luz, 1 lux<\/li>\n<li>El built-in Digitaces realza<\/li>\n<li>Imagen mejorada de alcances m\u00e1s peque\u00f1os<\/li>\n<\/ul>\n<h3>Dimensiones<\/h3>\n<ul>\n<li>Unidad de control de la c\u00e1mara: 12 \u2033 w x 4,0 \u2033 h x 16 \u2033 d (30.5 cm W x 10.0 cm H x 40.6 cm D)<\/li>\n<li>Cable de la cabeza de la c\u00e1mara a la unidad de control de la c\u00e1mara: 10pie (3m) cable sellado o 20 pies (6m) cable sellado (detectados por CCU)<\/li>\n<\/ul>\n<h3>Salida de v\u00eddeo<\/h3>\n<ul>\n<li>Compuesto: dos NTSC est\u00e1ndar, 1.0 v p-p en 75 ohmios<\/li>\n<li>Conectador: BNC coaxial<\/li>\n<li>Componente: dos S-VHS, y-&#8216; t. 0V p-p c-0.29 v p-p<\/li>\n<li>Conectador: 4-pin S-VHS<\/li>\n<li>Componente: un componente de RGB o de y B-y R-y, &#8216; 1.0 v p-p en 75 ohmios<\/li>\n<li>Conectador: estruendo de 8 pernos<\/li>\n<\/ul>\n<h3>Resoluci\u00f3nes<\/h3>\n<ul>\n<li>Horizontal: &gt; l\u00edneas 900TV<\/li>\n<li>Vertical: 450 l\u00edneas<\/li>\n<\/ul>\n<p>[\/vc_column_text][\/vc_column][\/vc_row]<\/p>\n<\/div>","protected":false},"excerpt":{"rendered":"<p>1-chip Camara de Video de Endoscopia<\/p>\n","protected":false},"featured_media":9503,"template":"","meta":{"_acf_changed":false,"_relevanssi_hide_post":"","_relevanssi_hide_content":"","_relevanssi_pin_for_all":"","_relevanssi_pin_keywords":"","_relevanssi_unpin_keywords":"","_relevanssi_related_keywords":"","_relevanssi_related_include_ids":"","_relevanssi_related_exclude_ids":"","_relevanssi_related_no_append":"","_relevanssi_related_not_related":"","_relevanssi_related_posts":"","_relevanssi_noindex_reason":"","inline_featured_image":false},"pwb-brand":[1079],"product_brand":[],"product_cat":[99,84],"product_tag":[208,142,178,180],"class_list":{"0":"post-6238","1":"product","2":"type-product","3":"status-publish","4":"has-post-thumbnail","6":"pwb-brand-equipo-medico-stryker","7":"product_cat-camaras-de-video","8":"product_cat-sistema-de-video-endoscopia","9":"product_tag-208","10":"product_tag-camaras-de-video","11":"product_tag-stryker","12":"product_tag-stryker-888","14":"first","15":"instock","16":"purchasable","17":"product-type-simple"},"acf":[],"brands":[{"id":1079,"name":"Stryker","slug":"equipo-medico-stryker"}],"_links":{"self":[{"href":"https:\/\/www.somatechnology.com\/spanish\/wp-json\/wp\/v2\/product\/6238","targetHints":{"allow":["GET"]}}],"collection":[{"href":"https:\/\/www.somatechnology.com\/spanish\/wp-json\/wp\/v2\/product"}],"about":[{"href":"https:\/\/www.somatechnology.com\/spanish\/wp-json\/wp\/v2\/types\/product"}],"wp:featuredmedia":[{"embeddable":true,"href":"https:\/\/www.somatechnology.com\/spanish\/wp-json\/wp\/v2\/media\/9503"}],"wp:attachment":[{"href":"https:\/\/www.somatechnology.com\/spanish\/wp-json\/wp\/v2\/media?parent=6238"}],"wp:term":[{"taxonomy":"pwb-brand","embeddable":true,"href":"https:\/\/www.somatechnology.com\/spanish\/wp-json\/wp\/v2\/pwb-brand?post=6238"},{"taxonomy":"product_brand","embeddable":true,"href":"https:\/\/www.somatechnology.com\/spanish\/wp-json\/wp\/v2\/product_brand?post=6238"},{"taxonomy":"product_cat","embeddable":true,"href":"https:\/\/www.somatechnology.com\/spanish\/wp-json\/wp\/v2\/product_cat?post=6238"},{"taxonomy":"product_tag","embeddable":true,"href":"https:\/\/www.somatechnology.com\/spanish\/wp-json\/wp\/v2\/product_tag?post=6238"}],"curies":[{"name":"wp","href":"https:\/\/api.w.org\/{rel}","templated":true}]}}