{"id":6239,"date":"2016-09-13T18:30:01","date_gmt":"2016-09-13T18:30:01","guid":{"rendered":"http:\/\/equipomedicocentral.com\/wordpress\/product\/stryker-782\/"},"modified":"2025-12-11T00:18:01","modified_gmt":"2025-12-11T05:18:01","slug":"stryker-782","status":"publish","type":"product","link":"https:\/\/www.somatechnology.com\/spanish\/equipo-medico-usado-remanufacturado\/sistema-de-video-endoscopia\/camaras-de-video\/stryker-782\/","title":{"rendered":"Stryker 782 Camaras de Video"},"content":{"rendered":"<div class=\"wpb-content-wrapper\"><p>[vc_row][vc_column][vc_column_text css=\u00bb\u00bb]<\/p>\n<h2>Camara de Video Stryker 782<\/h2>\n<p>La c\u00e1mara de la viruta de Stryker 782 3 est\u00e1 para el uso de la endoscopia y proporciona la alta resoluci\u00f3n para los cuadros superiores y las im\u00e1genes m\u00e1s claras posibles sin interferencia.<\/p>\n<ul>\n<li>Colores naturales<\/li>\n<li>La resoluci\u00f3n m\u00e1s alta para la imagen m\u00e1s clara posible<\/li>\n<li>Sistema de la proyecci\u00f3n de imagen: 768 x 494 pixeles<\/li>\n<li>Sistema de escaneo: barrido progresivo de 525 l\u00edneas, 2:1 entrelazado<\/li>\n<li>Resoluci\u00f3n: horizontal: 600 l\u00edneas verticales: 450 l\u00edneas<\/li>\n<li>Sincronizaci\u00f3n interna\/externa (selecci\u00f3n autom\u00e1tica)<\/li>\n<li>cociente de se\u00f1al a ruido 60 dB<\/li>\n<li>Iluminaci\u00f3n de 1,5 Lux<\/li>\n<li>12,5 libras de peso<\/li>\n<\/ul>\n<h3>Dimensiones<\/h3>\n<ul>\n<li>Unidad de control de la c\u00e1mara: 9,7 \u2033 W x 4,0 \u2033 H x 16 \u2033 D<\/li>\n<li>Cable de la cabeza de la c\u00e1mara a la unidad de control: 10,5 pie sellado cable<\/li>\n<\/ul>\n<h3>Salida de v\u00eddeo<\/h3>\n<ul>\n<li>Compuesto: dos NTSC est\u00e1ndar, 1.0 v p-p en 75 ohmios<\/li>\n<li>Conectador: BNC coaxial<\/li>\n<li>Componente: dos S-VHS, Y-1.0 v p-p C-0.29 v p-p<\/li>\n<li>Conector:-PIN S-VHS<\/li>\n<\/ul>\n<h3>Sistema de escaneo<\/h3>\n<ul>\n<li>Escaneo progresivo, 525 l\u00edneas, 2:1 entrelazadas<\/li>\n<li>Horizontal: 15, 73 kHz<\/li>\n<li>Vertical: 59,94 Hz<\/li>\n<\/ul>\n<p>[\/vc_column_text][\/vc_column][\/vc_row]<\/p>\n<\/div>","protected":false},"excerpt":{"rendered":"<p>1-chip Camara de Video de Endoscopia<\/p>\n","protected":false},"featured_media":32645,"template":"","meta":{"_acf_changed":false,"_relevanssi_hide_post":"","_relevanssi_hide_content":"","_relevanssi_pin_for_all":"","_relevanssi_pin_keywords":"","_relevanssi_unpin_keywords":"","_relevanssi_related_keywords":"","_relevanssi_related_include_ids":"","_relevanssi_related_exclude_ids":"","_relevanssi_related_no_append":"","_relevanssi_related_not_related":"","_relevanssi_related_posts":"","_relevanssi_noindex_reason":"","inline_featured_image":false},"pwb-brand":[1079],"product_brand":[],"product_cat":[99,84],"product_tag":[207,142,178,206],"class_list":{"0":"post-6239","1":"product","2":"type-product","3":"status-publish","4":"has-post-thumbnail","6":"pwb-brand-equipo-medico-stryker","7":"product_cat-camaras-de-video","8":"product_cat-sistema-de-video-endoscopia","9":"product_tag-207","10":"product_tag-camaras-de-video","11":"product_tag-stryker","12":"product_tag-stryker-782","14":"first","15":"instock","16":"purchasable","17":"product-type-simple"},"acf":[],"brands":[{"id":1079,"name":"Stryker","slug":"equipo-medico-stryker"}],"_links":{"self":[{"href":"https:\/\/www.somatechnology.com\/spanish\/wp-json\/wp\/v2\/product\/6239","targetHints":{"allow":["GET"]}}],"collection":[{"href":"https:\/\/www.somatechnology.com\/spanish\/wp-json\/wp\/v2\/product"}],"about":[{"href":"https:\/\/www.somatechnology.com\/spanish\/wp-json\/wp\/v2\/types\/product"}],"wp:featuredmedia":[{"embeddable":true,"href":"https:\/\/www.somatechnology.com\/spanish\/wp-json\/wp\/v2\/media\/32645"}],"wp:attachment":[{"href":"https:\/\/www.somatechnology.com\/spanish\/wp-json\/wp\/v2\/media?parent=6239"}],"wp:term":[{"taxonomy":"pwb-brand","embeddable":true,"href":"https:\/\/www.somatechnology.com\/spanish\/wp-json\/wp\/v2\/pwb-brand?post=6239"},{"taxonomy":"product_brand","embeddable":true,"href":"https:\/\/www.somatechnology.com\/spanish\/wp-json\/wp\/v2\/product_brand?post=6239"},{"taxonomy":"product_cat","embeddable":true,"href":"https:\/\/www.somatechnology.com\/spanish\/wp-json\/wp\/v2\/product_cat?post=6239"},{"taxonomy":"product_tag","embeddable":true,"href":"https:\/\/www.somatechnology.com\/spanish\/wp-json\/wp\/v2\/product_tag?post=6239"}],"curies":[{"name":"wp","href":"https:\/\/api.w.org\/{rel}","templated":true}]}}