{"id":6240,"date":"2016-09-13T18:30:46","date_gmt":"2016-09-13T18:30:46","guid":{"rendered":"http:\/\/equipomedicocentral.com\/wordpress\/product\/stryker-592\/"},"modified":"2025-12-11T01:23:15","modified_gmt":"2025-12-11T06:23:15","slug":"stryker-592","status":"publish","type":"product","link":"https:\/\/www.somatechnology.com\/spanish\/equipo-medico-usado-remanufacturado\/sistema-de-video-endoscopia\/camaras-de-video\/stryker-592\/","title":{"rendered":"Stryker 592 Camaras de Video"},"content":{"rendered":"<h2>Camaras de Video Stryker 592<\/h2>\n<p>Sola viruta de la c\u00e1mara de v\u00eddeo m\u00e9dica controlador\/c\u00e1mara de control<\/p>\n<ul>\n<li>Contraste y detalle superiores en \u00e1reas sensibles a la luz<\/li>\n<li>Mayor resoluci\u00f3n para la imagen m\u00e1s clara posible<\/li>\n<li>Calidad constante del cuadro y del color con el tiempo<\/li>\n<li>Controla r\u00e1pidamente el brillo de la imagen y evita el deslumbramiento<\/li>\n<li>CCD de transferencia interlineal de 1 \u2044 2 pulgadas, 682 (horz.) x 492 (Vert.) sistema de im\u00e1genes de p\u00edxeles<\/li>\n<li>Escaneo progresivo, 525 l\u00edneas; 2:1 entrelazado. Horizontal: 15.734 kHz. vertical: 59,94 Hz. sistema de escaneo<\/li>\n<li>Compuesto: dos NTSC est\u00e1ndar, 1.0 v p-p en 75 ohmios. Conectador: BNC coaxial. Componente: dos S-VHS Y-1.0 v p-p, C-0.29 v p-p. Conectador: 4-pin S-VHS. Salida de v\u00eddeo.<\/li>\n<\/ul>\n<h3>Sistema de imagen<\/h3>\n<ul>\n<li>CCD de transferencia interlineal de \u00bd pulgadas<\/li>\n<li>682 (horz.) x 492 (Vert.) p\u00edxeles<\/li>\n<\/ul>\n<h3>V\u00eddeo compuesto de la salida<\/h3>\n<ul>\n<li>Dos est\u00e1ndar de NTSC<\/li>\n<li>1.0 v p-p en 75 ohmios<\/li>\n<li>Conectador: BNC coaxial<\/li>\n<li>Componente: dos S-VHS Y-1.0 v p-p<\/li>\n<li>C-0.29 v p-p.<\/li>\n<li>Conectador: 4-pin S-VHS.<\/li>\n<\/ul>\n<p>&nbsp;<\/p>\n","protected":false},"excerpt":{"rendered":"<p>1-chip Camara de Video de Endoscopia<\/p>\n","protected":false},"featured_media":32677,"template":"","meta":{"_acf_changed":false,"_relevanssi_hide_post":"","_relevanssi_hide_content":"","_relevanssi_pin_for_all":"","_relevanssi_pin_keywords":"","_relevanssi_unpin_keywords":"","_relevanssi_related_keywords":"","_relevanssi_related_include_ids":"","_relevanssi_related_exclude_ids":"","_relevanssi_related_no_append":"","_relevanssi_related_not_related":"","_relevanssi_related_posts":"","_relevanssi_noindex_reason":"","inline_featured_image":false},"pwb-brand":[1079],"product_brand":[],"product_cat":[99,84],"product_tag":[205,142,178,179],"class_list":{"0":"post-6240","1":"product","2":"type-product","3":"status-publish","4":"has-post-thumbnail","6":"pwb-brand-equipo-medico-stryker","7":"product_cat-camaras-de-video","8":"product_cat-sistema-de-video-endoscopia","9":"product_tag-205","10":"product_tag-camaras-de-video","11":"product_tag-stryker","12":"product_tag-stryker-592","14":"first","15":"instock","16":"purchasable","17":"product-type-simple"},"acf":[],"brands":[{"id":1079,"name":"Stryker","slug":"equipo-medico-stryker"}],"_links":{"self":[{"href":"https:\/\/www.somatechnology.com\/spanish\/wp-json\/wp\/v2\/product\/6240","targetHints":{"allow":["GET"]}}],"collection":[{"href":"https:\/\/www.somatechnology.com\/spanish\/wp-json\/wp\/v2\/product"}],"about":[{"href":"https:\/\/www.somatechnology.com\/spanish\/wp-json\/wp\/v2\/types\/product"}],"wp:featuredmedia":[{"embeddable":true,"href":"https:\/\/www.somatechnology.com\/spanish\/wp-json\/wp\/v2\/media\/32677"}],"wp:attachment":[{"href":"https:\/\/www.somatechnology.com\/spanish\/wp-json\/wp\/v2\/media?parent=6240"}],"wp:term":[{"taxonomy":"pwb-brand","embeddable":true,"href":"https:\/\/www.somatechnology.com\/spanish\/wp-json\/wp\/v2\/pwb-brand?post=6240"},{"taxonomy":"product_brand","embeddable":true,"href":"https:\/\/www.somatechnology.com\/spanish\/wp-json\/wp\/v2\/product_brand?post=6240"},{"taxonomy":"product_cat","embeddable":true,"href":"https:\/\/www.somatechnology.com\/spanish\/wp-json\/wp\/v2\/product_cat?post=6240"},{"taxonomy":"product_tag","embeddable":true,"href":"https:\/\/www.somatechnology.com\/spanish\/wp-json\/wp\/v2\/product_tag?post=6240"}],"curies":[{"name":"wp","href":"https:\/\/api.w.org\/{rel}","templated":true}]}}