{"id":7795,"date":"2018-01-25T20:44:29","date_gmt":"2018-01-25T20:44:29","guid":{"rendered":"https:\/\/www.somatechnology.com\/spanish\/?post_type=product&#038;p=7795"},"modified":"2025-12-11T01:55:32","modified_gmt":"2025-12-11T06:55:32","slug":"philips-heartstart-fr3","status":"publish","type":"product","link":"https:\/\/www.somatechnology.com\/spanish\/equipo-medico-usado-remanufacturado\/desfibriladores-medicos\/desfibriladores-automaticos-externos\/philips-heartstart-fr3\/","title":{"rendered":"Philips Heartstart FR3"},"content":{"rendered":"<div class=\"wpb-content-wrapper\"><p>[vc_row][vc_column][vc_column_text css=\u00bb\u00bb]<\/p>\n<h2>Philips Heartstart FR3<\/h2>\n<p>El HeartStart FR3 es el mejor DEA profesional de Philips con funciones avanzadas para el respondedor profesional. El FR3 reduce el tiempo de implementaci\u00f3n al eliminar los pasos y le ayuda a comenzar la terapia correcta en su paciente m\u00e1s r\u00e1pido.<\/p>\n<p>F\u00e1cil de usar para que responda r\u00e1pidamente El FR3 es r\u00e1pido de usar con peel y coloque SMART Pads III que son adecuados para adultos y ni\u00f1os. Es peque\u00f1o, liviano y se puede maniobrar en lugares estrechos. Quick Shock reduce el tiempo entre el apagado y la descarga. Y los que responden pueden desconectar r\u00e1pidamente el FR3 y volver a conectarse al HeartStart MRX para pasar r\u00e1pidamente al siguiente nivel de atenci\u00f3n.<\/p>\n<p>Dise\u00f1ado para resistir y dise\u00f1ado para ofrecer flexibilidad. El FR3 est\u00e1 dise\u00f1ado para entornos hostiles. Se prueba seg\u00fan estrictas normas militares, cumple con la clasificaci\u00f3n IP55 para protecci\u00f3n contra el polvo y el agua de inyecci\u00f3n y pasa una prueba de aplastamiento de 1.100 libras. Su opci\u00f3n de bater\u00eda recargable proporciona hasta 100 descargas y 3 horas de tiempo de monitoreo. Adem\u00e1s, FR3 es una plataforma altamente flexible para que pueda configurarlo para una amplia gama de protocolos actuales y en evoluci\u00f3n.<\/p>\n<ul>\n<li>Se enciende autom\u00e1ticamente abriendo el estuche de transporte Philips HeartStart FR3 para que pueda enfocarse desde el principio en la colocaci\u00f3n de la almohadilla<\/li>\n<li>La tecla infantil \/ infantil disminuye autom\u00e1ticamente la terapia de desfibrilaci\u00f3n e implementa los protocolos de RCP infantil \/ infantil configurados<\/li>\n<li>El DEA de grado profesional m\u00e1s peque\u00f1o y ligero entre los principales fabricantes mundiales<\/li>\n<li>La brillante pantalla LCD en color de alta resoluci\u00f3n hace que el FR3 sea m\u00e1s f\u00e1cil de usar en un entorno ruidoso<\/li>\n<li>Pelar previamente y colocar SMART Pads III sin bolsa de aluminio para reducir el tiempo de despliegue<\/li>\n<li>Garant\u00eda de f\u00e1brica de 5 a\u00f1os de Philips Healthcare.<\/li>\n<\/ul>\n<h3>Desfibrilaci\u00f3n<\/h3>\n<ul>\n<li>Forma de onda: Bif\u00e1sica exponencial truncada. Par\u00e1metros de onda ajustados como una funci\u00f3n de la impedancia del paciente.<\/li>\n<li>Energ\u00eda de salida: Manual (seleccionada): 1-10 \/ 15\/20\/30\/50\/70\/100\/120\/150\/170\/200 Joules en una carga de 50 Ohm<\/li>\n<li>Modo AED (salida de energ\u00eda \u00fanica): 150 julios en una carga de 50 ohmios. Joules \/ Ohm<\/li>\n<li>Tiempo de carga: menos de 5 segundos a 200 julios con una bater\u00eda de iones de litio nueva \/ totalmente cargada a 25 \u00b0 C<\/li>\n<li>Entrega de descarga: a trav\u00e9s de almohadillas o palas de electrodo de desfibrilaci\u00f3n multifunci\u00f3n Tiempo de ciclo de choque a golpe: t\u00edpicamente menos de 20 segundos<\/li>\n<li>Rango m\u00ednimo de impedancia del paciente: 15 ohmios (desfibrilaci\u00f3n interna); 25 Ohm (desfibrilaci\u00f3n externa) Ohm<\/li>\n<li>Rango m\u00e1ximo de impedancia del paciente: 180 Ohm Ohm<\/li>\n<li>Modo AED: sensibilidad y especificidad de aviso de descarga que cumplen con las pautas AAMI DF-39<\/li>\n<\/ul>\n<h3>Requisitos ambientales y f\u00edsicos<\/h3>\n<ul>\n<li>S\u00f3lidos \/ resistencia al agua: IP24<\/li>\n<li>Temperatura de funcionamiento: 0 \u00b0 &#8211; 45 \u00b0 C (32 \u00b0 &#8211; 113 \u00b0 F) \u00b0 C \/ \u00b0 F<\/li>\n<li>Temperatura de almacenamiento: -20 &#8211; 70 \u00b0 C (-4 \u00b0 &#8211; 158 \u00b0 F) \u00b0 C \/ \u00b0 F<\/li>\n<li>Humedad de funcionamiento: 0% a 95% relativo%<\/li>\n<li>Altitud de funcionamiento: 0 a 15000 pies (0 a 4500 m) ft \/ m<\/li>\n<li>Altitud de almacenamiento: 0 a 15000 pies (0 a 4500 m) ft \/ m<\/li>\n<\/ul>\n<h3>Bateria<\/h3>\n<ul>\n<li>Tipo: 6.3 Ah, 14.8 V, ion de litio recargable Ah \/ V<\/li>\n<li>Dimensi\u00f3n: 6.5 \u00ab(H) x 3.8\u00bb (W) x 1.6 \u00ab(D) (165 mm x 95 mm x 42 mm)\u00bb \/ mm<\/li>\n<li>Peso: 1.6 lb. (0.73 kg) lb \/ kg<\/li>\n<li>Tiempo de carga: Aproximadamente 3 horas desde completamente agotado hasta 100%. 90 minutos de completamente agotado a 80% horas \/%<\/li>\n<li>Capacidad (b): al menos 3.5 horas de monitoreo continuo de 12 derivaciones de ECG \/ SpO2 y CO2.<\/li>\n<li>Con NBP cada 15 minutos y ritmo de 180 ppm a 160 mA en una nueva bater\u00eda completamente cargada<\/li>\n<\/ul>\n<p>[\/vc_column_text][\/vc_column][\/vc_row]<\/p>\n<\/div>","protected":false},"excerpt":{"rendered":"<p><label class=\"selectit\">Desfibriladores Autom\u00e1ticos Externos (DEA)<\/label><\/p>\n","protected":false},"featured_media":23110,"template":"","meta":{"_acf_changed":false,"_relevanssi_hide_post":"","_relevanssi_hide_content":"","_relevanssi_pin_for_all":"","_relevanssi_pin_keywords":"","_relevanssi_unpin_keywords":"","_relevanssi_related_keywords":"","_relevanssi_related_include_ids":"","_relevanssi_related_exclude_ids":"","_relevanssi_related_no_append":"","_relevanssi_related_not_related":"","_relevanssi_related_posts":"","_relevanssi_noindex_reason":"","inline_featured_image":false},"pwb-brand":[1102],"product_brand":[],"product_cat":[92,4765],"product_tag":[264,273,265,274],"class_list":{"0":"post-7795","1":"product","2":"type-product","3":"status-publish","4":"has-post-thumbnail","6":"pwb-brand-equipo-medico-philips","7":"product_cat-desfibriladores-automaticos-externos","8":"product_cat-desfibriladores-portatiles","9":"product_tag-heartstart","10":"product_tag-philips","11":"product_tag-philips-heartstart","12":"product_tag-philips-heartstart-fr3","14":"first","15":"instock","16":"shipping-taxable","17":"purchasable","18":"product-type-simple"},"acf":[],"brands":[{"id":1102,"name":"Philips","slug":"equipo-medico-philips"}],"_links":{"self":[{"href":"https:\/\/www.somatechnology.com\/spanish\/wp-json\/wp\/v2\/product\/7795","targetHints":{"allow":["GET"]}}],"collection":[{"href":"https:\/\/www.somatechnology.com\/spanish\/wp-json\/wp\/v2\/product"}],"about":[{"href":"https:\/\/www.somatechnology.com\/spanish\/wp-json\/wp\/v2\/types\/product"}],"wp:featuredmedia":[{"embeddable":true,"href":"https:\/\/www.somatechnology.com\/spanish\/wp-json\/wp\/v2\/media\/23110"}],"wp:attachment":[{"href":"https:\/\/www.somatechnology.com\/spanish\/wp-json\/wp\/v2\/media?parent=7795"}],"wp:term":[{"taxonomy":"pwb-brand","embeddable":true,"href":"https:\/\/www.somatechnology.com\/spanish\/wp-json\/wp\/v2\/pwb-brand?post=7795"},{"taxonomy":"product_brand","embeddable":true,"href":"https:\/\/www.somatechnology.com\/spanish\/wp-json\/wp\/v2\/product_brand?post=7795"},{"taxonomy":"product_cat","embeddable":true,"href":"https:\/\/www.somatechnology.com\/spanish\/wp-json\/wp\/v2\/product_cat?post=7795"},{"taxonomy":"product_tag","embeddable":true,"href":"https:\/\/www.somatechnology.com\/spanish\/wp-json\/wp\/v2\/product_tag?post=7795"}],"curies":[{"name":"wp","href":"https:\/\/api.w.org\/{rel}","templated":true}]}}