{"id":7801,"date":"2018-01-25T21:12:08","date_gmt":"2018-01-25T21:12:08","guid":{"rendered":"https:\/\/www.somatechnology.com\/spanish\/?post_type=product&#038;p=7801"},"modified":"2025-12-10T23:38:07","modified_gmt":"2025-12-11T04:38:07","slug":"drager-scio","status":"publish","type":"product","link":"https:\/\/www.somatechnology.com\/spanish\/equipo-medico-usado-remanufacturado\/monitores-de-signos-vitales\/monitores-de-agente-y-co2\/drager-scio\/","title":{"rendered":"Drager SCIO"},"content":{"rendered":"<div class=\"wpb-content-wrapper\"><p>[vc_row][vc_column][vc_column_text css=\u00bb\u00bb]<\/p>\n<h2>Drager SCIO<\/h2>\n<p>Los m\u00f3dulos de control de gas Drager Scio proporcionan valores inspiratorios y espiratorios precisos para O2, CO2 y agentes anest\u00e9sicos como N2O, enflurano, halotano, isoflurano, sevoflurano y desflurano. En combinaci\u00f3n con los monitores Drager Infinity, se muestran los valores de MAC para agentes anest\u00e9sicos, lo que ayuda a evitar subdosis o sobredosis.<\/p>\n<ul>\n<li>El usuario puede mantener concentraciones \u00f3ptimas de gas mientras se asegura de que la ventilaci\u00f3n sea adecuada<\/li>\n<li>Existe la opci\u00f3n de medir las concentraciones de O2 inspiratorio y espiratorio mediante un sensor de ox\u00edgeno paramagn\u00e9tico<\/li>\n<li>Viene equipado con la nueva trampa de agua WaterLock 2.<\/li>\n<\/ul>\n<p>Los 2 m de poros de su dise\u00f1o dual de membrana hidr\u00f3foba permiten que los gases y el vapor de agua pasen libremente con gradientes de presi\u00f3n m\u00ednimos mientras que previene eficazmente la contaminaci\u00f3n microbiana y la condensaci\u00f3n.<\/p>\n<h3>Dimensiones<\/h3>\n<ul>\n<li>Tama\u00f1o: 11.5 cm x 19.0 cm x 27.0 cm (4.8 in x 7.5 in x 10.5 in)<\/li>\n<li>Peso: 2.9 kg (6.4 lbs) sin sensor de O2 3.2 kg (7.0 lbs) w Sensor de O2<\/li>\n<\/ul>\n<h3>Especificaci\u00f3n F\u00edsica<\/h3>\n<ul>\n<li>Fuente de alimentaci\u00f3n: 100 a 240 V ~ 50\/60 Hz<\/li>\n<li>Emisi\u00f3n de ruido del dispositivo: \u226445 dB (A)<\/li>\n<li>Interfaces del dispositivo: 1x RS 232 (protocolo MEDIBUS)<\/li>\n<\/ul>\n<h3>Condiciones ambientales<\/h3>\n<ul>\n<li>Temperatura: 10 a 40 \u00b0 C (50 a 104 \u00b0 F)<\/li>\n<li>Presi\u00f3n ambiental: 700 a 1.100 hPa (10.2 a 15.9 psi), Equivalente a 3.000 m (9,843 ft) de altura<\/li>\n<\/ul>\n<h3>Especificaci\u00f3n de Medidas<\/h3>\n<ul>\n<li>Rango de O2: 0 a 100% vol.<\/li>\n<li>Precisi\u00f3n de O2: \u00b1 (2.5 vol.%, + 2.5% rel.)<\/li>\n<li>Tiempo de subida de O2: &lt;500 ms<\/li>\n<li>Rango de CO2: 0 a 10 vol.%<\/li>\n<li>Precisi\u00f3n del CO2: \u00b1 (0.43 vol.% + 8% rel.)<\/li>\n<li>Tiempo de subida de CO2: &lt;300 ms<\/li>\n<li>Rango N20: 0 a 100 vol.%<\/li>\n<li>Precisi\u00f3n N2O: \u00b1 (2 vol.% + 8% rel.)<\/li>\n<li>Tiempo de subida de N2O: &lt;300 ms<\/li>\n<li>Agente anest\u00e9sico Rango: 0 a 8.5% vol. (Isoflurano y halotano), 0 a 10% vol. (Sevoflurano y enflurano), 0 a 20% vol. (Desflurano)<\/li>\n<li>Precisi\u00f3n del agente anest\u00e9sico: \u00b1 (0,20% vol. + 15% rel)<\/li>\n<li>Tiempo de subida del agente anest\u00e9sico: &lt;350 ms, &lt;450 ms (halotano)<\/li>\n<li>Rango de frecuencia sepiratoria: 0 a 100 \/ min<\/li>\n<li>Precisi\u00f3n de frecuencia sepiratoria: 0 a 60 \/ min: \u00b1 1 \/ min,&gt; 60 \/ min: no especificado<\/li>\n<\/ul>\n<p>[\/vc_column_text][\/vc_column][\/vc_row]<\/p>\n<\/div>","protected":false},"excerpt":{"rendered":"<p>[vc_row][vc_column][vc_column_text css=\u00bb\u00bb] Drager SCIO Los m\u00f3dulos de control de gas Drager Scio proporcionan valores inspiratorios y espiratorios precisos para O2, CO2 y agentes anest\u00e9sicos&#8230;<\/p>\n","protected":false},"featured_media":7802,"template":"","meta":{"_acf_changed":false,"_relevanssi_hide_post":"","_relevanssi_hide_content":"","_relevanssi_pin_for_all":"","_relevanssi_pin_keywords":"","_relevanssi_unpin_keywords":"","_relevanssi_related_keywords":"","_relevanssi_related_include_ids":"","_relevanssi_related_exclude_ids":"","_relevanssi_related_no_append":"","_relevanssi_related_not_related":"","_relevanssi_related_posts":"","_relevanssi_noindex_reason":"","inline_featured_image":false},"pwb-brand":[1122],"product_brand":[],"product_cat":[60],"product_tag":[217,284,285],"class_list":{"0":"post-7801","1":"product","2":"type-product","3":"status-publish","4":"has-post-thumbnail","6":"pwb-brand-equipo-medico-drager","7":"product_cat-monitores-de-agente-y-co2","8":"product_tag-drager","9":"product_tag-drager-scio","10":"product_tag-scio","12":"first","13":"instock","14":"shipping-taxable","15":"purchasable","16":"product-type-simple"},"acf":[],"brands":[{"id":1122,"name":"Drager","slug":"equipo-medico-drager"}],"_links":{"self":[{"href":"https:\/\/www.somatechnology.com\/spanish\/wp-json\/wp\/v2\/product\/7801","targetHints":{"allow":["GET"]}}],"collection":[{"href":"https:\/\/www.somatechnology.com\/spanish\/wp-json\/wp\/v2\/product"}],"about":[{"href":"https:\/\/www.somatechnology.com\/spanish\/wp-json\/wp\/v2\/types\/product"}],"wp:featuredmedia":[{"embeddable":true,"href":"https:\/\/www.somatechnology.com\/spanish\/wp-json\/wp\/v2\/media\/7802"}],"wp:attachment":[{"href":"https:\/\/www.somatechnology.com\/spanish\/wp-json\/wp\/v2\/media?parent=7801"}],"wp:term":[{"taxonomy":"pwb-brand","embeddable":true,"href":"https:\/\/www.somatechnology.com\/spanish\/wp-json\/wp\/v2\/pwb-brand?post=7801"},{"taxonomy":"product_brand","embeddable":true,"href":"https:\/\/www.somatechnology.com\/spanish\/wp-json\/wp\/v2\/product_brand?post=7801"},{"taxonomy":"product_cat","embeddable":true,"href":"https:\/\/www.somatechnology.com\/spanish\/wp-json\/wp\/v2\/product_cat?post=7801"},{"taxonomy":"product_tag","embeddable":true,"href":"https:\/\/www.somatechnology.com\/spanish\/wp-json\/wp\/v2\/product_tag?post=7801"}],"curies":[{"name":"wp","href":"https:\/\/api.w.org\/{rel}","templated":true}]}}