{"id":7808,"date":"2018-01-25T21:37:04","date_gmt":"2018-01-25T21:37:04","guid":{"rendered":"https:\/\/www.somatechnology.com\/spanish\/?post_type=product&#038;p=7808"},"modified":"2025-12-11T05:54:45","modified_gmt":"2025-12-11T10:54:45","slug":"philips-g5-m1019a","status":"publish","type":"product","link":"https:\/\/www.somatechnology.com\/spanish\/equipo-medico-usado-remanufacturado\/monitores-de-signos-vitales\/monitores-de-agente-y-co2\/philips-g5-m1019a\/","title":{"rendered":"Philips G5 M1019A"},"content":{"rendered":"<div class=\"wpb-content-wrapper\"><p>[vc_row][vc_column][vc_column_text css=\u00bb\u00bb]<\/p>\n<h2>Philips G5 M1019A<\/h2>\n<p>El m\u00f3dulo de gas anest\u00e9sico Philips G5 M1019A mide los cinco gases anest\u00e9sicos utilizados m\u00e1s com\u00fanmente, adem\u00e1s de N2O y CO2. El ox\u00edgeno se mide usando una t\u00e9cnica paramagn\u00e9tica. El AGM M1019A \/ M1026B muestra los valores num\u00e9ricos, las tendencias, las formas de onda en tiempo real en la pantalla del monitor del paciente.<\/p>\n<ul>\n<li>Identificaci\u00f3n autom\u00e1tica de agentes anest\u00e9sicos: Halotano, Isoflurano, Enflurano, Sevoflurano y Desflurano<\/li>\n<li>Valores de inspiraci\u00f3n y espiraci\u00f3n para todos los gases<\/li>\n<li>Tiempo de calentamiento r\u00e1pido.<\/li>\n<li>Muestra de Tasa de flujo baja.<\/li>\n<li>L\u00edmites de alarma individuales para cada par\u00e1metro.<\/li>\n<li>Calibraci\u00f3n cero autom\u00e1tica.<\/li>\n<li>Frecuencia respiratoria derivada de la forma de onda de CO2.<\/li>\n<li>Desechables, trampa de agua reutilizable.<\/li>\n<\/ul>\n<p>[\/vc_column_text][\/vc_column][\/vc_row]<\/p>\n<\/div>","protected":false},"excerpt":{"rendered":"<p>[vc_row][vc_column][vc_column_text css=\u00bb\u00bb] Philips G5 M1019A El m\u00f3dulo de gas anest\u00e9sico Philips G5 M1019A mide los cinco gases anest\u00e9sicos utilizados m\u00e1s com\u00fanmente, adem\u00e1s de N2O&#8230;<\/p>\n","protected":false},"featured_media":7809,"template":"","meta":{"_acf_changed":false,"_relevanssi_hide_post":"","_relevanssi_hide_content":"","_relevanssi_pin_for_all":"","_relevanssi_pin_keywords":"","_relevanssi_unpin_keywords":"","_relevanssi_related_keywords":"","_relevanssi_related_include_ids":"","_relevanssi_related_exclude_ids":"","_relevanssi_related_no_append":"","_relevanssi_related_not_related":"","_relevanssi_related_posts":"","_relevanssi_noindex_reason":"","inline_featured_image":false},"pwb-brand":[1102],"product_brand":[],"product_cat":[60],"product_tag":[304,305,306,273,303,302],"class_list":{"0":"post-7808","1":"product","2":"type-product","3":"status-publish","4":"has-post-thumbnail","6":"pwb-brand-equipo-medico-philips","7":"product_cat-monitores-de-agente-y-co2","8":"product_tag-g5","9":"product_tag-g5-m1019a","10":"product_tag-m1019a","11":"product_tag-philips","12":"product_tag-philips-g5","13":"product_tag-philips-g5-m1019a","15":"first","16":"instock","17":"shipping-taxable","18":"purchasable","19":"product-type-simple"},"acf":[],"brands":[{"id":1102,"name":"Philips","slug":"equipo-medico-philips"}],"_links":{"self":[{"href":"https:\/\/www.somatechnology.com\/spanish\/wp-json\/wp\/v2\/product\/7808","targetHints":{"allow":["GET"]}}],"collection":[{"href":"https:\/\/www.somatechnology.com\/spanish\/wp-json\/wp\/v2\/product"}],"about":[{"href":"https:\/\/www.somatechnology.com\/spanish\/wp-json\/wp\/v2\/types\/product"}],"wp:featuredmedia":[{"embeddable":true,"href":"https:\/\/www.somatechnology.com\/spanish\/wp-json\/wp\/v2\/media\/7809"}],"wp:attachment":[{"href":"https:\/\/www.somatechnology.com\/spanish\/wp-json\/wp\/v2\/media?parent=7808"}],"wp:term":[{"taxonomy":"pwb-brand","embeddable":true,"href":"https:\/\/www.somatechnology.com\/spanish\/wp-json\/wp\/v2\/pwb-brand?post=7808"},{"taxonomy":"product_brand","embeddable":true,"href":"https:\/\/www.somatechnology.com\/spanish\/wp-json\/wp\/v2\/product_brand?post=7808"},{"taxonomy":"product_cat","embeddable":true,"href":"https:\/\/www.somatechnology.com\/spanish\/wp-json\/wp\/v2\/product_cat?post=7808"},{"taxonomy":"product_tag","embeddable":true,"href":"https:\/\/www.somatechnology.com\/spanish\/wp-json\/wp\/v2\/product_tag?post=7808"}],"curies":[{"name":"wp","href":"https:\/\/api.w.org\/{rel}","templated":true}]}}