{"id":7815,"date":"2018-01-26T15:14:25","date_gmt":"2018-01-26T15:14:25","guid":{"rendered":"https:\/\/www.somatechnology.com\/spanish\/?post_type=product&#038;p=7815"},"modified":"2025-12-11T02:30:11","modified_gmt":"2025-12-11T07:30:11","slug":"ge-sam-gas-module","status":"publish","type":"product","link":"https:\/\/www.somatechnology.com\/spanish\/equipo-medico-usado-remanufacturado\/monitores-de-signos-vitales\/monitores-de-agente-y-co2\/ge-sam-gas-module\/","title":{"rendered":"GE SAM Gas Module"},"content":{"rendered":"<div class=\"wpb-content-wrapper\"><p>[vc_row][vc_column][vc_column_text css=\u00bb\u00bb]<\/p>\n<h2>GE SAM Gas Module<\/h2>\n<p>El m\u00f3dulo GE SAM (Anestesia m\u00faltiple m\u00faltiple) proporciona an\u00e1lisis de gases respiratorios y anest\u00e9sicos cuando se utiliza junto con los monitores de pacientes GE. Este m\u00f3dulo compacto proporciona formas de onda de CO2 e identifica autom\u00e1ticamente los agentes anest\u00e9sicos y la cuantificaci\u00f3n.<\/p>\n<ul>\n<li>Pantalla de forma de onda de CO2<\/li>\n<li>Gas digital inspirado y caducado<\/li>\n<li>La frecuencia respiratoria<\/li>\n<li>Alarmas integradas<\/li>\n<li>Valores de tendencia gr\u00e1fica y tabular<\/li>\n<\/ul>\n<p>[\/vc_column_text][\/vc_column][\/vc_row]<\/p>\n<\/div>","protected":false},"excerpt":{"rendered":"<p>[vc_row][vc_column][vc_column_text css=\u00bb\u00bb] GE SAM Gas Module El m\u00f3dulo GE SAM (Anestesia m\u00faltiple m\u00faltiple) proporciona an\u00e1lisis de gases respiratorios y anest\u00e9sicos cuando se utiliza junto&#8230;<\/p>\n","protected":false},"featured_media":7817,"template":"","meta":{"_acf_changed":false,"_relevanssi_hide_post":"","_relevanssi_hide_content":"","_relevanssi_pin_for_all":"","_relevanssi_pin_keywords":"","_relevanssi_unpin_keywords":"","_relevanssi_related_keywords":"","_relevanssi_related_include_ids":"","_relevanssi_related_exclude_ids":"","_relevanssi_related_no_append":"","_relevanssi_related_not_related":"","_relevanssi_related_posts":"","_relevanssi_noindex_reason":"","inline_featured_image":false},"pwb-brand":[1100],"product_brand":[],"product_cat":[60],"product_tag":[224,316,318,315,314,317],"class_list":{"0":"post-7815","1":"product","2":"type-product","3":"status-publish","4":"has-post-thumbnail","6":"pwb-brand-equipo-medico-ge","7":"product_cat-monitores-de-agente-y-co2","8":"product_tag-ge","9":"product_tag-ge-gas","10":"product_tag-ge-gas-module","11":"product_tag-ge-sam","12":"product_tag-ge-sam-gas-module","13":"product_tag-gesam-gas","15":"first","16":"instock","17":"shipping-taxable","18":"purchasable","19":"product-type-simple"},"acf":[],"brands":[{"id":1100,"name":"GE","slug":"equipo-medico-ge"}],"_links":{"self":[{"href":"https:\/\/www.somatechnology.com\/spanish\/wp-json\/wp\/v2\/product\/7815","targetHints":{"allow":["GET"]}}],"collection":[{"href":"https:\/\/www.somatechnology.com\/spanish\/wp-json\/wp\/v2\/product"}],"about":[{"href":"https:\/\/www.somatechnology.com\/spanish\/wp-json\/wp\/v2\/types\/product"}],"wp:featuredmedia":[{"embeddable":true,"href":"https:\/\/www.somatechnology.com\/spanish\/wp-json\/wp\/v2\/media\/7817"}],"wp:attachment":[{"href":"https:\/\/www.somatechnology.com\/spanish\/wp-json\/wp\/v2\/media?parent=7815"}],"wp:term":[{"taxonomy":"pwb-brand","embeddable":true,"href":"https:\/\/www.somatechnology.com\/spanish\/wp-json\/wp\/v2\/pwb-brand?post=7815"},{"taxonomy":"product_brand","embeddable":true,"href":"https:\/\/www.somatechnology.com\/spanish\/wp-json\/wp\/v2\/product_brand?post=7815"},{"taxonomy":"product_cat","embeddable":true,"href":"https:\/\/www.somatechnology.com\/spanish\/wp-json\/wp\/v2\/product_cat?post=7815"},{"taxonomy":"product_tag","embeddable":true,"href":"https:\/\/www.somatechnology.com\/spanish\/wp-json\/wp\/v2\/product_tag?post=7815"}],"curies":[{"name":"wp","href":"https:\/\/api.w.org\/{rel}","templated":true}]}}