{"id":7851,"date":"2018-01-26T20:29:31","date_gmt":"2018-01-26T20:29:31","guid":{"rendered":"https:\/\/www.somatechnology.com\/spanish\/?post_type=product&#038;p=7851"},"modified":"2025-12-11T05:23:59","modified_gmt":"2025-12-11T10:23:59","slug":"ge-aespire-view","status":"publish","type":"product","link":"https:\/\/www.somatechnology.com\/spanish\/equipo-medico-usado-remanufacturado\/maquinas-de-anestesia\/ge-aespire-view\/","title":{"rendered":"GE Aespire View"},"content":{"rendered":"<div class=\"wpb-content-wrapper\"><p>[vc_row][vc_column][vc_column_text css=\u00bb\u00bb]<\/p>\n<h2>GE Aespire View Anesthesia Machine<\/h2>\n<p>Desarrollado con la ayuda de m\u00e9dicos de todo el mundo, es una soluci\u00f3n para quir\u00f3fanos de hospital y centros de cirug\u00eda aut\u00f3nomos. Aspire View ofrece una gran pantalla de ventilador de color de 12 pulgadas y presenta el Sistema de respiraci\u00f3n avanzada (ABS) de GE, que es adecuado para anestesia de bajo flujo. El m\u00f3dulo de detecci\u00f3n de flujo total opcional mide electr\u00f3nicamente, muestra y exporta tanto el flujo de gas individual como el flujo total de gas fresco para ayudar a administrar los costos.<\/p>\n<h3>Caracteristicas<\/h3>\n<ul>\n<li>Eval\u00fae con precisi\u00f3n y responda r\u00e1pidamente a los cambios en el estado de su paciente, gracias a:<\/li>\n<li>La gran pantalla de ventilador de color de 12 pulgadas con forma de onda de color e indicadores de mensaje de alarma<\/li>\n<li>Interfaz de usuario familiar.<\/li>\n<li>M\u00f3dulo total de gas fresco o detecci\u00f3n de flujo total (TFS) (opcional)<\/li>\n<li>Con cinco paquetes de ventilaci\u00f3n, incluida la innovadora presi\u00f3n controlada de GE<\/li>\n<li>Tecnolog\u00eda Ventilation-Volume Guaranteed (PCV-VG), Aespire View le permite personalizar la ventilaci\u00f3n para cada paciente.<\/li>\n<li>Los modos de ventilaci\u00f3n est\u00e1n disponibles a la carta, por lo que puede adaptar las capacidades cl\u00ednicas de su sistema de anestesia con las opciones que necesita.<\/li>\n<li>Los modos de ventilaci\u00f3n disponibles en Aespire View incluyen:<\/li>\n<li>PCV-VG<\/li>\n<li>Control del volumen<\/li>\n<li>Control de presion<\/li>\n<li>PSVPro *<\/li>\n<li>SIMV<\/li>\n<li>Ventilaci\u00f3n manual<\/li>\n<li>El Sistema de respiraci\u00f3n avanzada (ABS) integrado proporciona un bajo volumen de circuito (2.7 L), administrando anestesia de respuesta r\u00e1pida y bajo flujo.<\/li>\n<li>Los fuelles de levantamiento m\u00faltiple brindan retroalimentaci\u00f3n visual sobre el estado del paciente.<\/li>\n<\/ul>\n<p>[\/vc_column_text][\/vc_column][\/vc_row]<\/p>\n<\/div>","protected":false},"excerpt":{"rendered":"<p>[vc_row][vc_column][vc_column_text css=\u00bb\u00bb] GE Aespire View Anesthesia Machine Desarrollado con la ayuda de m\u00e9dicos de todo el mundo, es una soluci\u00f3n para quir\u00f3fanos de hospital&#8230;<\/p>\n","protected":false},"featured_media":20758,"template":"","meta":{"_acf_changed":false,"_relevanssi_hide_post":"","_relevanssi_hide_content":"","_relevanssi_pin_for_all":"","_relevanssi_pin_keywords":"","_relevanssi_unpin_keywords":"","_relevanssi_related_keywords":"","_relevanssi_related_include_ids":"","_relevanssi_related_exclude_ids":"","_relevanssi_related_no_append":"","_relevanssi_related_not_related":"","_relevanssi_related_posts":"","_relevanssi_noindex_reason":"","inline_featured_image":false},"pwb-brand":[1100],"product_brand":[],"product_cat":[48],"product_tag":[435,224,432,431,433,4630,434],"class_list":{"0":"post-7851","1":"product","2":"type-product","3":"status-publish","4":"has-post-thumbnail","6":"pwb-brand-equipo-medico-ge","7":"product_cat-maquinas-de-anestesia","8":"product_tag-aespire","9":"product_tag-ge","10":"product_tag-ge-aespire","11":"product_tag-ge-aespire-view","12":"product_tag-ge-view","13":"product_tag-maquinas-de-anestesia-ge","14":"product_tag-view","16":"first","17":"instock","18":"shipping-taxable","19":"purchasable","20":"product-type-simple"},"acf":[],"brands":[{"id":1100,"name":"GE","slug":"equipo-medico-ge"}],"_links":{"self":[{"href":"https:\/\/www.somatechnology.com\/spanish\/wp-json\/wp\/v2\/product\/7851","targetHints":{"allow":["GET"]}}],"collection":[{"href":"https:\/\/www.somatechnology.com\/spanish\/wp-json\/wp\/v2\/product"}],"about":[{"href":"https:\/\/www.somatechnology.com\/spanish\/wp-json\/wp\/v2\/types\/product"}],"wp:featuredmedia":[{"embeddable":true,"href":"https:\/\/www.somatechnology.com\/spanish\/wp-json\/wp\/v2\/media\/20758"}],"wp:attachment":[{"href":"https:\/\/www.somatechnology.com\/spanish\/wp-json\/wp\/v2\/media?parent=7851"}],"wp:term":[{"taxonomy":"pwb-brand","embeddable":true,"href":"https:\/\/www.somatechnology.com\/spanish\/wp-json\/wp\/v2\/pwb-brand?post=7851"},{"taxonomy":"product_brand","embeddable":true,"href":"https:\/\/www.somatechnology.com\/spanish\/wp-json\/wp\/v2\/product_brand?post=7851"},{"taxonomy":"product_cat","embeddable":true,"href":"https:\/\/www.somatechnology.com\/spanish\/wp-json\/wp\/v2\/product_cat?post=7851"},{"taxonomy":"product_tag","embeddable":true,"href":"https:\/\/www.somatechnology.com\/spanish\/wp-json\/wp\/v2\/product_tag?post=7851"}],"curies":[{"name":"wp","href":"https:\/\/api.w.org\/{rel}","templated":true}]}}