{"id":7867,"date":"2018-01-26T20:38:49","date_gmt":"2018-01-26T20:38:49","guid":{"rendered":"https:\/\/www.somatechnology.com\/spanish\/?post_type=product&#038;p=7867"},"modified":"2025-12-11T05:25:34","modified_gmt":"2025-12-11T10:25:34","slug":"getinge-5524","status":"publish","type":"product","link":"https:\/\/www.somatechnology.com\/spanish\/equipo-medico-usado-remanufacturado\/calentador-de-mantas\/getinge-5524\/","title":{"rendered":"Getinge 5524"},"content":{"rendered":"<div class=\"wpb-content-wrapper\"><p>[vc_row][vc_column][vc_column_text css=\u00bb\u00bb]El Gabinete de calentamiento Getinge 5524 est\u00e1 dise\u00f1ado para el almacenamiento en caliente de soluciones salinas o mantas utilizadas en el cuidado de pacientes en \u00e1reas tales como cirug\u00eda, recuperaci\u00f3n, OB \/ GYN, UCI o Urgencias.<\/p>\n<p>Un exclusivo gabinete de calentamiento de mesa con una puerta de vidrio templado \u00abde entrada\u00bb en su c\u00e1mara de calentamiento por convecci\u00f3n. El rango de temperatura se puede ajustar desde 90 \u00b0 F (32 \u00b0 C) a 160 \u00b0 F (71 \u00b0 C) y cuenta con una funci\u00f3n de \u00abbloqueo\u00bb para evitar cambios no autorizados en la configuraci\u00f3n de temperatura.<\/p>\n<ul>\n<li>Las puertas de vidrio \u00abLook-In\u00bb brindan control visual de inventario sin abrir puertas<\/li>\n<li>Gran volumen interno utilizable para el almacenamiento de botellas y mantas de soluci\u00f3n<\/li>\n<li>La calefacci\u00f3n por convecci\u00f3n de aire forzado es m\u00e1s efectiva y elimina la necesidad de bastidores de manta<\/li>\n<li>El control de calor independiente proporciona flexibilidad de diferentes temperaturas en cada compartimento<\/li>\n<li>Programable para visualizaci\u00f3n de \u00b0 F y \u00b0 C<\/li>\n<li>El \u00abbloqueo\u00bb de supervisi\u00f3n del punto de ajuste de temperatura evita los cambios de temperatura no autorizados<\/li>\n<li>La memoria no vol\u00e1til protege la configuraci\u00f3n de temperatura en caso de una p\u00e9rdida de potencia<\/li>\n<li>Una pantalla LED alertar\u00e1 al operador de una interrupci\u00f3n o p\u00e9rdida de potencia<\/li>\n<li>La protecci\u00f3n contra sobrecalentamiento apagar\u00e1 los calentadores y proporcionar\u00e1 una alarma audible para los operadores<\/li>\n<\/ul>\n<h3>Dimensiones<\/h3>\n<ul>\n<li>Tama\u00f1o: H x A x P 17.5 pulgadas (445 mm) x 30 pulgadas (762 mm) x 24 pulgadas (610 mm)<\/li>\n<li>Tama\u00f1o interior: H x A x P 13 pulg. (330 mm) x 26 (660) x 22.7 pulg. (577 mm))<\/li>\n<\/ul>\n<h3>Suministro el\u00e9ctrico<\/h3>\n<ul>\n<li>115V~, 50\/60 Hz 1PH<\/li>\n<li>230V~, 50\/60 Hz 1PH<\/li>\n<\/ul>\n<h3>Capacidad<\/h3>\n<ul>\n<li>Volumen utilizable total: 4.1 ft3 (116 L), 20 frascos de dos litros o productos secos equivalentes<\/li>\n<\/ul>\n<p>&nbsp;<\/p>\n<p>[\/vc_column_text][\/vc_column][\/vc_row]<\/p>\n<\/div>","protected":false},"excerpt":{"rendered":"<p>[vc_row][vc_column][vc_column_text css=\u00bb\u00bb]El Gabinete de calentamiento Getinge 5524 est\u00e1 dise\u00f1ado para el almacenamiento en caliente de soluciones salinas o mantas utilizadas en el cuidado de&#8230;<\/p>\n","protected":false},"featured_media":7862,"template":"","meta":{"_acf_changed":false,"_relevanssi_hide_post":"","_relevanssi_hide_content":"","_relevanssi_pin_for_all":"","_relevanssi_pin_keywords":"","_relevanssi_unpin_keywords":"","_relevanssi_related_keywords":"","_relevanssi_related_include_ids":"","_relevanssi_related_exclude_ids":"","_relevanssi_related_no_append":"","_relevanssi_related_not_related":"","_relevanssi_related_posts":"","_relevanssi_noindex_reason":"","inline_featured_image":false},"pwb-brand":[1153],"product_brand":[],"product_cat":[83,7029],"product_tag":[320,332,337,436,439,401],"class_list":{"0":"post-7867","1":"product","2":"type-product","3":"status-publish","4":"has-post-thumbnail","6":"pwb-brand-equipo-medico-getinge","7":"product_cat-calentador-de-mantas","8":"product_cat-calentadores","9":"product_tag-blanket-warmer","10":"product_tag-calentador","11":"product_tag-calentador-de-mantas","12":"product_tag-getinge","13":"product_tag-getinge-5524","14":"product_tag-warming-cabinet","16":"first","17":"instock","18":"shipping-taxable","19":"purchasable","20":"product-type-simple"},"acf":[],"brands":[{"id":1153,"name":"Getinge","slug":"equipo-medico-getinge"}],"_links":{"self":[{"href":"https:\/\/www.somatechnology.com\/spanish\/wp-json\/wp\/v2\/product\/7867","targetHints":{"allow":["GET"]}}],"collection":[{"href":"https:\/\/www.somatechnology.com\/spanish\/wp-json\/wp\/v2\/product"}],"about":[{"href":"https:\/\/www.somatechnology.com\/spanish\/wp-json\/wp\/v2\/types\/product"}],"wp:featuredmedia":[{"embeddable":true,"href":"https:\/\/www.somatechnology.com\/spanish\/wp-json\/wp\/v2\/media\/7862"}],"wp:attachment":[{"href":"https:\/\/www.somatechnology.com\/spanish\/wp-json\/wp\/v2\/media?parent=7867"}],"wp:term":[{"taxonomy":"pwb-brand","embeddable":true,"href":"https:\/\/www.somatechnology.com\/spanish\/wp-json\/wp\/v2\/pwb-brand?post=7867"},{"taxonomy":"product_brand","embeddable":true,"href":"https:\/\/www.somatechnology.com\/spanish\/wp-json\/wp\/v2\/product_brand?post=7867"},{"taxonomy":"product_cat","embeddable":true,"href":"https:\/\/www.somatechnology.com\/spanish\/wp-json\/wp\/v2\/product_cat?post=7867"},{"taxonomy":"product_tag","embeddable":true,"href":"https:\/\/www.somatechnology.com\/spanish\/wp-json\/wp\/v2\/product_tag?post=7867"}],"curies":[{"name":"wp","href":"https:\/\/api.w.org\/{rel}","templated":true}]}}