{"id":7870,"date":"2018-01-26T21:07:00","date_gmt":"2018-01-26T21:07:00","guid":{"rendered":"https:\/\/www.somatechnology.com\/spanish\/?post_type=product&#038;p=7870"},"modified":"2025-08-01T14:26:04","modified_gmt":"2025-08-01T18:26:04","slug":"mindray-a5","status":"publish","type":"product","link":"https:\/\/www.somatechnology.com\/spanish\/equipo-medico-usado-remanufacturado\/maquinas-de-anestesia\/mindray-a5\/","title":{"rendered":"Mindray A5"},"content":{"rendered":"<h2>Mindray A5<\/h2>\n<p>La <strong><a href=\"https:\/\/www.somatechnology.com\/wp-content\/uploads\/sites\/2\/2018\/01\/mindray-a5-spa.pdf\">m\u00e1quina de anestesia Mindray A5<\/a><\/strong> es un sistema vers\u00e1til dise\u00f1ado para atender pacientes desde neonatos hasta adultos, con modos de ventilaci\u00f3n avanzados e integraci\u00f3n de an\u00e1lisis de gases, capnograf\u00eda y bucles de espirometr\u00eda. Su pantalla t\u00e1ctil de 15 pulgadas simplifica la operaci\u00f3n, permitiendo seleccionar f\u00e1cilmente los modos de ventilaci\u00f3n y configuraciones. El A5 incluye soporte de ox\u00edgeno de alta presi\u00f3n, \u00fatil para ventilaci\u00f3n avanzada y protecci\u00f3n pulmonar, y utiliza el protocolo est\u00e1ndar HL7 para conectarse de manera fluida con los sistemas EMR del hospital, garantizando una gesti\u00f3n eficiente de los datos del paciente.<\/p>\n<ul>\n<li>Las capacidades de ventilaci\u00f3n universal incluyen una indicaci\u00f3n de uso neonatal<\/li>\n<li>Modo de respiraci\u00f3n manual\/espont\u00e1nea con capacidad de monitoreo respiratorio<\/li>\n<li>El cumplimiento autom\u00e1tico y la compensaci\u00f3n de gas fresco mantienen vol\u00famenes corrientes precisos<\/li>\n<li>Los medidores de flujo de aire\/O2 auxiliares suministran gas mezclado para reducir el riesgo de incendio en las v\u00edas respiratorias<\/li>\n<li>Puerto de O2 de alta presi\u00f3n para ventilaci\u00f3n a chorro<\/li>\n<li>Un sistema de respiraci\u00f3n calentado minimiza la condensaci\u00f3n interna<\/li>\n<li>Conectividad HL7 para la integraci\u00f3n de AIMS y EMR<\/li>\n<li>Compatible con monitores de multipar\u00e1metros Mindray<\/li>\n<\/ul>\n","protected":false},"excerpt":{"rendered":"<p>M\u00e1quinas de Anestesia<\/p>\n","protected":false},"featured_media":20476,"template":"","meta":{"_acf_changed":false,"_relevanssi_hide_post":"","_relevanssi_hide_content":"","_relevanssi_pin_for_all":"","_relevanssi_pin_keywords":"","_relevanssi_unpin_keywords":"","_relevanssi_related_keywords":"","_relevanssi_related_include_ids":"","_relevanssi_related_exclude_ids":"","_relevanssi_related_no_append":"","_relevanssi_related_not_related":"","_relevanssi_related_posts":"","_relevanssi_noindex_reason":"","inline_featured_image":false},"pwb-brand":[1135],"product_brand":[],"product_cat":[48],"product_tag":[451,223,6851,450,449,5840,5838],"class_list":{"0":"post-7870","1":"product","2":"type-product","3":"status-publish","4":"has-post-thumbnail","6":"pwb-brand-equipo-medico-mindray","7":"product_cat-maquinas-de-anestesia","8":"product_tag-a5","9":"product_tag-maquinas-de-anestesia","10":"product_tag-maquinas-de-anestesia-mindray","11":"product_tag-mindray","12":"product_tag-mindray-a5","13":"product_tag-mindray-a5-maquinas-de-anestesia","14":"product_tag-mindray-maquinas-de-anestesia","16":"first","17":"instock","18":"featured","19":"shipping-taxable","20":"purchasable","21":"product-type-simple"},"acf":[],"brands":[{"id":1135,"name":"Mindray","slug":"equipo-medico-mindray"}],"_links":{"self":[{"href":"https:\/\/www.somatechnology.com\/spanish\/wp-json\/wp\/v2\/product\/7870","targetHints":{"allow":["GET"]}}],"collection":[{"href":"https:\/\/www.somatechnology.com\/spanish\/wp-json\/wp\/v2\/product"}],"about":[{"href":"https:\/\/www.somatechnology.com\/spanish\/wp-json\/wp\/v2\/types\/product"}],"wp:featuredmedia":[{"embeddable":true,"href":"https:\/\/www.somatechnology.com\/spanish\/wp-json\/wp\/v2\/media\/20476"}],"wp:attachment":[{"href":"https:\/\/www.somatechnology.com\/spanish\/wp-json\/wp\/v2\/media?parent=7870"}],"wp:term":[{"taxonomy":"pwb-brand","embeddable":true,"href":"https:\/\/www.somatechnology.com\/spanish\/wp-json\/wp\/v2\/pwb-brand?post=7870"},{"taxonomy":"product_brand","embeddable":true,"href":"https:\/\/www.somatechnology.com\/spanish\/wp-json\/wp\/v2\/product_brand?post=7870"},{"taxonomy":"product_cat","embeddable":true,"href":"https:\/\/www.somatechnology.com\/spanish\/wp-json\/wp\/v2\/product_cat?post=7870"},{"taxonomy":"product_tag","embeddable":true,"href":"https:\/\/www.somatechnology.com\/spanish\/wp-json\/wp\/v2\/product_tag?post=7870"}],"curies":[{"name":"wp","href":"https:\/\/api.w.org\/{rel}","templated":true}]}}