{"id":7880,"date":"2018-01-29T14:24:08","date_gmt":"2018-01-29T14:24:08","guid":{"rendered":"https:\/\/www.somatechnology.com\/spanish\/?post_type=product&#038;p=7880"},"modified":"2025-12-11T02:47:38","modified_gmt":"2025-12-11T07:47:38","slug":"ge-datex-ohmeda-e-caiov-module","status":"publish","type":"product","link":"https:\/\/www.somatechnology.com\/spanish\/equipo-medico-usado-remanufacturado\/maquinas-de-anestesia\/ge-datex-ohmeda-e-caiov-module\/","title":{"rendered":"GE Datex Ohmeda E-CAiOv Module"},"content":{"rendered":"<h2><strong>GE Datex Ohmeda E-CAiOv Module <\/strong><\/h2>\n<p>El m\u00f3dulo E-CaiOv de Datex Ohmeda prueba CO2, N2O, O2, agentes de anestesia, identificaci\u00f3n de agente y espirometr\u00eda. M\u00f3dulos de v\u00edas respiratorias dise\u00f1ados espec\u00edficamente para monitor de anestesia y monitor de anestesia compacto para medir el agente anest\u00e9sico con identificaci\u00f3n, CO2, ox\u00edgeno del paciente, paciente Spirometry e intercambio directo de gases.<\/p>\n<ul>\n<li>Todos los par\u00e1metros medidos en la v\u00eda a\u00e9rea del paciente<\/li>\n<li>Sistema de separaci\u00f3n de agua D-fend<\/li>\n<li>Ox\u00edgeno para pacientes &#8211; tecnolog\u00eda paramagn\u00e9tica Datex-Ohmeda<\/li>\n<li>Inspirado y valores finales de la marea inspirado \/ expirado diferencia, forma de onda<\/li>\n<li>CO2 y N2O &#8211; Tecnolog\u00eda infrarroja Datex-Ohmeda<\/li>\n<li>Valores inspirados y de final de marea, forma de onda y tasa de respiraci\u00f3n<\/li>\n<li>Agentes anest\u00e9sicos: tecnolog\u00eda infrarroja Datex-Ohmeda<\/li>\n<li>Mide e identifica los cinco agentes: Halotano, Enflurano, Isoflurano, Sevoflurano y Desflurano<\/li>\n<\/ul>\n","protected":false},"excerpt":{"rendered":"<p>El m\u00f3dulo E-CaiOv de Datex Ohmeda prueba CO2, N2O, O2, agentes de anestesia, identificaci\u00f3n de agente y espirometr\u00eda. M\u00f3dulos de v\u00edas respiratorias dise\u00f1ados espec\u00edficamente para monitor de anestesia y monitor de anestesia compacto para medir el agente anest\u00e9sico con identificaci\u00f3n, CO2, ox\u00edgeno del paciente, paciente Spirometry e intercambio directo de gases.<\/p>\n","protected":false},"featured_media":7882,"template":"","meta":{"_acf_changed":false,"_relevanssi_hide_post":"","_relevanssi_hide_content":"","_relevanssi_pin_for_all":"","_relevanssi_pin_keywords":"","_relevanssi_unpin_keywords":"","_relevanssi_related_keywords":"","_relevanssi_related_include_ids":"","_relevanssi_related_exclude_ids":"","_relevanssi_related_no_append":"","_relevanssi_related_not_related":"","_relevanssi_related_posts":"","_relevanssi_noindex_reason":"","inline_featured_image":false},"pwb-brand":[1100],"product_brand":[],"product_cat":[48],"product_tag":[456,259,455,225,454],"class_list":{"0":"post-7880","1":"product","2":"type-product","3":"status-publish","4":"has-post-thumbnail","6":"pwb-brand-equipo-medico-ge","7":"product_cat-maquinas-de-anestesia","8":"product_tag-e-caiov","9":"product_tag-ge-datex","10":"product_tag-ge-datex-e-caiov","11":"product_tag-ge-datex-ohmeda","12":"product_tag-ge-datex-ohmeda-e-caiov","14":"first","15":"instock","16":"shipping-taxable","17":"purchasable","18":"product-type-simple"},"acf":[],"brands":[{"id":1100,"name":"GE","slug":"equipo-medico-ge"}],"_links":{"self":[{"href":"https:\/\/www.somatechnology.com\/spanish\/wp-json\/wp\/v2\/product\/7880","targetHints":{"allow":["GET"]}}],"collection":[{"href":"https:\/\/www.somatechnology.com\/spanish\/wp-json\/wp\/v2\/product"}],"about":[{"href":"https:\/\/www.somatechnology.com\/spanish\/wp-json\/wp\/v2\/types\/product"}],"wp:featuredmedia":[{"embeddable":true,"href":"https:\/\/www.somatechnology.com\/spanish\/wp-json\/wp\/v2\/media\/7882"}],"wp:attachment":[{"href":"https:\/\/www.somatechnology.com\/spanish\/wp-json\/wp\/v2\/media?parent=7880"}],"wp:term":[{"taxonomy":"pwb-brand","embeddable":true,"href":"https:\/\/www.somatechnology.com\/spanish\/wp-json\/wp\/v2\/pwb-brand?post=7880"},{"taxonomy":"product_brand","embeddable":true,"href":"https:\/\/www.somatechnology.com\/spanish\/wp-json\/wp\/v2\/product_brand?post=7880"},{"taxonomy":"product_cat","embeddable":true,"href":"https:\/\/www.somatechnology.com\/spanish\/wp-json\/wp\/v2\/product_cat?post=7880"},{"taxonomy":"product_tag","embeddable":true,"href":"https:\/\/www.somatechnology.com\/spanish\/wp-json\/wp\/v2\/product_tag?post=7880"}],"curies":[{"name":"wp","href":"https:\/\/api.w.org\/{rel}","templated":true}]}}