{"id":7885,"date":"2018-01-29T14:43:14","date_gmt":"2018-01-29T14:43:14","guid":{"rendered":"https:\/\/www.somatechnology.com\/spanish\/?post_type=product&#038;p=7885"},"modified":"2025-12-11T05:03:40","modified_gmt":"2025-12-11T10:03:40","slug":"ge-carestation-620","status":"publish","type":"product","link":"https:\/\/www.somatechnology.com\/spanish\/equipo-medico-usado-remanufacturado\/maquinas-de-anestesia\/ge-carestation-620\/","title":{"rendered":"GE Carestation 620"},"content":{"rendered":"<div class=\"wpb-content-wrapper\"><p>[vc_row][vc_column][vc_column_text css=\u00bb\u00bb]<\/p>\n<h2><strong>GE Carestation 620 <\/strong><\/h2>\n<p>GE Carestation 620 es un sistema de anestesia compacto, vers\u00e1til y f\u00e1cil de usar, dise\u00f1ado para ayudar a los m\u00e9dicos a brindar un cuidado de anestesia confiable para resolver los desaf\u00edos m\u00e1s dif\u00edciles de la actualidad.<\/p>\n<ul>\n<li>Elegante dise\u00f1o moderno en un marco delgado y compacto muy adecuado para entornos restringidos<\/li>\n<li>Pantalla de ventilador de pantalla t\u00e1ctil simple y f\u00e1cil de usar de 15 \u00ab<\/li>\n<li>Interfaz de usuario intuitiva inspirada en CARESCAPE\u00a0 para la experiencia de usuario de Carestation unificada<\/li>\n<li>M\u00f3dulo respiratorio CARESCAPE integrado<\/li>\n<li>Herramientas de ahorro de tiempo para ayudar a agilizar la carga de trabajo cl\u00ednico<\/li>\n<li>Funciones escalables de software y hardware: \u00abcrea tu propio\u00bb Carestation<\/li>\n<li>La opci\u00f3n de visualizaci\u00f3n ecoFLOW puede ayudar a los m\u00e9dicos a mitigar el riesgo de mezclas hip\u00f3xicas al tiempo que ayuda a reducir el uso de agentes mediante el uso de flujos bajos y m\u00ednimos con monitoreo continuo de gases.<\/li>\n<\/ul>\n<h3>Especificaciones Fisicas<\/h3>\n<ul>\n<li>Dimensiones\n<ul>\n<li>Altura: 135 cm \/ 53.1 in<\/li>\n<li>Ancho: 82.5 cm \/ 32.4 in<\/li>\n<li>Profundidad: 75 cm \/ 29.5 in<\/li>\n<li>Peso: 145 kg \/ 320 lb<\/li>\n<\/ul>\n<\/li>\n<li>Estante superior\n<ul>\n<li>L\u00edmite de peso: 25 kg \/ 55 lb<\/li>\n<li>Ancho: 41.3 cm \/ 16.3 in<\/li>\n<li>Profundidad: 27.0 cm \/ 10.6 in<\/li>\n<\/ul>\n<\/li>\n<li>Superficie de trabajo\n<ul>\n<li>Altura: 83.6 cm \/ 32.9 in<\/li>\n<li>Tama\u00f1o: 1930 cm2 \/ 299 in2<\/li>\n<li>Tama\u00f1o: 2950 cm2 \/ 471 in2<\/li>\n<li>(con gabetas opcionales)<\/li>\n<\/ul>\n<\/li>\n<li>Parte superior izquierda de la cola de Datex-Ohmeda (DO)\n<ul>\n<li>Longitud de ajuste: 54 cm \/ 21.3 in<\/li>\n<\/ul>\n<\/li>\n<li>Parte inferior izquierda Doxtail Datex-Ohmeda (DO)\n<ul>\n<li>Longitud de ajuste: 28 cm \/ 11.0 in<\/li>\n<\/ul>\n<\/li>\n<li>Derecha Datex-Ohmeda (DO) ajuste<\/li>\n<li>Longitud de ajuste:\n<ul>\n<li>4 cm \/ 38.0 in<\/li>\n<\/ul>\n<\/li>\n<li>Cajones (dimensiones internas)<\/li>\n<li>Altura:<\/li>\n<li>Superior y medio: 8.6 cm \/ 3.4 in\n<ul>\n<li>Abajo: 13.3 cm \/ 5.2 in<\/li>\n<li>Ancho: 34 cm \/ 13 in<\/li>\n<li>Profundidad: 37 cm \/ 14.6 in<\/li>\n<\/ul>\n<\/li>\n<li>Brazo de la bolsa de ventilaci\u00f3n manual (opcional)<\/li>\n<li>Longitud del brazo: 39.8 cm \/ 15.7 in\n<ul>\n<li>Altura del brazo de la bolsa (ajustable): 53 cm \/ 20.9 in; 136 cm \/ 53.5 in<\/li>\n<\/ul>\n<\/li>\n<li>Ruedas\n<ul>\n<li>Di\u00e1metro: 12.5 cm \/ 4.9 in<\/li>\n<\/ul>\n<\/li>\n<li>Frenos: freno central<\/li>\n<\/ul>\n<p>[\/vc_column_text][\/vc_column][\/vc_row]<\/p>\n<\/div>","protected":false},"excerpt":{"rendered":"<p>[vc_row][vc_column][vc_column_text css=\u00bb\u00bb] GE Carestation 620 GE Carestation 620 es un sistema de anestesia compacto, vers\u00e1til y f\u00e1cil de usar, dise\u00f1ado para ayudar a los&#8230;<\/p>\n","protected":false},"featured_media":22296,"template":"","meta":{"_acf_changed":false,"_relevanssi_hide_post":"","_relevanssi_hide_content":"","_relevanssi_pin_for_all":"","_relevanssi_pin_keywords":"","_relevanssi_unpin_keywords":"","_relevanssi_related_keywords":"","_relevanssi_related_include_ids":"","_relevanssi_related_exclude_ids":"","_relevanssi_related_no_append":"","_relevanssi_related_not_related":"","_relevanssi_related_posts":"","_relevanssi_noindex_reason":"","inline_featured_image":false},"pwb-brand":[1100],"product_brand":[],"product_cat":[48],"product_tag":[462,459,464,224,463,461,460,4630],"class_list":{"0":"post-7885","1":"product","2":"type-product","3":"status-publish","4":"has-post-thumbnail","6":"pwb-brand-equipo-medico-ge","7":"product_cat-maquinas-de-anestesia","8":"product_tag-462","9":"product_tag-carestation","10":"product_tag-carestation-620","11":"product_tag-ge","12":"product_tag-ge-620","13":"product_tag-ge-carestation","14":"product_tag-ge-carestation-620","15":"product_tag-maquinas-de-anestesia-ge","17":"first","18":"instock","19":"shipping-taxable","20":"purchasable","21":"product-type-simple"},"acf":[],"brands":[{"id":1100,"name":"GE","slug":"equipo-medico-ge"}],"_links":{"self":[{"href":"https:\/\/www.somatechnology.com\/spanish\/wp-json\/wp\/v2\/product\/7885","targetHints":{"allow":["GET"]}}],"collection":[{"href":"https:\/\/www.somatechnology.com\/spanish\/wp-json\/wp\/v2\/product"}],"about":[{"href":"https:\/\/www.somatechnology.com\/spanish\/wp-json\/wp\/v2\/types\/product"}],"wp:featuredmedia":[{"embeddable":true,"href":"https:\/\/www.somatechnology.com\/spanish\/wp-json\/wp\/v2\/media\/22296"}],"wp:attachment":[{"href":"https:\/\/www.somatechnology.com\/spanish\/wp-json\/wp\/v2\/media?parent=7885"}],"wp:term":[{"taxonomy":"pwb-brand","embeddable":true,"href":"https:\/\/www.somatechnology.com\/spanish\/wp-json\/wp\/v2\/pwb-brand?post=7885"},{"taxonomy":"product_brand","embeddable":true,"href":"https:\/\/www.somatechnology.com\/spanish\/wp-json\/wp\/v2\/product_brand?post=7885"},{"taxonomy":"product_cat","embeddable":true,"href":"https:\/\/www.somatechnology.com\/spanish\/wp-json\/wp\/v2\/product_cat?post=7885"},{"taxonomy":"product_tag","embeddable":true,"href":"https:\/\/www.somatechnology.com\/spanish\/wp-json\/wp\/v2\/product_tag?post=7885"}],"curies":[{"name":"wp","href":"https:\/\/api.w.org\/{rel}","templated":true}]}}