{"id":7887,"date":"2018-01-29T15:16:45","date_gmt":"2018-01-29T15:16:45","guid":{"rendered":"https:\/\/www.somatechnology.com\/spanish\/?post_type=product&#038;p=7887"},"modified":"2025-08-07T12:06:35","modified_gmt":"2025-08-07T16:06:35","slug":"medtronic-biomedicus-560","status":"publish","type":"product","link":"https:\/\/www.somatechnology.com\/spanish\/equipo-medico-usado-remanufacturado\/cardiovascular\/maquinas-de-corazon-y-pulmon\/medtronic-biomedicus-560\/","title":{"rendered":"Medtronic Biomedicus 560 Centrifugal"},"content":{"rendered":"<h2>CARACTER\u00cdSTICAS DE MEDTRONIC BIO-CONSOLE 560<\/h2>\n<p>El controlador de velocidad <strong>Medtronic Bio-Console 560<\/strong> ofrece control y supervisi\u00f3n para las bombas de sangre centr\u00edfugas BPX-80 y Affinity CP. El dise\u00f1o ergon\u00f3mico de la bomba Bio-Console cuenta con un panel de control despejado y gr\u00e1ficos muy visibles. Esta bomba centr\u00edfuga es compatible con la mayor\u00eda de las consolas cardiopulmonares. El mando especial de control de las RPM avisa al operador de que se aproxima una condici\u00f3n de bajo flujo. El sistema total incluye el controlador de velocidad de la bomba Bio-Console 560 con pantalla t\u00e1ctil LED, el transductor de flujo para adultos TX50 y el motor de accionamiento externo 540T con conjunto de brazo ajustable.<\/p>\n<ul>\n<li>Mensajes de texto con c\u00f3digo de colores para el estado<\/li>\n<li>Tres temporizadores con cuenta atr\u00e1s o tiempo transcurrido.<\/li>\n<li>Dos sensores de nivel controlados independientemente se comunican con el controlador de la bomba<\/li>\n<li>La pantalla de flujo incluye el c\u00e1lculo del objetivo de flujo del \u00edndice card\u00edaco<\/li>\n<li>Respuestas de parada\/costa de la bomba seleccionables por el usuario<\/li>\n<li>El sistema de pinzamiento autom\u00e1tico de la l\u00ednea arterial ayuda a evitar el reflujo<\/li>\n<li>La arquitectura electr\u00f3nica actualizada proporciona mejoras funcionales adicionales.<\/li>\n<li>Utiliza el accionamiento remoto de la bomba para una colocaci\u00f3n \u00f3ptima<\/li>\n<\/ul>\n<h3>Accesorios Opcionales<\/h3>\n<ul>\n<li>M\u00f3dulo de control de temperatura Bio-Cal 370.<\/li>\n<li>Manivela de emergencia modelo 150.<\/li>\n<li>Mezclador de ox\u00edgeno de aire Sechrist.<\/li>\n<li>Sistema de temporizador de coagulaci\u00f3n automatizado ACT Plus de Medtronic.<\/li>\n<li>Carro\/gabinete para el sistema de derivaci\u00f3n protable (PBS).<\/li>\n<\/ul>\n","protected":false},"excerpt":{"rendered":"<p>El controlador de velocidad Medtronic Bio-Console 560 ofrece control y supervisi\u00f3n para las bombas de sangre centr\u00edfugas BPX-80 y Affinity CP. El dise\u00f1o ergon\u00f3mico de la bomba Bio-Console cuenta con un panel de control despejado y gr\u00e1ficos muy visibles. Esta bomba centr\u00edfuga es compatible con la mayor\u00eda de las consolas cardiopulmonares. El mando especial de control de las RPM avisa al operador de que se aproxima una condici\u00f3n de bajo flujo. El sistema total incluye el controlador de velocidad de la bomba Bio-Console 560 con pantalla t\u00e1ctil LED, el transductor de flujo para adultos TX50 y el motor de accionamiento externo 540T con conjunto de brazo ajustable.<\/p>\n","protected":false},"featured_media":20632,"template":"","meta":{"_acf_changed":false,"_relevanssi_hide_post":"","_relevanssi_hide_content":"","_relevanssi_pin_for_all":"","_relevanssi_pin_keywords":"","_relevanssi_unpin_keywords":"","_relevanssi_related_keywords":"","_relevanssi_related_include_ids":"","_relevanssi_related_exclude_ids":"","_relevanssi_related_no_append":"","_relevanssi_related_not_related":"","_relevanssi_related_posts":"","_relevanssi_noindex_reason":"","inline_featured_image":false},"pwb-brand":[1107],"product_brand":[],"product_cat":[78],"product_tag":[468,467,1067,4117,4116,466,471,4118],"class_list":{"0":"post-7887","1":"product","2":"type-product","3":"status-publish","4":"has-post-thumbnail","6":"pwb-brand-equipo-medico-medtronic","7":"product_cat-maquinas-de-corazon-y-pulmon","8":"product_tag-468","9":"product_tag-biomedicus","10":"product_tag-maquinas-de-corazon-y-pulmon","11":"product_tag-maquinas-de-corazon-y-pulmon-medtronic","12":"product_tag-maquinas-de-corazon-y-pulmon-medtronic-biomedicus-560","13":"product_tag-medtronic","14":"product_tag-medtronic-biomedicus","15":"product_tag-medtronic-biomedicus-560-maquinas-de-corazon-y-pulmon","17":"first","18":"instock","19":"featured","20":"shipping-taxable","21":"purchasable","22":"product-type-simple"},"acf":[],"brands":[{"id":1107,"name":"Medtronic","slug":"equipo-medico-medtronic"}],"_links":{"self":[{"href":"https:\/\/www.somatechnology.com\/spanish\/wp-json\/wp\/v2\/product\/7887","targetHints":{"allow":["GET"]}}],"collection":[{"href":"https:\/\/www.somatechnology.com\/spanish\/wp-json\/wp\/v2\/product"}],"about":[{"href":"https:\/\/www.somatechnology.com\/spanish\/wp-json\/wp\/v2\/types\/product"}],"wp:featuredmedia":[{"embeddable":true,"href":"https:\/\/www.somatechnology.com\/spanish\/wp-json\/wp\/v2\/media\/20632"}],"wp:attachment":[{"href":"https:\/\/www.somatechnology.com\/spanish\/wp-json\/wp\/v2\/media?parent=7887"}],"wp:term":[{"taxonomy":"pwb-brand","embeddable":true,"href":"https:\/\/www.somatechnology.com\/spanish\/wp-json\/wp\/v2\/pwb-brand?post=7887"},{"taxonomy":"product_brand","embeddable":true,"href":"https:\/\/www.somatechnology.com\/spanish\/wp-json\/wp\/v2\/product_brand?post=7887"},{"taxonomy":"product_cat","embeddable":true,"href":"https:\/\/www.somatechnology.com\/spanish\/wp-json\/wp\/v2\/product_cat?post=7887"},{"taxonomy":"product_tag","embeddable":true,"href":"https:\/\/www.somatechnology.com\/spanish\/wp-json\/wp\/v2\/product_tag?post=7887"}],"curies":[{"name":"wp","href":"https:\/\/api.w.org\/{rel}","templated":true}]}}