{"id":7897,"date":"2018-01-29T16:38:43","date_gmt":"2018-01-29T16:38:43","guid":{"rendered":"https:\/\/www.somatechnology.com\/spanish\/?post_type=product&#038;p=7897"},"modified":"2026-04-13T12:18:13","modified_gmt":"2026-04-13T16:18:13","slug":"ge-avance-cs2-anesthesia-machine","status":"publish","type":"product","link":"https:\/\/www.somatechnology.com\/spanish\/equipo-medico-usado-remanufacturado\/maquinas-de-anestesia\/ge-avance-cs2-anesthesia-machine\/","title":{"rendered":"GE Avance CS2"},"content":{"rendered":"<h2>CARACTER\u00cdSTICAS DE LA GE AVANCE CS2<\/h2>\n<p>La <a href=\"https:\/\/www.somatechnology.com\/spanish\/wp-content\/uploads\/sites\/2\/2018\/01\/GE-Avance-CS2-Anesthesia-Machine-spa.pdf\"><strong>Avance CS2<\/strong><\/a> se basa en los componentes de plataforma probados del Avance Carestation. La Avance CS2 cuenta con ecoFLOW, lo que la hace una Carestation totalmente integrada que combina la administraci\u00f3n de anestesia, la monitorizaci\u00f3n del paciente y la gesti\u00f3n de datos en un sistema innovador. Con una interfaz de usuario elegante y una tecnolog\u00eda de pantalla t\u00e1ctil intuitiva, la Avance CS2 agiliza la monitorizaci\u00f3n del paciente y la informaci\u00f3n sobre anestesia y ventilaci\u00f3n para los m\u00e9dicos en el punto de atenci\u00f3n, con el fin de garantizar una administraci\u00f3n precisa del agente y permitir una toma de decisiones cl\u00ednicas m\u00e1s r\u00e1pida. Con la tecnolog\u00eda ecoFLOW, los m\u00e9dicos pueden ajustar los niveles de ox\u00edgeno para ayudar a evitar tasas de flujo de gas innecesariamente altas, a la vez que proporcionan una gu\u00eda visual para ayudar a mantener la concentraci\u00f3n de ox\u00edgeno inspirado deseada. La Avance CS2 se utiliza en los hospitales una soluci\u00f3n ideal para el cuidado moderno del paciente que cumple con los m\u00e1s altos est\u00e1ndares de anestesia y soporte ventilatorio.<\/p>\n<ul>\n<li>Pantalla t\u00e1ctil m\u00f3vil de 15\u00bb con interfaz de usuario Carescape para una experiencia unificada con los monitores Carescape de GE.<\/li>\n<li>ecoFLOW proporciona informaci\u00f3n que puede ayudar a los cl\u00ednicos a mitigar el riesgo de mezclas hip\u00f3xicas durante el flujo bajo y m\u00ednimo.<\/li>\n<li>ecoFLOW para visualizar el consumo de agentes y ayudar a mitigar el derroche de flujo de gas fresco.<\/li>\n<li>Sistema \u00abQuick Picks\u00bb configurable por el usuario para la selecci\u00f3n r\u00e1pida de combinaciones de FiO2 y flujo total.<\/li>\n<li>Sistema de respiraci\u00f3n compacto dise\u00f1ado espec\u00edficamente para un flujo bajo que ayuda a proporcionar una cin\u00e9tica de gas r\u00e1pida para una entrada y una salida de gas r\u00e1pidas.<\/li>\n<li>Flujo de gas fresco continuo con compensaci\u00f3n del flujo de gas fresco durante la ventilaci\u00f3n mec\u00e1nica.<\/li>\n<li>Freno central.<\/li>\n<li>Rieles de montaje en el estante superior.<\/li>\n<li>Superficie de trabajo met\u00e1lica.<\/li>\n<\/ul>\n","protected":false},"excerpt":{"rendered":"<p>La GE Avance CS2 es un equipo de anestesia dise\u00f1ada para entornos cl\u00ednicos avanzados donde la precisi\u00f3n, la eficiencia y un flujo de trabajo intuitivo son esenciales. Dise\u00f1ada como una Carestation totalmente integrada, la CS2 integra la monitorizaci\u00f3n del paciente, la administraci\u00f3n de gases y la gesti\u00f3n de datos en un sistema optimizado con una interfaz de usuario intuitiva. La pantalla t\u00e1ctil a color de 15 pulgadas y su dise\u00f1o inteligente facilitan su uso, mientras que la tecnolog\u00eda ecoFLOW permite la anestesia de bajo flujo con gu\u00eda visual para minimizar el desperdicio de agente. Gracias a su dise\u00f1o compacto y sus opciones de configuraci\u00f3n personalizables, la Avance CS2 se adapta f\u00e1cilmente a una amplia gama de entornos quir\u00fargicos.<\/p>\n","protected":false},"featured_media":33629,"template":"","meta":{"_acf_changed":false,"_relevanssi_hide_post":"","_relevanssi_hide_content":"","_relevanssi_pin_for_all":"","_relevanssi_pin_keywords":"","_relevanssi_unpin_keywords":"","_relevanssi_related_keywords":"","_relevanssi_related_include_ids":"","_relevanssi_related_exclude_ids":"","_relevanssi_related_no_append":"","_relevanssi_related_not_related":"","_relevanssi_related_posts":"","_relevanssi_noindex_reason":"","inline_featured_image":false},"pwb-brand":[1100],"product_brand":[],"product_cat":[48],"product_tag":[4088,10898,10899,10900,224,488,489,9952,10428,10895,10896,3964,223,4630,10897],"class_list":{"0":"post-7897","1":"product","2":"type-product","3":"status-publish","4":"has-post-thumbnail","6":"pwb-brand-equipo-medico-ge","7":"product_cat-maquinas-de-anestesia","8":"product_tag-anestesia","9":"product_tag-avance","10":"product_tag-avance-cs2","11":"product_tag-cs2","12":"product_tag-ge","13":"product_tag-ge-avance","14":"product_tag-ge-avance-cs2","15":"product_tag-maquina","16":"product_tag-maquina-de-anestesia","17":"product_tag-maquina-de-anestesia-ge","18":"product_tag-maquina-de-anestesia-ge-avance","19":"product_tag-maquinas","20":"product_tag-maquinas-de-anestesia","21":"product_tag-maquinas-de-anestesia-ge","22":"product_tag-maquinas-de-anestesia-ge-avance","24":"first","25":"instock","26":"featured","27":"shipping-taxable","28":"purchasable","29":"product-type-simple"},"acf":[],"brands":[{"id":1100,"name":"GE","slug":"equipo-medico-ge"}],"_links":{"self":[{"href":"https:\/\/www.somatechnology.com\/spanish\/wp-json\/wp\/v2\/product\/7897","targetHints":{"allow":["GET"]}}],"collection":[{"href":"https:\/\/www.somatechnology.com\/spanish\/wp-json\/wp\/v2\/product"}],"about":[{"href":"https:\/\/www.somatechnology.com\/spanish\/wp-json\/wp\/v2\/types\/product"}],"wp:featuredmedia":[{"embeddable":true,"href":"https:\/\/www.somatechnology.com\/spanish\/wp-json\/wp\/v2\/media\/33629"}],"wp:attachment":[{"href":"https:\/\/www.somatechnology.com\/spanish\/wp-json\/wp\/v2\/media?parent=7897"}],"wp:term":[{"taxonomy":"pwb-brand","embeddable":true,"href":"https:\/\/www.somatechnology.com\/spanish\/wp-json\/wp\/v2\/pwb-brand?post=7897"},{"taxonomy":"product_brand","embeddable":true,"href":"https:\/\/www.somatechnology.com\/spanish\/wp-json\/wp\/v2\/product_brand?post=7897"},{"taxonomy":"product_cat","embeddable":true,"href":"https:\/\/www.somatechnology.com\/spanish\/wp-json\/wp\/v2\/product_cat?post=7897"},{"taxonomy":"product_tag","embeddable":true,"href":"https:\/\/www.somatechnology.com\/spanish\/wp-json\/wp\/v2\/product_tag?post=7897"}],"curies":[{"name":"wp","href":"https:\/\/api.w.org\/{rel}","templated":true}]}}