{"id":7899,"date":"2018-01-29T16:54:04","date_gmt":"2018-01-29T16:54:04","guid":{"rendered":"https:\/\/www.somatechnology.com\/spanish\/?post_type=product&#038;p=7899"},"modified":"2025-12-11T01:24:47","modified_gmt":"2025-12-11T06:24:47","slug":"mindray-a3-anesthesia-machine","status":"publish","type":"product","link":"https:\/\/www.somatechnology.com\/spanish\/equipo-medico-usado-remanufacturado\/maquinas-de-anestesia\/mindray-a3-anesthesia-machine\/","title":{"rendered":"Mindray A3 Anesthesia Machine"},"content":{"rendered":"<div class=\"wpb-content-wrapper\"><p>[vc_row][vc_column][vc_column_text css=\u00bb\u00bb]<\/p>\n<h2><strong>Mindray A3 <\/strong><\/h2>\n<p>El sistema de anestesia A3TM fusiona la simplicidad tradicional con la tecnolog\u00eda avanzada. Los profesionales de la anestesia de hoy en d\u00eda demandan formas intuitivas de ofrecer la tecnolog\u00eda que pueda proporcionar una mejor atenci\u00f3n al paciente. Con un enfoque en los modos de ventilaci\u00f3n clave, una gran pantalla f\u00e1cil de ver, control de pantalla t\u00e1ctil y eliminando men\u00fas, botones de ajuste y botones dedicados, el A3 promueve la utilizaci\u00f3n simple de sus caracter\u00edsticas de ventilaci\u00f3n clave. Experimenta la convergencia de valor y rendimiento<\/p>\n<ul>\n<li>Ventilaci\u00f3n de control de volumen (VCV)<\/li>\n<li>Ventilaci\u00f3n de control de presi\u00f3n (PCV)<\/li>\n<li>Soporte de presi\u00f3n (PS) ventilaci\u00f3n<\/li>\n<li>Sincronizado intermitente<\/li>\n<li>Ventilaci\u00f3n obligatoria con control de volumen (SIMV-VC)<\/li>\n<li>Modo de respiraci\u00f3n manual \/ espont\u00e1nea con capacidad de monitorizaci\u00f3n respiratoria<\/li>\n<li>15 \u00abinterfaz de usuario de pantalla t\u00e1ctil<\/li>\n<li>El sistema de respiraci\u00f3n se mantiene cerca de 35 \u00b0 C y pr\u00e1cticamente elimina la condensaci\u00f3n interna<\/li>\n<li>Los medidores de flujo de ox\u00edgeno \/ aire auxiliar entregan gas mezclado<\/li>\n<li>El cumplimiento autom\u00e1tico y la compensaci\u00f3n de gas fresco mantienen vol\u00famenes corrientes precisos con una amplia gama de flujos de gas fresco y circuitos de respiraci\u00f3n<\/li>\n<li>El econ\u00f3mico absorbedor de contenedor \u00fanico reduce el volumen compresible y acepta el absorbente de relleno suelto y empaquetado no patentado<\/li>\n<li>Iluminaci\u00f3n de cubierta con brillo ajustable<\/li>\n<li>Frenos de rueda individuales en las cuatro ruedas<\/li>\n<li>Disponible con monitor de paciente DPM opcional (se muestra)<\/li>\n<\/ul>\n<h3>Dimensiones<\/h3>\n<ul>\n<li>Tama\u00f1o: 55.1 in (40 cm) H, 41.3 in (105 cm) W, 31.7 in (80.5 cm) D<\/li>\n<li>Peso: (sin vaporizadores y cilindros de gas) 331 libras (150 kg)<\/li>\n<li>Peso del estante superior: l\u00edmite 88 lbs (40 kg)<\/li>\n<li>Ancho superior de la repisa: 24.2 pulgadas (61.6 cm)<\/li>\n<li>Profundidad de la repisa superior: 4.2 pulgadas (36.2 cm)<\/li>\n<li>Dimensiones de la superficie de trabajo: 33,4 pulgadas (88,5 cm) H, 24,2 pulgadas (61,6 cm) W, 15,1 pulgadas (38,5 cm)<\/li>\n<\/ul>\n<h3>Especificaciones neum\u00e1ticas<\/h3>\n<ul>\n<li>Requisitos de suministro de gas de tuber\u00eda<\/li>\n<li>O2: 40 psi &#8211; 87 psi (280 &#8211; 600 kPa)<\/li>\n<li>N20: 40 psi &#8211; 87 psi (280 &#8211; 600 kPa)<\/li>\n<li>Aire: 40 psi &#8211; 87 psi (280 &#8211; 600 kPa)<\/li>\n<\/ul>\n<h3>Conectores de suministro de gas de tuber\u00eda<\/h3>\n<ul>\n<li>\n<h3>Di\u00e1metro indexado (DISS) cuerpo roscado seg\u00fan CGA V-5<\/h3>\n<\/li>\n<\/ul>\n<h3>Especificaciones Electricas<\/h3>\n<p><strong>Energ\u00eda y bater\u00eda de respaldo<\/strong><\/p>\n<ul>\n<li>Fuente de alimentaci\u00f3n: 1000-0120 VAC 50\/60 Hz<\/li>\n<li>Entrada actual: 12A total m\u00e1ximo<\/li>\n<li>Consumo de energ\u00eda: Aprox. 200 VA<\/li>\n<li>Cable de alimentaci\u00f3n: cable de l\u00ednea<\/li>\n<\/ul>\n<p><strong>Bater\u00eda de respaldo<\/strong><\/p>\n<ul>\n<li>Tiempo de ejecuci\u00f3n: hasta aprox. 150 minutos con dos bater\u00edas<\/li>\n<li>Tiempo de carga de bater\u00eda de respaldo: 8 horas como m\u00e1ximo<\/li>\n<li>N\u00famero de salidas auxiliares y tipo de salidas Tres interruptores autom\u00e1ticos (3 A cada uno)<\/li>\n<\/ul>\n<p>[\/vc_column_text][\/vc_column][\/vc_row]<\/p>\n<\/div>","protected":false},"excerpt":{"rendered":"<p>M\u00e1quinas de Anestesia<\/p>\n","protected":false},"featured_media":12905,"template":"","meta":{"_acf_changed":false,"_relevanssi_hide_post":"","_relevanssi_hide_content":"","_relevanssi_pin_for_all":"","_relevanssi_pin_keywords":"","_relevanssi_unpin_keywords":"","_relevanssi_related_keywords":"","_relevanssi_related_include_ids":"","_relevanssi_related_exclude_ids":"","_relevanssi_related_no_append":"","_relevanssi_related_not_related":"","_relevanssi_related_posts":"","_relevanssi_noindex_reason":"","inline_featured_image":false},"pwb-brand":[1135],"product_brand":[],"product_cat":[48],"product_tag":[5837,223,6851,450,491,5839,5838],"class_list":{"0":"post-7899","1":"product","2":"type-product","3":"status-publish","4":"has-post-thumbnail","6":"pwb-brand-equipo-medico-mindray","7":"product_cat-maquinas-de-anestesia","8":"product_tag-a3","9":"product_tag-maquinas-de-anestesia","10":"product_tag-maquinas-de-anestesia-mindray","11":"product_tag-mindray","12":"product_tag-mindray-a3","13":"product_tag-mindray-a3-maquinas-de-anestesia","14":"product_tag-mindray-maquinas-de-anestesia","16":"first","17":"instock","18":"shipping-taxable","19":"purchasable","20":"product-type-simple"},"acf":[],"brands":[{"id":1135,"name":"Mindray","slug":"equipo-medico-mindray"}],"_links":{"self":[{"href":"https:\/\/www.somatechnology.com\/spanish\/wp-json\/wp\/v2\/product\/7899","targetHints":{"allow":["GET"]}}],"collection":[{"href":"https:\/\/www.somatechnology.com\/spanish\/wp-json\/wp\/v2\/product"}],"about":[{"href":"https:\/\/www.somatechnology.com\/spanish\/wp-json\/wp\/v2\/types\/product"}],"wp:featuredmedia":[{"embeddable":true,"href":"https:\/\/www.somatechnology.com\/spanish\/wp-json\/wp\/v2\/media\/12905"}],"wp:attachment":[{"href":"https:\/\/www.somatechnology.com\/spanish\/wp-json\/wp\/v2\/media?parent=7899"}],"wp:term":[{"taxonomy":"pwb-brand","embeddable":true,"href":"https:\/\/www.somatechnology.com\/spanish\/wp-json\/wp\/v2\/pwb-brand?post=7899"},{"taxonomy":"product_brand","embeddable":true,"href":"https:\/\/www.somatechnology.com\/spanish\/wp-json\/wp\/v2\/product_brand?post=7899"},{"taxonomy":"product_cat","embeddable":true,"href":"https:\/\/www.somatechnology.com\/spanish\/wp-json\/wp\/v2\/product_cat?post=7899"},{"taxonomy":"product_tag","embeddable":true,"href":"https:\/\/www.somatechnology.com\/spanish\/wp-json\/wp\/v2\/product_tag?post=7899"}],"curies":[{"name":"wp","href":"https:\/\/api.w.org\/{rel}","templated":true}]}}