{"id":7901,"date":"2018-01-29T16:59:20","date_gmt":"2018-01-29T16:59:20","guid":{"rendered":"https:\/\/www.somatechnology.com\/spanish\/?post_type=product&#038;p=7901"},"modified":"2023-08-23T06:20:37","modified_gmt":"2023-08-23T10:20:37","slug":"mindray-a7-anesthesia-machine","status":"publish","type":"product","link":"https:\/\/www.somatechnology.com\/spanish\/equipo-medico-usado-remanufacturado\/maquinas-de-anestesia\/mindray-a7-anesthesia-machine\/","title":{"rendered":"Mindray A7 Anesthesia Machine"},"content":{"rendered":"<h2><strong>Mindray A7 <\/strong><\/h2>\n<p>Los sistemas de entrega de anestesia Mindray A-Series lo ayudan a manejar desaf\u00edos complejos con un enfoque intuitivo, f\u00e1cil de usar, seguro y confiable para la administraci\u00f3n de anestesia. La nueva A7 Anesthesia Workstation lleva la popular serie A a un nivel superior. El A7, rico en funciones, combina la ventilaci\u00f3n tradicional impulsada por fuelles con tecnolog\u00eda electr\u00f3nica de gas fresco que proporciona una atenci\u00f3n eficaz en una amplia gama de pacientes.<\/p>\n<ul>\n<li>Flujo de gas electr\u00f3nico con ajustes f\u00e1cilmente personalizables y flujo directo o opciones de flujo total<\/li>\n<li>Teclas r\u00e1pidas para cambiar el flujo de O2<\/li>\n<li>El optimizador de flujo bajo proporciona una indicaci\u00f3n visual de la configuraci\u00f3n eficiente del flujo de gas fresco, apoya al paciente mientras reduce el costo y el gas residual<\/li>\n<li>La funci\u00f3n de c\u00e1lculo de uso del agente muestra la cantidad de agente utilizado con cada caso<\/li>\n<li>Cumplimiento autom\u00e1tico del sistema y compensaci\u00f3n de gas fresco<\/li>\n<li>Pantalla t\u00e1ctil LCD a color de 15 \u00abcon panel de control<\/li>\n<li>Conectividad HL7 para exportaci\u00f3n de datos AIMS y EMR<\/li>\n<\/ul>\n<h2>Especificaciones neum\u00e1ticas<\/h2>\n<p><strong>Requisitos de suministro de gas de tuber\u00eda<\/strong><\/p>\n<ul>\n<li>Rango de entrada de tuber\u00eda: O2, N2O, aire 280 &#8211; 600 kPa (40 psi &#8211; 87 psi)<\/li>\n<\/ul>\n<p><strong>Conectores de suministro de gas de tuber\u00eda<\/strong><\/p>\n<ul>\n<li>DISS cuerpo roscado seg\u00fan CGA V-5<\/li>\n<\/ul>\n<p><strong>Requisitos de suministro de gas del cilindro<\/strong><\/p>\n<ul>\n<li>Cilindro electr\u00f3nico de compatibilidad (O2, N2O, aire)<\/li>\n<\/ul>\n<p><strong>Conector de suministro de gas del cilindros<\/strong><\/p>\n<ul>\n<li>Pin indexado (PISS) por CGA V-1<\/li>\n<\/ul>\n<h3>Especificaciones Electricas<\/h3>\n<p><strong>Energ\u00eda y bater\u00eda de respaldo<\/strong><\/p>\n<ul>\n<li>Fuente de alimentaci\u00f3n: 100 &#8211; 120 VAC 50\/60 Hz<\/li>\n<li>Entrada actual: 12A total m\u00e1ximo<\/li>\n<li>Consumo de energ\u00eda: Aprox. 200 VA<\/li>\n<li>Cable de alimentaci\u00f3n: cable de l\u00ednea de grado hospitalario de 5 m (16 pies)<\/li>\n<\/ul>\n<p><strong>Energ\u00eda de la bater\u00eda de reserva<\/strong><\/p>\n<ul>\n<li>Tiempo de ejecuci\u00f3n Aprox. 90 minutos<\/li>\n<li>Tiempo de carga 8 horas m\u00e1ximo<\/li>\n<li>Salidas auxiliares<\/li>\n<li>N\u00famero y tipo de salidas Cuatro interruptores autom\u00e1ticos (3 A cada uno)<\/li>\n<\/ul>\n<h3>Especificaciones ambientales<\/h3>\n<ul>\n<li>Temperatura de funcionamiento: +10 &#8211; + 40 \u00b0 C (50 &#8211; 104 \u00b0 F)<\/li>\n<li>Temperatura de almacenamiento: -20 &#8211; + 60 \u00b0 C (-4 &#8211; 140 \u00b0 F)<\/li>\n<li>Humedad: 15 &#8211; 90% HR, sin condensaci\u00f3n (operaci\u00f3n y almacenamiento)<\/li>\n<\/ul>\n<h3>Dimensiones<\/h3>\n<ul>\n<li>Altura: 140 cm (55.1 in)<\/li>\n<li>Ancho: 105 cm (41.3 in)<\/li>\n<li>Profundidad: 80.5 cm (31.7 in)<\/li>\n<li>Peso: (sin vaporizadores y cilindros de gas) 185 kg (408 lbs)<\/li>\n<\/ul>\n","protected":false},"excerpt":{"rendered":"<p>Mindray A7 Los sistemas de entrega de anestesia Mindray A-Series lo ayudan a manejar desaf\u00edos complejos con un enfoque intuitivo, f\u00e1cil de usar, seguro&#8230;<\/p>\n","protected":false},"featured_media":7902,"template":"","meta":{"_acf_changed":false,"_relevanssi_hide_post":"","_relevanssi_hide_content":"","_relevanssi_pin_for_all":"","_relevanssi_pin_keywords":"","_relevanssi_unpin_keywords":"","_relevanssi_related_keywords":"","_relevanssi_related_include_ids":"","_relevanssi_related_exclude_ids":"","_relevanssi_related_no_append":"","_relevanssi_related_not_related":"","_relevanssi_related_posts":"","_relevanssi_noindex_reason":"","inline_featured_image":false},"pwb-brand":[1135],"product_brand":[],"product_cat":[48],"product_tag":[494,6851,450,493],"class_list":{"0":"post-7901","1":"product","2":"type-product","3":"status-publish","4":"has-post-thumbnail","6":"pwb-brand-equipo-medico-mindray","7":"product_cat-maquinas-de-anestesia","8":"product_tag-a7","9":"product_tag-maquinas-de-anestesia-mindray","10":"product_tag-mindray","11":"product_tag-mindray-a7","13":"first","14":"instock","15":"shipping-taxable","16":"purchasable","17":"product-type-simple"},"acf":[],"brands":[{"id":1135,"name":"Mindray","slug":"equipo-medico-mindray"}],"_links":{"self":[{"href":"https:\/\/www.somatechnology.com\/spanish\/wp-json\/wp\/v2\/product\/7901","targetHints":{"allow":["GET"]}}],"collection":[{"href":"https:\/\/www.somatechnology.com\/spanish\/wp-json\/wp\/v2\/product"}],"about":[{"href":"https:\/\/www.somatechnology.com\/spanish\/wp-json\/wp\/v2\/types\/product"}],"wp:featuredmedia":[{"embeddable":true,"href":"https:\/\/www.somatechnology.com\/spanish\/wp-json\/wp\/v2\/media\/7902"}],"wp:attachment":[{"href":"https:\/\/www.somatechnology.com\/spanish\/wp-json\/wp\/v2\/media?parent=7901"}],"wp:term":[{"taxonomy":"pwb-brand","embeddable":true,"href":"https:\/\/www.somatechnology.com\/spanish\/wp-json\/wp\/v2\/pwb-brand?post=7901"},{"taxonomy":"product_brand","embeddable":true,"href":"https:\/\/www.somatechnology.com\/spanish\/wp-json\/wp\/v2\/product_brand?post=7901"},{"taxonomy":"product_cat","embeddable":true,"href":"https:\/\/www.somatechnology.com\/spanish\/wp-json\/wp\/v2\/product_cat?post=7901"},{"taxonomy":"product_tag","embeddable":true,"href":"https:\/\/www.somatechnology.com\/spanish\/wp-json\/wp\/v2\/product_tag?post=7901"}],"curies":[{"name":"wp","href":"https:\/\/api.w.org\/{rel}","templated":true}]}}