{"id":7903,"date":"2018-01-29T17:07:07","date_gmt":"2018-01-29T17:07:07","guid":{"rendered":"https:\/\/www.somatechnology.com\/spanish\/?post_type=product&#038;p=7903"},"modified":"2025-12-11T03:56:54","modified_gmt":"2025-12-11T08:56:54","slug":"drager-perseus-a500","status":"publish","type":"product","link":"https:\/\/www.somatechnology.com\/spanish\/equipo-medico-usado-remanufacturado\/maquinas-de-anestesia\/drager-perseus-a500\/","title":{"rendered":"Drager Perseus A500"},"content":{"rendered":"<div class=\"wpb-content-wrapper\"><p>[vc_row][vc_column][vc_column_text css=\u00bb\u00bb]<\/p>\n<h2><strong>Dr\u00e4ger Perseus A500 <\/strong><\/h2>\n<p>La <a href=\"https:\/\/www.somatechnology.com\/wp-content\/uploads\/sites\/2\/2018\/01\/drager-perseus-a500-spa.pdf\">Drager Perseus A500<\/a> es una plataforma de anestesia avanzada que combina una tecnolog\u00eda de ventilaci\u00f3n probada con una ergonom\u00eda mejorada y una integraci\u00f3n perfecta del sistema. Dise\u00f1ado con el aporte de expertos globales, optimiza los flujos de trabajo de anestesia al mismo tiempo que proporciona un soporte de ventilaci\u00f3n de alta calidad en todas las situaciones de los pacientes. Su automatizaci\u00f3n de varias secuencias operativas, junto con las opciones de control manual, garantiza flexibilidad y precisi\u00f3n. Cuenta con un sistema de respiraci\u00f3n optimizado que permite una administraci\u00f3n r\u00e1pida de los cambios de concentraci\u00f3n de gas al paciente.<\/p>\n<ul>\n<li>Ventilaci\u00f3n avanzada en la sala de operaciones<\/li>\n<li>Ergonom\u00eda mejorada en el lugar de trabajo<\/li>\n<li>Soporte de flujo de trabajo flexible<\/li>\n<li>Herramientas de anestesia de flujo bajo y m\u00ednimo<\/li>\n<li>Dise\u00f1o galardonado<\/li>\n<\/ul>\n<p>&nbsp;<\/p>\n<div id=\"mttContainer\" class=\"notranslate\" style=\"transform: translate(116px, 105px);\" aria-expanded=\"false\"><\/div>\n<p>[\/vc_column_text][\/vc_column][\/vc_row]<\/p>\n<\/div>","protected":false},"excerpt":{"rendered":"<p>[vc_row][vc_column][vc_column_text css=\u00bb\u00bb] Dr\u00e4ger Perseus A500 La Drager Perseus A500 es una plataforma de anestesia avanzada que combina una tecnolog\u00eda de ventilaci\u00f3n probada con una&#8230;<\/p>\n","protected":false},"featured_media":31446,"template":"","meta":{"_acf_changed":false,"_relevanssi_hide_post":"","_relevanssi_hide_content":"","_relevanssi_pin_for_all":"","_relevanssi_pin_keywords":"","_relevanssi_unpin_keywords":"","_relevanssi_related_keywords":"","_relevanssi_related_include_ids":"","_relevanssi_related_exclude_ids":"","_relevanssi_related_no_append":"","_relevanssi_related_not_related":"","_relevanssi_related_posts":"","_relevanssi_noindex_reason":"","inline_featured_image":false},"pwb-brand":[1122],"product_brand":[],"product_cat":[48],"product_tag":[10429,4088,218,10431,10430,217,498,495,10428,223,497],"class_list":{"0":"post-7903","1":"product","2":"type-product","3":"status-publish","4":"has-post-thumbnail","6":"pwb-brand-equipo-medico-drager","7":"product_cat-maquinas-de-anestesia","8":"product_tag-a500","9":"product_tag-anestesia","10":"product_tag-draeger","11":"product_tag-draeger-perseus","12":"product_tag-draeger-perseus-a500","13":"product_tag-drager","14":"product_tag-drager-perseus","15":"product_tag-drager-perseus-a500","16":"product_tag-maquina-de-anestesia","17":"product_tag-maquinas-de-anestesia","18":"product_tag-perseus-a500","20":"first","21":"instock","22":"shipping-taxable","23":"purchasable","24":"product-type-simple"},"acf":[],"brands":[{"id":1122,"name":"Drager","slug":"equipo-medico-drager"}],"_links":{"self":[{"href":"https:\/\/www.somatechnology.com\/spanish\/wp-json\/wp\/v2\/product\/7903","targetHints":{"allow":["GET"]}}],"collection":[{"href":"https:\/\/www.somatechnology.com\/spanish\/wp-json\/wp\/v2\/product"}],"about":[{"href":"https:\/\/www.somatechnology.com\/spanish\/wp-json\/wp\/v2\/types\/product"}],"wp:featuredmedia":[{"embeddable":true,"href":"https:\/\/www.somatechnology.com\/spanish\/wp-json\/wp\/v2\/media\/31446"}],"wp:attachment":[{"href":"https:\/\/www.somatechnology.com\/spanish\/wp-json\/wp\/v2\/media?parent=7903"}],"wp:term":[{"taxonomy":"pwb-brand","embeddable":true,"href":"https:\/\/www.somatechnology.com\/spanish\/wp-json\/wp\/v2\/pwb-brand?post=7903"},{"taxonomy":"product_brand","embeddable":true,"href":"https:\/\/www.somatechnology.com\/spanish\/wp-json\/wp\/v2\/product_brand?post=7903"},{"taxonomy":"product_cat","embeddable":true,"href":"https:\/\/www.somatechnology.com\/spanish\/wp-json\/wp\/v2\/product_cat?post=7903"},{"taxonomy":"product_tag","embeddable":true,"href":"https:\/\/www.somatechnology.com\/spanish\/wp-json\/wp\/v2\/product_tag?post=7903"}],"curies":[{"name":"wp","href":"https:\/\/api.w.org\/{rel}","templated":true}]}}