{"id":7910,"date":"2018-01-29T17:45:14","date_gmt":"2018-01-29T17:45:14","guid":{"rendered":"https:\/\/www.somatechnology.com\/spanish\/?post_type=product&#038;p=7910"},"modified":"2023-08-23T06:20:41","modified_gmt":"2023-08-23T10:20:41","slug":"drager-vapor-2000-isoflurane","status":"publish","type":"product","link":"https:\/\/www.somatechnology.com\/spanish\/equipo-medico-usado-remanufacturado\/vaporizadores-de-anestesia\/drager-vapor-2000-isoflurane\/","title":{"rendered":"Drager Vapor 2000 Isoflurane"},"content":{"rendered":"<h2>Caracter\u00edsticas del\u00a0<strong>Dr\u00e4ger Vapor 2000 Isoflurane<\/strong><\/h2>\n<p><strong>El Dr\u00e4ger Vapor 2000 es<\/strong> un vaporizador para agentes anest\u00e9sicos vol\u00e1tiles con un rendimiento insuperable. Originalmente desarrollado para los requisitos extremos de las unidades quir\u00fargicas del ej\u00e9rcito m\u00f3vil, estas exigentes especificaciones ambientales benefician la rutina cl\u00ednica diaria normal en anestesia.<\/p>\n<p>El Vapor 2000 proporciona f\u00e1cilmente la alta concentraci\u00f3n de dosificaci\u00f3n requerida para lograr los tiempos de lavado m\u00e1s cortos posibles durante la inducci\u00f3n. Adem\u00e1s, el dinamismo inigualable de sus rangos de flujo y concentraci\u00f3n significa que el Vapor 2000 cumple sin esfuerzo las demandas de un r\u00e9gimen de flujo m\u00ednimo. El rango de temperatura extendido de 10 &#8211; 40 \u00b0 C permite controlar satisfactoriamente la precisi\u00f3n de la concentraci\u00f3n incluso en condiciones operativas extremas. Se requiere una alta concentraci\u00f3n de dosificaci\u00f3n.<\/p>\n<p>El Vapor 2000 es un componente de sistemas flexibles de dise\u00f1o perfecto con un dise\u00f1o ultraflexible que significa que se adapta sin problemas al moderno sistema de anestesia. Adem\u00e1s del sistema plugin Dr\u00e4ger Medical DW-2000, el montaje fijo y el sistema enchufable compatible con Selectatec\u00ae * S-2000\u00ae est\u00e1n disponibles con los respectivos sistemas de interbloqueo para operaciones con m\u00faltiples vaporizadores. Vapor 2000 \/ D-Vapor tambi\u00e9n es adecuado para todos los modelos equipados con un conector c\u00f3nico ISO 23 mm tambi\u00e9n. Para lograr los tiempos de lavado m\u00e1s cortos posibles durante la inducci\u00f3n.<\/p>\n<h2>Especificaciones del\u00a0<strong>Dr\u00e4ger Vapor 2000 Isoflurane<\/strong><\/h2>\n<h3>Dimensiones<\/h3>\n<ul>\n<li>Altura: 9.9 \u00ab<\/li>\n<li>Ancho: 9.3 \u00ab<\/li>\n<li>Profundidad: 4.3 \u00ab<\/li>\n<li>Peso: 20 lbs<\/li>\n<\/ul>\n<h3>Nivel de concentraci\u00f3n<\/h3>\n<ul>\n<li>Halotano 0.2 a 6%<\/li>\n<li>Isoflurano 0.2 a 6%<\/li>\n<li>Enflurano 0.2 a 8%<\/li>\n<li>Sevoflurano 0.2 a 8%<\/li>\n<\/ul>\n<h3>Nivel de Temperatura<\/h3>\n<ul>\n<li>Temperatura ambiente y de vapor<\/li>\n<\/ul>\n<h3>Niveles de flujo<\/h3>\n<ul>\n<li>25 a 15 L \/ min para concentraciones&gt; 5 vol. %<\/li>\n<li>25 a 10 L \/ min<\/li>\n<\/ul>\n<h3>Volumen de llenado para agente anest\u00e9sico<\/h3>\n<ul>\n<li>Aproximadamente 360 \u200b\u200bml con mecha seca Aproximadamente 260 ml entre la marca m\u00ednima y m\u00e1xima<\/li>\n<li>Alrededor de 300 ml con mecha h\u00fameda<\/li>\n<\/ul>\n<h3>\u00c1ngulo m\u00e1ximo de inclinaci\u00f3n<\/h3>\n<ul>\n<li>During operation 30\u00b0<\/li>\n<\/ul>\n<h3>Est\u00e1ndares<\/h3>\n<ul>\n<li>EN 740<\/li>\n<li>ISO 5358<\/li>\n<li>DIN 13252<\/li>\n<li>ISO 8835 (1997)<\/li>\n<li>ASTM F1161<\/li>\n<li>93\/42\/EEC Medical Device<\/li>\n<\/ul>\n<p>&nbsp;<\/p>\n","protected":false},"excerpt":{"rendered":"<p>Vaporizadores de Anestesia<\/p>\n","protected":false},"featured_media":7911,"template":"","meta":{"_acf_changed":false,"_relevanssi_hide_post":"","_relevanssi_hide_content":"","_relevanssi_pin_for_all":"","_relevanssi_pin_keywords":"","_relevanssi_unpin_keywords":"","_relevanssi_related_keywords":"","_relevanssi_related_include_ids":"","_relevanssi_related_exclude_ids":"","_relevanssi_related_no_append":"","_relevanssi_related_not_related":"","_relevanssi_related_posts":"","_relevanssi_noindex_reason":"","inline_featured_image":false},"pwb-brand":[1122],"product_brand":[],"product_cat":[62],"product_tag":[217,513,511,512,516,514,515],"class_list":{"0":"post-7910","1":"product","2":"type-product","3":"status-publish","4":"has-post-thumbnail","6":"pwb-brand-equipo-medico-drager","7":"product_cat-vaporizadores-de-anestesia","8":"product_tag-drager","9":"product_tag-drager-vapor","10":"product_tag-drager-vapor-2000-isoflurane","11":"product_tag-drager-vapor-isoflurane","12":"product_tag-isoflurane","13":"product_tag-vapor","14":"product_tag-vapor-2000-isoflurane","16":"first","17":"instock","18":"shipping-taxable","19":"purchasable","20":"product-type-simple"},"acf":[],"brands":[{"id":1122,"name":"Drager","slug":"equipo-medico-drager"}],"_links":{"self":[{"href":"https:\/\/www.somatechnology.com\/spanish\/wp-json\/wp\/v2\/product\/7910","targetHints":{"allow":["GET"]}}],"collection":[{"href":"https:\/\/www.somatechnology.com\/spanish\/wp-json\/wp\/v2\/product"}],"about":[{"href":"https:\/\/www.somatechnology.com\/spanish\/wp-json\/wp\/v2\/types\/product"}],"wp:featuredmedia":[{"embeddable":true,"href":"https:\/\/www.somatechnology.com\/spanish\/wp-json\/wp\/v2\/media\/7911"}],"wp:attachment":[{"href":"https:\/\/www.somatechnology.com\/spanish\/wp-json\/wp\/v2\/media?parent=7910"}],"wp:term":[{"taxonomy":"pwb-brand","embeddable":true,"href":"https:\/\/www.somatechnology.com\/spanish\/wp-json\/wp\/v2\/pwb-brand?post=7910"},{"taxonomy":"product_brand","embeddable":true,"href":"https:\/\/www.somatechnology.com\/spanish\/wp-json\/wp\/v2\/product_brand?post=7910"},{"taxonomy":"product_cat","embeddable":true,"href":"https:\/\/www.somatechnology.com\/spanish\/wp-json\/wp\/v2\/product_cat?post=7910"},{"taxonomy":"product_tag","embeddable":true,"href":"https:\/\/www.somatechnology.com\/spanish\/wp-json\/wp\/v2\/product_tag?post=7910"}],"curies":[{"name":"wp","href":"https:\/\/api.w.org\/{rel}","templated":true}]}}