{"id":7918,"date":"2018-01-29T19:57:47","date_gmt":"2018-01-29T19:57:47","guid":{"rendered":"https:\/\/www.somatechnology.com\/spanish\/?post_type=product&#038;p=7918"},"modified":"2025-06-26T10:35:46","modified_gmt":"2025-06-26T14:35:46","slug":"reliance-444-series-washer","status":"publish","type":"product","link":"https:\/\/www.somatechnology.com\/spanish\/equipo-medico-usado-remanufacturado\/autoclaves-esterilizadores\/reliance-444-series-washer\/","title":{"rendered":"Steris Reliance 444 Series Washer"},"content":{"rendered":"<h2><strong>Reliance 444 Washer<\/strong><\/h2>\n<p>La lavadora \/ desinfectadora de una sola c\u00e1mara Reliance 444, una lavadora \/ desinfectadora mec\u00e1nica, est\u00e1 equipada con un sistema de control Eagle\u00ae 3000 Stage 3TM. La lavadora \/ desinfectadora est\u00e1 dise\u00f1ada con siete ciclos establecidos de f\u00e1brica: Instrumentos, Cortes, Utensilios, Cristaler\u00eda, Art\u00edculos de pl\u00e1stico, Anestesia \/ Productos respiratorios y Descontaminaci\u00f3n. Hay tres ciclos adicionales disponibles para que la programaci\u00f3n personalizada cumpla con los requisitos operativos espec\u00edficos. Cada ciclo preprogramado est\u00e1 equipado con fases de prelavado, lavado, enjuague y enjuague t\u00e9rmico (incluida la fase de enfriamiento de descarga de drenaje). La lavadora \/ desinfectadora est\u00e1 construida con dise\u00f1o s\u00edsmico e incluye un sistema de ventilaci\u00f3n y una luz de c\u00e1mara interior. La lavadora \/ desinfectadora ofrece lavado m\u00faltiple y no m\u00faltiple y una puerta corredera vertical el\u00e9ctrica, en una configuraci\u00f3n de puerta \u00fanica o doble.<\/p>\n<h3>Informaci\u00f3n General<\/h3>\n<ul>\n<li>La (s) compuerta (s) vertical (es) deslizante (s) est\u00e1 (n) construida (s) con vidrio templado tintado con molduras de acero inoxidable para permitir al operador ver la c\u00e1mara con la puerta cerrada. Mientras un ciclo est\u00e1 en progreso, la puerta de vidrio permanece fr\u00eda al tacto.<\/li>\n<li>La (s) puerta (s) corrediza (s) est\u00e1 (n) configurada (s) para el funcionamiento el\u00e9ctrico de la puerta<\/li>\n<li>La puerta se abre y cierra autom\u00e1ticamente usando las almohadillas t\u00e1ctiles en el panel de control, ubicadas en el mismo lado de la lavadora \/ desinfectadora a medida que se opera la puerta.<\/li>\n<li>Cada puerta de poder incluye un sensor de seguridad para retraer la puerta si se detecta una obstrucci\u00f3n en la entrada. Si ocurre una falla de energ\u00eda, la (s) puerta (s) se pueden abrir manualmente.<\/li>\n<li>Si se solicitan puertas de doble motor, se proporciona una funci\u00f3n de interbloqueo de puertas para ayudar a prevenir la contaminaci\u00f3n cruzada.<\/li>\n<li>La bomba de acero inoxidable funciona con un motor de doble velocidad.<\/li>\n<li>La alta velocidad de la bomba proporciona la capacidad equivalente de un motor de 7.5 HP (5.6kW), 240 U.S. gal.\/min a 70 pies (910 L \/ min a 21.3 m) de presi\u00f3n de la cabeza. La baja velocidad de la bomba proporciona la capacidad equivalente de 2 HP (1,4 kW)<\/li>\n<\/ul>\n<p>&nbsp;<\/p>\n","protected":false},"excerpt":{"rendered":"<p>La lavadora \/ desinfectadora de una sola c\u00e1mara Reliance 444, una lavadora \/ desinfectadora mec\u00e1nica, est\u00e1 equipada con un sistema de control Eagle\u00ae 3000 Stage 3TM. La lavadora \/ desinfectadora est\u00e1 dise\u00f1ada con siete ciclos establecidos de f\u00e1brica: Instrumentos, Cortes, Utensilios, Cristaler\u00eda, Art\u00edculos de pl\u00e1stico, Anestesia \/ Productos respiratorios y Descontaminaci\u00f3n. Hay tres ciclos adicionales disponibles para que la programaci\u00f3n personalizada cumpla con los requisitos operativos espec\u00edficos. Cada ciclo preprogramado est\u00e1 equipado con fases de prelavado, lavado, enjuague y enjuague t\u00e9rmico (incluida la fase de enfriamiento de descarga de drenaje). La lavadora \/ desinfectadora est\u00e1 construida con dise\u00f1o s\u00edsmico e incluye un sistema de ventilaci\u00f3n y una luz de c\u00e1mara interior. La lavadora \/ desinfectadora ofrece lavado m\u00faltiple y no m\u00faltiple y una puerta corredera vertical el\u00e9ctrica, en una configuraci\u00f3n de puerta \u00fanica o doble.<\/p>\n","protected":false},"featured_media":7919,"template":"","meta":{"_acf_changed":false,"_relevanssi_hide_post":"","_relevanssi_hide_content":"","_relevanssi_pin_for_all":"","_relevanssi_pin_keywords":"","_relevanssi_unpin_keywords":"","_relevanssi_related_keywords":"","_relevanssi_related_include_ids":"","_relevanssi_related_exclude_ids":"","_relevanssi_related_no_append":"","_relevanssi_related_not_related":"","_relevanssi_related_posts":"","_relevanssi_noindex_reason":"","inline_featured_image":false},"pwb-brand":[1149],"product_brand":[],"product_cat":[61],"product_tag":[535,534,533],"class_list":{"0":"post-7918","1":"product","2":"type-product","3":"status-publish","4":"has-post-thumbnail","6":"pwb-brand-equipo-medico-steris","7":"product_cat-autoclaves-esterilizadores","8":"product_tag-535","9":"product_tag-reliance","10":"product_tag-reliance-444","12":"first","13":"instock","14":"shipping-taxable","15":"purchasable","16":"product-type-simple"},"acf":[],"brands":[{"id":1149,"name":"Steris","slug":"equipo-medico-steris"}],"_links":{"self":[{"href":"https:\/\/www.somatechnology.com\/spanish\/wp-json\/wp\/v2\/product\/7918","targetHints":{"allow":["GET"]}}],"collection":[{"href":"https:\/\/www.somatechnology.com\/spanish\/wp-json\/wp\/v2\/product"}],"about":[{"href":"https:\/\/www.somatechnology.com\/spanish\/wp-json\/wp\/v2\/types\/product"}],"wp:featuredmedia":[{"embeddable":true,"href":"https:\/\/www.somatechnology.com\/spanish\/wp-json\/wp\/v2\/media\/7919"}],"wp:attachment":[{"href":"https:\/\/www.somatechnology.com\/spanish\/wp-json\/wp\/v2\/media?parent=7918"}],"wp:term":[{"taxonomy":"pwb-brand","embeddable":true,"href":"https:\/\/www.somatechnology.com\/spanish\/wp-json\/wp\/v2\/pwb-brand?post=7918"},{"taxonomy":"product_brand","embeddable":true,"href":"https:\/\/www.somatechnology.com\/spanish\/wp-json\/wp\/v2\/product_brand?post=7918"},{"taxonomy":"product_cat","embeddable":true,"href":"https:\/\/www.somatechnology.com\/spanish\/wp-json\/wp\/v2\/product_cat?post=7918"},{"taxonomy":"product_tag","embeddable":true,"href":"https:\/\/www.somatechnology.com\/spanish\/wp-json\/wp\/v2\/product_tag?post=7918"}],"curies":[{"name":"wp","href":"https:\/\/api.w.org\/{rel}","templated":true}]}}