{"id":7920,"date":"2018-01-29T21:10:59","date_gmt":"2018-01-29T21:10:59","guid":{"rendered":"https:\/\/www.somatechnology.com\/spanish\/?post_type=product&#038;p=7920"},"modified":"2025-06-26T10:35:36","modified_gmt":"2025-06-26T14:35:36","slug":"medivators-scope-buddy","status":"publish","type":"product","link":"https:\/\/www.somatechnology.com\/spanish\/equipo-medico-usado-remanufacturado\/autoclaves-esterilizadores\/medivators-scope-buddy\/","title":{"rendered":"Medivators Scope Buddy"},"content":{"rendered":"<h2><strong>Medivators Scope Buddy<\/strong><\/h2>\n<p>Medivators Scope Buddy Endoscope Flushing Aid reduce el riesgo de lesiones por movimientos repetitivos al proporcionar un enjuague continuo con canales de manos libres. Una simple operaci\u00f3n de un solo toque para entregar fluidos r\u00e1pida y silenciosamente a los canales del endoscopio. Compatible con todos los endoscopios flexibles. Enjuaga completamente la mayor\u00eda de los endoscopios en 35 segundos.<\/p>\n<ul>\n<li>Reemplaza la inyecci\u00f3n repetitiva y laboriosa de canales.<\/li>\n<li>La operaci\u00f3n manos libres reduce la fatiga muscular.<\/li>\n<li>Operaci\u00f3n simple con un bot\u00f3n.<\/li>\n<li>Proporciona suministro constante de fluido a trav\u00e9s de todos los canales del endoscopio.<\/li>\n<li>Enjuaga completamente la mayor\u00eda de los endoscopios en 35 segundos.<\/li>\n<li>Vac\u00eda m\u00faltiples canales de endoscopio simult\u00e1neamente.<\/li>\n<li>Entrega r\u00e1pida y silenciosamente fluidos a trav\u00e9s de los canales del endoscopio.<\/li>\n<li>La administraci\u00f3n continua y programada de fluidos asegura un lavado consistente y repetible del endoscopio.<\/li>\n<li>Alertas audibles y visuales al finalizar.<\/li>\n<li>Compatible con todos los endoscopios flexibles, ultrasonido y aquellos con canales de cable.<\/li>\n<\/ul>\n<h3>Especificaciones f\u00edsicas<\/h3>\n<ul>\n<li>5 \u00abde alto x 6\u00bb de ancho x 8 \u00abde profundidad<\/li>\n<li>Peso &#8211; 10 lbs<\/li>\n<li>Requisitos el\u00e9ctricos: 110 &#8211; 230 V, 50\/60 Hz<\/li>\n<li>Fluid Delivery Rate: 1 litro \/ minuto<\/li>\n<li>Tiempo de lavado: 0 &#8211; 99 minutos<\/li>\n<\/ul>\n<h3>Indicador de finalizaci\u00f3n del ciclo<\/h3>\n<ul>\n<li>Alertas audibles y visuales.<\/li>\n<\/ul>\n<h3>Certificaciones de seguridad el\u00e9ctrica<\/h3>\n<ul>\n<li>Est\u00e1ndar UL 61010-1<\/li>\n<li>CANAD\u00c1 \/ EE.UU. C22.2 No. 61010-1<\/li>\n<li>ETL y cETL enumerados<\/li>\n<\/ul>\n<h3>Ubicaci\u00f3n de unidad<\/h3>\n<ul>\n<li>Encimera o montaje en la pared(soporte incluido)<\/li>\n<\/ul>\n<h3>Control de Tiempo<\/h3>\n<ul>\n<li>Pantalla digital con controles t\u00e1ctiles<\/li>\n<\/ul>\n<p>&nbsp;<\/p>\n","protected":false},"excerpt":{"rendered":"<p>Medivators Scope Buddy Endoscope Flushing Aid reduce el riesgo de lesiones por movimientos repetitivos al proporcionar un enjuague continuo con canales de manos libres. Una simple operaci\u00f3n de un solo toque para entregar fluidos r\u00e1pida y silenciosamente a los canales del endoscopio. Compatible con todos los endoscopios flexibles. Enjuaga completamente la mayor\u00eda de los endoscopios en 35 segundos.<\/p>\n","protected":false},"featured_media":7922,"template":"","meta":{"_acf_changed":false,"_relevanssi_hide_post":"","_relevanssi_hide_content":"","_relevanssi_pin_for_all":"","_relevanssi_pin_keywords":"","_relevanssi_unpin_keywords":"","_relevanssi_related_keywords":"","_relevanssi_related_include_ids":"","_relevanssi_related_exclude_ids":"","_relevanssi_related_no_append":"","_relevanssi_related_not_related":"","_relevanssi_related_posts":"","_relevanssi_noindex_reason":"","inline_featured_image":false},"pwb-brand":[1154],"product_brand":[],"product_cat":[61],"product_tag":[537,538,536,539],"class_list":{"0":"post-7920","1":"product","2":"type-product","3":"status-publish","4":"has-post-thumbnail","6":"pwb-brand-autoclaves-esterilizadores-medivators","7":"product_cat-autoclaves-esterilizadores","8":"product_tag-medivators","9":"product_tag-medivators-scope","10":"product_tag-medivators-scope-buddy","11":"product_tag-scope-buddy","13":"first","14":"instock","15":"shipping-taxable","16":"purchasable","17":"product-type-simple"},"acf":[],"brands":[{"id":1154,"name":"Medivators","slug":"autoclaves-esterilizadores-medivators"}],"_links":{"self":[{"href":"https:\/\/www.somatechnology.com\/spanish\/wp-json\/wp\/v2\/product\/7920","targetHints":{"allow":["GET"]}}],"collection":[{"href":"https:\/\/www.somatechnology.com\/spanish\/wp-json\/wp\/v2\/product"}],"about":[{"href":"https:\/\/www.somatechnology.com\/spanish\/wp-json\/wp\/v2\/types\/product"}],"wp:featuredmedia":[{"embeddable":true,"href":"https:\/\/www.somatechnology.com\/spanish\/wp-json\/wp\/v2\/media\/7922"}],"wp:attachment":[{"href":"https:\/\/www.somatechnology.com\/spanish\/wp-json\/wp\/v2\/media?parent=7920"}],"wp:term":[{"taxonomy":"pwb-brand","embeddable":true,"href":"https:\/\/www.somatechnology.com\/spanish\/wp-json\/wp\/v2\/pwb-brand?post=7920"},{"taxonomy":"product_brand","embeddable":true,"href":"https:\/\/www.somatechnology.com\/spanish\/wp-json\/wp\/v2\/product_brand?post=7920"},{"taxonomy":"product_cat","embeddable":true,"href":"https:\/\/www.somatechnology.com\/spanish\/wp-json\/wp\/v2\/product_cat?post=7920"},{"taxonomy":"product_tag","embeddable":true,"href":"https:\/\/www.somatechnology.com\/spanish\/wp-json\/wp\/v2\/product_tag?post=7920"}],"curies":[{"name":"wp","href":"https:\/\/api.w.org\/{rel}","templated":true}]}}