{"id":7925,"date":"2018-01-29T21:26:16","date_gmt":"2018-01-29T21:26:16","guid":{"rendered":"https:\/\/www.somatechnology.com\/spanish\/?post_type=product&#038;p=7925"},"modified":"2025-09-23T11:06:03","modified_gmt":"2025-09-23T15:06:03","slug":"steris-amsco-5052","status":"publish","type":"product","link":"https:\/\/www.somatechnology.com\/spanish\/equipo-medico-usado-remanufacturado\/autoclaves-esterilizadores\/steris-amsco-5052\/","title":{"rendered":"Steris Amsco 5052"},"content":{"rendered":"<h2><strong>Steris Amsco 5052 <\/strong><\/h2>\n<p>La lavadora \/ desinfectadora de una sola c\u00e1mara AMSCO 5052 est\u00e1 dise\u00f1ada para su uso en la limpieza y desinfecci\u00f3n de nivel intermedio de utensilios, bandejas, cu\u00f1as y urinarios reutilizables sucios. Tambi\u00e9n se puede utilizar para art\u00edculos de caucho y pl\u00e1stico, instrumentos quir\u00fargicos r\u00edgidos simples de superficie dura (como pinzas y abrazaderas) y otros art\u00edculos similares y relacionados que se encuentran en centros de salud.<\/p>\n<ul>\n<li>Sistema de control por microprocesador con pantalla t\u00e1ctil a color<\/li>\n<li>Sistema de advertencia audible<\/li>\n<li>Ahorro de espacio, puertas correderas verticales el\u00e9ctricas<\/li>\n<li>Ocho ciclos cargados de f\u00e1brica. Cada ciclo es efectivo, r\u00e1pido y energ\u00e9ticamente eficiente. Cada ciclo se puede personalizar (dentro del rango permitido de par\u00e1metros) para cumplir con los requisitos operativos espec\u00edficos<\/li>\n<li>Iluminaci\u00f3n de c\u00e1mara con luz LED de alta eficiencia energ\u00e9tica<\/li>\n<li>Cumple con los requisitos del c\u00f3digo de construcci\u00f3n s\u00edsmica<\/li>\n<\/ul>\n","protected":false},"excerpt":{"rendered":"<p>La lavadora \/ desinfectadora de una sola c\u00e1mara AMSCO 5052 est\u00e1 dise\u00f1ada para su uso en la limpieza y desinfecci\u00f3n de nivel intermedio de utensilios, bandejas, cu\u00f1as y urinarios reutilizables sucios. Tambi\u00e9n se puede utilizar para art\u00edculos de caucho y pl\u00e1stico, instrumentos quir\u00fargicos r\u00edgidos simples de superficie dura (como pinzas y abrazaderas) y otros art\u00edculos similares y relacionados que se encuentran en centros de salud.<\/p>\n","protected":false},"featured_media":7926,"template":"","meta":{"_acf_changed":false,"_relevanssi_hide_post":"","_relevanssi_hide_content":"","_relevanssi_pin_for_all":"","_relevanssi_pin_keywords":"","_relevanssi_unpin_keywords":"","_relevanssi_related_keywords":"","_relevanssi_related_include_ids":"","_relevanssi_related_exclude_ids":"","_relevanssi_related_no_append":"","_relevanssi_related_not_related":"","_relevanssi_related_posts":"","_relevanssi_noindex_reason":"","inline_featured_image":false},"pwb-brand":[1149],"product_brand":[],"product_cat":[61],"product_tag":[545,544,543,542],"class_list":{"0":"post-7925","1":"product","2":"type-product","3":"status-publish","4":"has-post-thumbnail","6":"pwb-brand-equipo-medico-steris","7":"product_cat-autoclaves-esterilizadores","8":"product_tag-545","9":"product_tag-amsco","10":"product_tag-steris","11":"product_tag-steris-amsco-5052","13":"first","14":"instock","15":"shipping-taxable","16":"purchasable","17":"product-type-simple"},"acf":[],"brands":[{"id":1149,"name":"Steris","slug":"equipo-medico-steris"}],"_links":{"self":[{"href":"https:\/\/www.somatechnology.com\/spanish\/wp-json\/wp\/v2\/product\/7925","targetHints":{"allow":["GET"]}}],"collection":[{"href":"https:\/\/www.somatechnology.com\/spanish\/wp-json\/wp\/v2\/product"}],"about":[{"href":"https:\/\/www.somatechnology.com\/spanish\/wp-json\/wp\/v2\/types\/product"}],"wp:featuredmedia":[{"embeddable":true,"href":"https:\/\/www.somatechnology.com\/spanish\/wp-json\/wp\/v2\/media\/7926"}],"wp:attachment":[{"href":"https:\/\/www.somatechnology.com\/spanish\/wp-json\/wp\/v2\/media?parent=7925"}],"wp:term":[{"taxonomy":"pwb-brand","embeddable":true,"href":"https:\/\/www.somatechnology.com\/spanish\/wp-json\/wp\/v2\/pwb-brand?post=7925"},{"taxonomy":"product_brand","embeddable":true,"href":"https:\/\/www.somatechnology.com\/spanish\/wp-json\/wp\/v2\/product_brand?post=7925"},{"taxonomy":"product_cat","embeddable":true,"href":"https:\/\/www.somatechnology.com\/spanish\/wp-json\/wp\/v2\/product_cat?post=7925"},{"taxonomy":"product_tag","embeddable":true,"href":"https:\/\/www.somatechnology.com\/spanish\/wp-json\/wp\/v2\/product_tag?post=7925"}],"curies":[{"name":"wp","href":"https:\/\/api.w.org\/{rel}","templated":true}]}}