{"id":7927,"date":"2018-01-29T21:37:56","date_gmt":"2018-01-29T21:37:56","guid":{"rendered":"https:\/\/www.somatechnology.com\/spanish\/?post_type=product&#038;p=7927"},"modified":"2025-06-26T10:34:51","modified_gmt":"2025-06-26T14:34:51","slug":"asp-sterrad-nx","status":"publish","type":"product","link":"https:\/\/www.somatechnology.com\/spanish\/equipo-medico-usado-remanufacturado\/autoclaves-esterilizadores\/asp-sterrad-nx\/","title":{"rendered":"ASP STERRAD NX"},"content":{"rendered":"<h2>CARACTER\u00cdSTICAS DE ASP STERRAD NX<\/h2>\n<p>El <strong>Sterrad NX<\/strong> es un esterilizador que es un sistema avanzado con un sistema de plasma de gas de per\u00f3xido de hidr\u00f3geno que puede ejecutar un ciclo est\u00e1ndar de 28 minutos. El esterilizador puede esterilizar una variedad de instrumentos y equipos, incluyendo; taladros el\u00e9ctricos, bater\u00edas, c\u00e1maras, alcances r\u00edgidos y flexibles, y equipo quir\u00fargico general. El STERRAD NX viene con una pantalla t\u00e1ctil que la programaci\u00f3n de diagn\u00f3stico. Mediante el uso de gas de per\u00f3xido de hidr\u00f3geno, puede esterilizar de forma segura y r\u00e1pida el equipo m\u00e9dico sin dejar ning\u00fan residuo.<\/p>\n<ul>\n<li>Incluye un innovador software que permite aumentar la seguridad, la conexi\u00f3n en red y las capacidades de diagn\u00f3stico<\/li>\n<li>Caja de recogida de casetes segura<\/li>\n<li>Cassette de esterilizaci\u00f3n f\u00e1cil de cargar<\/li>\n<li>Interfaz de pantalla t\u00e1ctil interactiva<\/li>\n<li>C\u00e1mara de esterilizaci\u00f3n<\/li>\n<li>Impresora t\u00e9rmica<\/li>\n<li>Caj\u00f3n de almacenamiento y estaci\u00f3n extra\u00edble<\/li>\n<\/ul>\n<p><strong>Un esterilizador para todas las necesidades de su departamento<\/strong><\/p>\n<p>La r\u00e1pida duraci\u00f3n del ciclo est\u00e1ndar de 28 minutos, combinada con el proceso de esterilizaci\u00f3n suave en seco, hace que el compacto STERRAD NX sea la opci\u00f3n ideal para la esterilizaci\u00f3n de dispositivos m\u00e9dicos en todos los departamentos en los que la rapidez de los instrumentos es crucial. El STERRAD NX eleva el est\u00e1ndar de atenci\u00f3n al proporcionar instrumentos empaquetados y terminalmente est\u00e9riles a la mano cuando los necesita.<\/p>\n<ul>\n<li>Como todos los dem\u00e1s sistemas STERRAD, STERRAD NX es seguro para los profesionales sanitarios, los pacientes, los instrumentos y el entorno. Los subproductos del proceso son ox\u00edgeno y vapor de agua no t\u00f3xicos. Requiere una simple toma de corriente est\u00e1ndar, lo que combinado con su tama\u00f1o compacto permite una m\u00e1xima movilidad. No requiere potenciadores de calor especiales, ni tuber\u00edas, ni aireaci\u00f3n, ni ventilaci\u00f3n<\/li>\n<li>Incluye un innovador software que permite aumentar la seguridad, la conexi\u00f3n en red y las capacidades de diagn\u00f3stico<\/li>\n<\/ul>\n","protected":false},"excerpt":{"rendered":"<p>El Sterrad NX es un esterilizador que es un sistema avanzado con un sistema de plasma de gas de per\u00f3xido de hidr\u00f3geno que puede ejecutar un ciclo est\u00e1ndar de 28 minutos. El esterilizador puede esterilizar una variedad de instrumentos y equipos, incluyendo; taladros el\u00e9ctricos, bater\u00edas, c\u00e1maras, alcances r\u00edgidos y flexibles, y equipo quir\u00fargico general. El STERRAD NX viene con una pantalla t\u00e1ctil que la programaci\u00f3n de diagn\u00f3stico. Mediante el uso de gas de per\u00f3xido de hidr\u00f3geno, puede esterilizar de forma segura y r\u00e1pida el equipo m\u00e9dico sin dejar ning\u00fan residuo.<\/p>\n","protected":false},"featured_media":20470,"template":"","meta":{"_acf_changed":false,"_relevanssi_hide_post":"","_relevanssi_hide_content":"","_relevanssi_pin_for_all":"","_relevanssi_pin_keywords":"","_relevanssi_unpin_keywords":"","_relevanssi_related_keywords":"","_relevanssi_related_include_ids":"","_relevanssi_related_exclude_ids":"","_relevanssi_related_no_append":"","_relevanssi_related_not_related":"","_relevanssi_related_posts":"","_relevanssi_noindex_reason":"","inline_featured_image":false},"pwb-brand":[1152],"product_brand":[],"product_cat":[61],"product_tag":[549,547,546,2383,2384,548],"class_list":{"0":"post-7927","1":"product","2":"type-product","3":"status-publish","4":"has-post-thumbnail","6":"pwb-brand-autoclaves-esterilizadores-asp","7":"product_cat-autoclaves-esterilizadores","8":"product_tag-asp","9":"product_tag-asp-sterrad","10":"product_tag-asp-sterrad-nx","11":"product_tag-autoclaves","12":"product_tag-esterilizadores","13":"product_tag-sterrad","15":"first","16":"instock","17":"shipping-taxable","18":"purchasable","19":"product-type-simple"},"acf":[],"brands":[{"id":1152,"name":"ASP","slug":"autoclaves-esterilizadores-asp"}],"_links":{"self":[{"href":"https:\/\/www.somatechnology.com\/spanish\/wp-json\/wp\/v2\/product\/7927","targetHints":{"allow":["GET"]}}],"collection":[{"href":"https:\/\/www.somatechnology.com\/spanish\/wp-json\/wp\/v2\/product"}],"about":[{"href":"https:\/\/www.somatechnology.com\/spanish\/wp-json\/wp\/v2\/types\/product"}],"wp:featuredmedia":[{"embeddable":true,"href":"https:\/\/www.somatechnology.com\/spanish\/wp-json\/wp\/v2\/media\/20470"}],"wp:attachment":[{"href":"https:\/\/www.somatechnology.com\/spanish\/wp-json\/wp\/v2\/media?parent=7927"}],"wp:term":[{"taxonomy":"pwb-brand","embeddable":true,"href":"https:\/\/www.somatechnology.com\/spanish\/wp-json\/wp\/v2\/pwb-brand?post=7927"},{"taxonomy":"product_brand","embeddable":true,"href":"https:\/\/www.somatechnology.com\/spanish\/wp-json\/wp\/v2\/product_brand?post=7927"},{"taxonomy":"product_cat","embeddable":true,"href":"https:\/\/www.somatechnology.com\/spanish\/wp-json\/wp\/v2\/product_cat?post=7927"},{"taxonomy":"product_tag","embeddable":true,"href":"https:\/\/www.somatechnology.com\/spanish\/wp-json\/wp\/v2\/product_tag?post=7927"}],"curies":[{"name":"wp","href":"https:\/\/api.w.org\/{rel}","templated":true}]}}