{"id":7932,"date":"2018-01-30T15:17:49","date_gmt":"2018-01-30T15:17:49","guid":{"rendered":"https:\/\/www.somatechnology.com\/spanish\/?post_type=product&#038;p=7932"},"modified":"2025-06-26T10:33:48","modified_gmt":"2025-06-26T14:33:48","slug":"steris-amsco-400-series-medium","status":"publish","type":"product","link":"https:\/\/www.somatechnology.com\/spanish\/equipo-medico-usado-remanufacturado\/autoclaves-esterilizadores\/steris-amsco-400-series-medium\/","title":{"rendered":"Steris Amsco 400 Series (Medium)"},"content":{"rendered":"<h2><strong>Steris Amsco 400 Series<\/strong><\/h2>\n<ul>\n<li>Las secciones transversales de la c\u00e1mara de 26 x 37.5 \u00abtienen el tama\u00f1o adecuado para un procesamiento de esterilizaci\u00f3n eficiente y de gran volumen.<\/li>\n<li>El mecanismo de bloqueo de la puerta manual de operaci\u00f3n r\u00e1pida y bajo esfuerzo (modelos de puerta con bisagra) permite que la puerta se bloquee o desbloquee utilizando un \u00fanico movimiento de manija de 30\u00b0.<\/li>\n<li>Los sistemas de accionamiento de puerta el\u00e9ctrica consisten en una disposici\u00f3n de cable y polea accionada por un motor el\u00e9ctrico. La puerta de poder est\u00e1 dispuesta horizontalmente y controlada desde la pantalla t\u00e1ctil. La puerta se desliza horizontalmente sobre un conjunto de riel r\u00edgido alojado dentro de paneles de acero inoxidable.<\/li>\n<li>El sistema de control para el esterilizador de vapor medio serie AMSCO 400 presenta una funcionalidad mejorada y una pantalla de interfaz f\u00e1cil de usar.<\/li>\n<li>Pantalla t\u00e1ctil con \u00e1rea de visualizaci\u00f3n de 30 l\u00edneas x 40 caracteres.<\/li>\n<li>Impresora de impacto de tinta sobre papel.<\/li>\n<li>Pantallas de ayuda para programar y solucionar problemas de alarma.<\/li>\n<li>La verificaci\u00f3n autom\u00e1tica de un programa de control y los datos del ciclo mantienen la integridad del proceso.<\/li>\n<li>La calibraci\u00f3n del software se realiza en modo de servicio utilizando fuentes de presi\u00f3n y temperatura externas o internas. El sistema de control proporciona un registro impreso de todos los datos de calibraci\u00f3n para la verificaci\u00f3n.<\/li>\n<li>Se proporciona una funci\u00f3n de purga de vapor para ayudar a eliminar el aire y precalentar la carga.<\/li>\n<li>Conectores DIN iluminados est\u00e1n instalados en todas las v\u00e1lvulas de vapor, agua y escape, para mayor confiabilidad y facilidad de mantenimiento<\/li>\n<\/ul>\n","protected":false},"excerpt":{"rendered":"<p>Steris Amsco 400 Series Las secciones transversales de la c\u00e1mara de 26 x 37.5 \u00abtienen el tama\u00f1o adecuado para un procesamiento de esterilizaci\u00f3n eficiente&#8230;<\/p>\n","protected":false},"featured_media":8299,"template":"","meta":{"_acf_changed":false,"_relevanssi_hide_post":"","_relevanssi_hide_content":"","_relevanssi_pin_for_all":"","_relevanssi_pin_keywords":"","_relevanssi_unpin_keywords":"","_relevanssi_related_keywords":"","_relevanssi_related_include_ids":"","_relevanssi_related_exclude_ids":"","_relevanssi_related_no_append":"","_relevanssi_related_not_related":"","_relevanssi_related_posts":"","_relevanssi_noindex_reason":"","inline_featured_image":false},"pwb-brand":[1149],"product_brand":[],"product_cat":[61],"product_tag":[544,543,554,555,553],"class_list":{"0":"post-7932","1":"product","2":"type-product","3":"status-publish","4":"has-post-thumbnail","6":"pwb-brand-equipo-medico-steris","7":"product_cat-autoclaves-esterilizadores","8":"product_tag-amsco","9":"product_tag-steris","10":"product_tag-steris-amsco","11":"product_tag-steris-amsco-400","12":"product_tag-steris-amsco-400-series","14":"first","15":"instock","16":"shipping-taxable","17":"purchasable","18":"product-type-simple"},"acf":[],"brands":[{"id":1149,"name":"Steris","slug":"equipo-medico-steris"}],"_links":{"self":[{"href":"https:\/\/www.somatechnology.com\/spanish\/wp-json\/wp\/v2\/product\/7932","targetHints":{"allow":["GET"]}}],"collection":[{"href":"https:\/\/www.somatechnology.com\/spanish\/wp-json\/wp\/v2\/product"}],"about":[{"href":"https:\/\/www.somatechnology.com\/spanish\/wp-json\/wp\/v2\/types\/product"}],"wp:featuredmedia":[{"embeddable":true,"href":"https:\/\/www.somatechnology.com\/spanish\/wp-json\/wp\/v2\/media\/8299"}],"wp:attachment":[{"href":"https:\/\/www.somatechnology.com\/spanish\/wp-json\/wp\/v2\/media?parent=7932"}],"wp:term":[{"taxonomy":"pwb-brand","embeddable":true,"href":"https:\/\/www.somatechnology.com\/spanish\/wp-json\/wp\/v2\/pwb-brand?post=7932"},{"taxonomy":"product_brand","embeddable":true,"href":"https:\/\/www.somatechnology.com\/spanish\/wp-json\/wp\/v2\/product_brand?post=7932"},{"taxonomy":"product_cat","embeddable":true,"href":"https:\/\/www.somatechnology.com\/spanish\/wp-json\/wp\/v2\/product_cat?post=7932"},{"taxonomy":"product_tag","embeddable":true,"href":"https:\/\/www.somatechnology.com\/spanish\/wp-json\/wp\/v2\/product_tag?post=7932"}],"curies":[{"name":"wp","href":"https:\/\/api.w.org\/{rel}","templated":true}]}}