{"id":7936,"date":"2018-01-30T17:41:55","date_gmt":"2018-01-30T17:41:55","guid":{"rendered":"https:\/\/www.somatechnology.com\/spanish\/?post_type=product&#038;p=7936"},"modified":"2025-12-11T04:04:22","modified_gmt":"2025-12-11T09:04:22","slug":"drager-air-shields-resuscitaire-rw","status":"publish","type":"product","link":"https:\/\/www.somatechnology.com\/spanish\/equipo-medico-usado-remanufacturado\/ucii-nicu-unidades-neonatales-cuidado-intensivo\/cunas-termicas\/drager-air-shields-resuscitaire-rw\/","title":{"rendered":"Drager Air-Shields Resuscitaire RW"},"content":{"rendered":"<h2>Drager Air-Shields Resuscitaire RW<\/h2>\n<p>La cuna t\u00e9rmica <a href=\"https:\/\/www.somatechnology.com\/spanish\/wp-content\/uploads\/sites\/2\/2018\/01\/Drager-Air-Shields-Resuscitaire-Infant-Warmer-spa.pdf\">Drager Air-Shields Resuscitaire RW<\/a> combina una eficaz plataforma de terapia de calentamiento con los componentes necesarios para la reanimaci\u00f3n cl\u00ednica de emergencia. El Drager Resuscitaire ofrece mezclador, succi\u00f3n, fluj\u00f3metro y presi\u00f3n positiva montados en la cama para facilitar el acceso. Cuenta con un calentador de cuarzo de s\u00edlice que proporciona un calentamiento completo, uniforme y r\u00e1pido. Un reflector parab\u00f3lico ayuda a distribuir el calor uniformemente por toda la superficie del colch\u00f3n.<\/p>\n<ul>\n<li>Acceso excepcional desde ambos lados.<\/li>\n<li>Config\u00farelo seg\u00fan las necesidades de su departamento.<\/li>\n<li>F\u00e1cil acceso a la succi\u00f3n.<\/li>\n<li>Ajuste eficiente de la posici\u00f3n del colch\u00f3n.<\/li>\n<li>El cabezal del m\u00f3dulo calentador puede girar hasta 90 grados.<\/li>\n<li>El modo de precalentamiento autom\u00e1tico permite un calentamiento controlado y prolongado del colch\u00f3n sin alarmas molestas.<\/li>\n<\/ul>\n","protected":false},"excerpt":{"rendered":"<p>Drager Air-Shields Resuscitaire RW La cuna t\u00e9rmica Drager Air-Shields Resuscitaire RW combina una eficaz plataforma de terapia de calentamiento con los componentes necesarios para&#8230;<\/p>\n","protected":false},"featured_media":30484,"template":"","meta":{"_acf_changed":false,"_relevanssi_hide_post":"","_relevanssi_hide_content":"","_relevanssi_pin_for_all":"","_relevanssi_pin_keywords":"","_relevanssi_unpin_keywords":"","_relevanssi_related_keywords":"","_relevanssi_related_include_ids":"","_relevanssi_related_exclude_ids":"","_relevanssi_related_no_append":"","_relevanssi_related_not_related":"","_relevanssi_related_posts":"","_relevanssi_noindex_reason":"","inline_featured_image":false},"pwb-brand":[1122],"product_brand":[],"product_cat":[56],"product_tag":[10928,10931,332,10925,10921,10924,10901,10923,10922,10926,217,10929,3240,558,10927,10930,560],"class_list":{"0":"post-7936","1":"product","2":"type-product","3":"status-publish","4":"has-post-thumbnail","6":"pwb-brand-equipo-medico-drager","7":"product_cat-cunas-termicas","8":"product_tag-air-shields-resuscitaire","9":"product_tag-air-shields-resuscitaire-rw","10":"product_tag-calentador","11":"product_tag-calentador-drager","12":"product_tag-calentador-infantil","13":"product_tag-calentador-infantil-drager","14":"product_tag-calentadores","15":"product_tag-calentadores-drager","16":"product_tag-calentadores-infantiles","17":"product_tag-calentadores-infantiles-drager","18":"product_tag-drager","19":"product_tag-drager-air-shields-resuscitaire","20":"product_tag-drager-air-shields","21":"product_tag-drager-air-shields-resuscitaire-rw","22":"product_tag-drager-resuscitaire","23":"product_tag-drager-resuscitaire-rw","24":"product_tag-resuscitaire","26":"first","27":"instock","28":"featured","29":"shipping-taxable","30":"purchasable","31":"product-type-simple"},"acf":[],"brands":[{"id":1122,"name":"Drager","slug":"equipo-medico-drager"}],"_links":{"self":[{"href":"https:\/\/www.somatechnology.com\/spanish\/wp-json\/wp\/v2\/product\/7936","targetHints":{"allow":["GET"]}}],"collection":[{"href":"https:\/\/www.somatechnology.com\/spanish\/wp-json\/wp\/v2\/product"}],"about":[{"href":"https:\/\/www.somatechnology.com\/spanish\/wp-json\/wp\/v2\/types\/product"}],"wp:featuredmedia":[{"embeddable":true,"href":"https:\/\/www.somatechnology.com\/spanish\/wp-json\/wp\/v2\/media\/30484"}],"wp:attachment":[{"href":"https:\/\/www.somatechnology.com\/spanish\/wp-json\/wp\/v2\/media?parent=7936"}],"wp:term":[{"taxonomy":"pwb-brand","embeddable":true,"href":"https:\/\/www.somatechnology.com\/spanish\/wp-json\/wp\/v2\/pwb-brand?post=7936"},{"taxonomy":"product_brand","embeddable":true,"href":"https:\/\/www.somatechnology.com\/spanish\/wp-json\/wp\/v2\/product_brand?post=7936"},{"taxonomy":"product_cat","embeddable":true,"href":"https:\/\/www.somatechnology.com\/spanish\/wp-json\/wp\/v2\/product_cat?post=7936"},{"taxonomy":"product_tag","embeddable":true,"href":"https:\/\/www.somatechnology.com\/spanish\/wp-json\/wp\/v2\/product_tag?post=7936"}],"curies":[{"name":"wp","href":"https:\/\/api.w.org\/{rel}","templated":true}]}}