{"id":7957,"date":"2018-02-02T14:29:24","date_gmt":"2018-02-02T14:29:24","guid":{"rendered":"https:\/\/www.somatechnology.com\/spanish\/?post_type=product&#038;p=7957"},"modified":"2025-05-15T07:45:35","modified_gmt":"2025-05-15T11:45:35","slug":"asp-sterrad-100s","status":"publish","type":"product","link":"https:\/\/www.somatechnology.com\/spanish\/equipo-medico-usado-remanufacturado\/autoclaves-esterilizadores\/asp-sterrad-100s\/","title":{"rendered":"ASP STERRAD 100S"},"content":{"rendered":"<h2><span style=\"vertical-align: inherit;\"><span style=\"vertical-align: inherit;\">FEATURES OF ASP STERRAD 100S<\/span><\/span><\/h2>\n<p><strong><span style=\"vertical-align: inherit;\"><span style=\"vertical-align: inherit;\">The Sterrad 100S<\/span><\/span><\/strong><span style=\"vertical-align: inherit;\"><span style=\"vertical-align: inherit;\"> system <\/span><span style=\"vertical-align: inherit;\">is a multipurpose sterilizer intended for sterile processing departments and operating rooms in hospitals and other medical centers. The system employs advanced Sterrad technology, a hydrogen peroxide gas plasma process, to achieve at least a 10-6 sterility assurance level in a 55-minute cycle. The system can sterilize various types of medical instruments and equipment, with the exception of liquids, cellulosic materials (paper, linen, cotton, etc.), and medical instruments with restrictive labeling. The Sterrad 100S system is designed to be independent and self-contained, with no connections other than a power cord. It is also equipped with casters, allowing it to be easily moved from one location to another. Additionally, the system has adjustable feet on the front of the unit to allow for leveling, if necessary.<\/span><\/span><\/p>\n<h2><span style=\"vertical-align: inherit;\"><span style=\"vertical-align: inherit;\">ASP STERRAD 100S SPECIFICATIONS<\/span><\/span><\/h2>\n<h3><span style=\"vertical-align: inherit;\"><span style=\"vertical-align: inherit;\">Dimensions<\/span><\/span><\/h3>\n<ul>\n<li><span style=\"vertical-align: inherit;\"><span style=\"vertical-align: inherit;\">Space Requirements: 78 in (height) x 34 in (width) x 42 in (depth) (166.4 cm x 86.4 cm x 106.7 cm)<\/span><\/span><\/li>\n<li><span style=\"vertical-align: inherit;\"><span style=\"vertical-align: inherit;\">Movable<\/span><\/span><\/li>\n<li><span style=\"vertical-align: inherit;\"><span style=\"vertical-align: inherit;\">Ventilation Requirements: None required<\/span><\/span><\/li>\n<li><span style=\"vertical-align: inherit;\"><span style=\"vertical-align: inherit;\">Gas Tank Requirements: None required<\/span><\/span><\/li>\n<li><span style=\"vertical-align: inherit;\"><span style=\"vertical-align: inherit;\">Electrical Requirements: 3m\/10ft power cord<\/span><\/span><\/li>\n<li><span style=\"vertical-align: inherit;\"><span style=\"vertical-align: inherit;\">Weight: 770 lbs (349.3 kg)<\/span><\/span><\/li>\n<\/ul>\n<h3><span style=\"vertical-align: inherit;\"><span style=\"vertical-align: inherit;\">Cycles<\/span><\/span><\/h3>\n<ul>\n<li><span style=\"vertical-align: inherit;\"><span style=\"vertical-align: inherit;\">Total Cycle Duration: 55 minutes<\/span><\/span><\/li>\n<li><span style=\"vertical-align: inherit;\"><span style=\"vertical-align: inherit;\">Cycle Temperature: Less than 131\u2109 (55\u2103)<\/span><\/span><\/li>\n<\/ul>\n<h3><span style=\"vertical-align: inherit;\"><span style=\"vertical-align: inherit;\">Environment<\/span><\/span><\/h3>\n<ul>\n<li><span style=\"vertical-align: inherit;\"><span style=\"vertical-align: inherit;\">Temperature: 50\u00b0F to 104\u00b0F \/+10\u00b0C to +40\u00b0C<\/span><\/span><\/li>\n<li><span style=\"vertical-align: inherit;\"><span style=\"vertical-align: inherit;\">Humidity: 30-75% relative humidity (non-condensing)<\/span><\/span><\/li>\n<\/ul>\n<h3><span style=\"vertical-align: inherit;\"><span style=\"vertical-align: inherit;\">Entry \/ Exit<\/span><\/span><\/h3>\n<ul>\n<li><span style=\"vertical-align: inherit;\"><span style=\"vertical-align: inherit;\">LCD screen<\/span><\/span><\/li>\n<li><span style=\"vertical-align: inherit;\"><span style=\"vertical-align: inherit;\">Printer<\/span><\/span><\/li>\n<li><span style=\"vertical-align: inherit;\"><span style=\"vertical-align: inherit;\">Control Interface: Dedicated controls, touch panel<\/span><\/span><\/li>\n<li><span style=\"vertical-align: inherit;\"><span style=\"vertical-align: inherit;\">Alarms: Audible, Visual<\/span><\/span><\/li>\n<\/ul>\n<h3><span style=\"vertical-align: inherit;\"><span style=\"vertical-align: inherit;\">Operating Environment<\/span><\/span><\/h3>\n<ul>\n<li><span style=\"vertical-align: inherit;\"><span style=\"vertical-align: inherit;\">Connections: 380-415 VAC, 50 Hz, 10 A, three-phase circuit with separate neutral and ground conductors<\/span><\/span><\/li>\n<\/ul>\n<h3><span style=\"vertical-align: inherit;\"><span style=\"vertical-align: inherit;\">Energy Use<\/span><\/span><\/h3>\n<ul>\n<li><span style=\"vertical-align: inherit;\"><span style=\"vertical-align: inherit;\">Connections: 380-415 VAC, 50 Hz, 10 A, three-phase circuit with separate neutral and ground conductors<\/span><\/span><\/li>\n<\/ul>\n<h3><span style=\"vertical-align: inherit;\"><span style=\"vertical-align: inherit;\">Sterilization Chamber<\/span><\/span><\/h3>\n<ul>\n<li><span style=\"vertical-align: inherit;\"><span style=\"vertical-align: inherit;\">Temperature: 10\u00b0C to 40\u00b0C<\/span><\/span><\/li>\n<li><span style=\"vertical-align: inherit;\"><span style=\"vertical-align: inherit;\">Humidity: 30-75% relative humidity (non-condensing)<\/span><\/span><\/li>\n<\/ul>\n<h2><span style=\"vertical-align: inherit;\"><span style=\"vertical-align: inherit;\">MORE INFORMATION ABOUT THE ASP STERRAD 100S<\/span><\/span><\/h2>\n<p><span style=\"vertical-align: inherit;\"><span style=\"vertical-align: inherit;\">The STERRAD 100S system has been a pioneer in low-temperature sterilization for nearly twenty years. Recognized for its proven performance, the STERRAD 100S system is your cost-effective choice for low-temperature dry sterilization.<\/span><\/span><\/p>\n<h3><span style=\"vertical-align: inherit;\"><span style=\"vertical-align: inherit;\">Security<\/span><\/span><\/h3>\n<ul>\n<li><span style=\"vertical-align: inherit;\"><span style=\"vertical-align: inherit;\">Low-temperature gas plasma effectively removes hydrogen peroxide residues from materials and devices, and the process byproducts are non-toxic oxygen and water vapor.<\/span><\/span><\/li>\n<\/ul>\n<h3><span style=\"vertical-align: inherit;\"><span style=\"vertical-align: inherit;\">Simplicity<\/span><\/span><\/h3>\n<ul>\n<li><span style=\"vertical-align: inherit;\"><span style=\"vertical-align: inherit;\">Ease of use: one-button operation<\/span><\/span><\/li>\n<li><span style=\"vertical-align: inherit;\"><span style=\"vertical-align: inherit;\">No expensive plumbing, ventilation or monitoring installations required<\/span><\/span><\/li>\n<\/ul>\n<h3><span style=\"vertical-align: inherit;\"><span style=\"vertical-align: inherit;\">Compatibility<\/span><\/span><\/h3>\n<ul>\n<li><span style=\"vertical-align: inherit;\"><span style=\"vertical-align: inherit;\">Claims proven for a wide range of materials and lumens<\/span><\/span><\/li>\n<li><span style=\"vertical-align: inherit;\"><span style=\"vertical-align: inherit;\">Capable of sterilizing rigid and flexible endoscopes, cameras, light cables, batteries, lenses, probes and microsurgical and general surgery instruments<\/span><\/span><\/li>\n<\/ul>\n<p><span style=\"vertical-align: inherit;\"><span style=\"vertical-align: inherit;\">The STERRAD 100S sterilizer is a hydrogen peroxide gas plasma sterilizer that provides an environment sufficiently lethal to microorganisms to produce at least a Sterility Assurance Level (SAL) of 10-6 for devices within the label claims. The STERRAD 100 S sterilizer has two separate peroxide\/plasma injection stages, rather than one, in the sterilization cycle.<\/span><\/span><\/p>\n<p><span style=\"vertical-align: inherit;\"><span style=\"vertical-align: inherit;\">The STERRAD 100 S sterilizer process has four distinct phases<\/span><\/span><\/p>\n<ul>\n<li><span style=\"vertical-align: inherit;\"><span style=\"vertical-align: inherit;\">Phase 1: Vacuum. This is an air plasma preconditioning stage.<\/span><\/span><\/li>\n<li><span style=\"vertical-align: inherit;\"><span style=\"vertical-align: inherit;\">Phase 2. Sterilization A. Injection, diffusion and plasma stages<\/span><\/span><\/li>\n<li><span style=\"vertical-align: inherit;\"><span style=\"vertical-align: inherit;\">Phase 3. Sterilization B. Injection, diffusion and plasma stages<\/span><\/span><\/li>\n<li><span style=\"vertical-align: inherit;\"><span style=\"vertical-align: inherit;\">Phase 4. Ventilation. A final vent to return the chamber to atmospheric pressure.<\/span><\/span><\/li>\n<\/ul>\n<p><span style=\"vertical-align: inherit;\"><span style=\"vertical-align: inherit;\">This multi-stage cycle reliably processes sterile medical devices without toxic residues. The devices are then safe for immediate use or suitable for storage and future use. The equipment features built-in safeguards to ensure the completion of each cycle at all stages.<\/span><\/span><\/p>\n<h3><span style=\"vertical-align: inherit;\"><span style=\"vertical-align: inherit;\">Phase 1 &#8211; Vacuum Preconditioning<\/span><\/span><\/h3>\n<p><strong><span style=\"vertical-align: inherit;\"><span style=\"vertical-align: inherit;\">First Step<\/span><\/span><\/strong><\/p>\n<p><span style=\"vertical-align: inherit;\"><span style=\"vertical-align: inherit;\">The vacuum phase is the first stage of the sterilization process. The chamber pressure is pumped up to 700 mTorr, and then the plasma is ignited.<\/span><\/span><\/p>\n<p><strong>Segundo Paso<\/strong><\/p>\n<p>El plasma permanece encendido a una presi\u00f3n controlada de 500 mTorr durante 10 minutos para el ciclo corto o 15 minutos para el ciclo largo. Esto acondiciona la carga para su posterior esterilizaci\u00f3n. Este plasma de aire es para ayudar a remover cualquier humedad residual sobre o dentro de la carga, acelerando la vaporizaci\u00f3n del agua y permitiendo que sea removida de la c\u00e1mara por la bomba de vac\u00edo. La v\u00e1lvula de ventilaci\u00f3n se abre despu\u00e9s de la condici\u00f3n de plasma. Finalmente, la presi\u00f3n de la c\u00e1mara es bombeada hasta 400 mTorr antes de pasar a la etapa de inyecci\u00f3n.<\/p>\n<p><strong>Tercer Paso<\/strong><\/p>\n<p>Al final de los 15 minutos, la c\u00e1mara se ventila a la presi\u00f3n atmosf\u00e9rica con aire filtrado.<\/p>\n<p><strong>Cuarto Paso<\/strong><\/p>\n<p>Una vez que la c\u00e1mara alcanza la presi\u00f3n atmosf\u00e9rica, se produce una reducci\u00f3n de la presi\u00f3n en la c\u00e1mara de 760 Torr (presi\u00f3n atmosf\u00e9rica) a 0,4 Torr mediante el uso de una bomba de vac\u00edo.<\/p>\n<h3>Fase 2 &#8211; Esterilizaci\u00f3n A<\/h3>\n<p><strong>Primer Paso<\/strong><\/p>\n<p>Cuando la c\u00e1mara ha alcanzado la presi\u00f3n de 0,4 Torr, o menos, se inyectan en la c\u00e1mara de esterilizaci\u00f3n aproximadamente 1800 ml de una soluci\u00f3n nominal de per\u00f3xido de hidr\u00f3geno al 59%. La inyecci\u00f3n se realiza mediante agujas inyectoras que perforan una ampolla que contiene per\u00f3xido de hidr\u00f3geno en un casete. Cada casete contiene suficientes ampollas para cinco ciclos completos de esterilizaci\u00f3n. La colocaci\u00f3n del casete y la inyecci\u00f3n est\u00e1n automatizadas y supervisadas por el software para garantizar que la inyecci\u00f3n se lleve a cabo. Este paso dura 6 minutos.<\/p>\n<p><strong>Segundo Paso<\/strong><\/p>\n<p>Al final de los 6 minutos, la c\u00e1mara se ventila a presi\u00f3n atmosf\u00e9rica con aire filtrado y se mantiene durante 2 minutos (ciclo corto) o 10 minutos (ciclo largo). La adici\u00f3n de aire filtrado a la c\u00e1mara comprime a\u00fan m\u00e1s el per\u00f3xido de hidr\u00f3geno, conduci\u00e9ndolo hacia los l\u00famenes y otros mecanismos intrincados que se encuentran en o sobre muchos dispositivos m\u00e9dicos.<\/p>\n<p><strong>Tercer Paso<\/strong><\/p>\n<p>Despu\u00e9s de que la c\u00e1mara se haya mantenido a presi\u00f3n atmosf\u00e9rica durante dos minutos, se produce una reducci\u00f3n de la presi\u00f3n en la c\u00e1mara de 760 Torr (presi\u00f3n atmosf\u00e9rica) a 0,5 Torr mediante el uso de una bomba de vac\u00edo.<\/p>\n<p><strong>Cuarto Paso<\/strong><\/p>\n<p>Durante el paso de plasma del ciclo, la energ\u00eda de RF aplicada durante dos minutos a trav\u00e9s de los electrodos produce una serie de reacciones en el vapor de per\u00f3xido de hidr\u00f3geno a baja presi\u00f3n en la c\u00e1mara. Esto conduce a la generaci\u00f3n y aceleraci\u00f3n de part\u00edculas cargadas y a la generaci\u00f3n de radicales libres y otras especies qu\u00edmicas reactivas. Esta acci\u00f3n potencia la descomposici\u00f3n del per\u00f3xido de hidr\u00f3geno que se ha a\u00f1adido a la c\u00e1mara.<\/p>\n<p><strong>Quinto Paso<\/strong><\/p>\n<p>Al finalizar la fase de plasma, se reduce la presi\u00f3n en la c\u00e1mara de 0,5 Torr a 0,4 Torr mediante el uso de una bomba de vac\u00edo.<\/p>\n<h3>Fase 3 &#8211; Esterilizaci\u00f3n B<\/h3>\n<p>Esta es una repetici\u00f3n de la fase de esterilizaci\u00f3n A, excluyendo el paso final.<\/p>\n<h3>Fase 4 \u2013 Ventilaci\u00f3n<\/h3>\n<p><span style=\"vertical-align: inherit;\"><span style=\"vertical-align: inherit;\">At the end of the plasma flow, the chamber pressure is returned to atmospheric pressure by venting with filtered air. This concludes the process, and the instruments are ready to be removed for use or storage.<\/span><\/span><\/p>\n<h3><span style=\"vertical-align: inherit;\"><span style=\"vertical-align: inherit;\">ASP Sterrad 100S Rebuilt<\/span><\/span><\/h3>\n<p><span style=\"vertical-align: inherit;\"><span style=\"vertical-align: inherit;\">Soma Tech Intl offers the ASP STERRAD 100S sterilization system at up to 50% below the original retail price with the same service and warranty as new. The Sterrad 100S is not only technically reconditioned, but also cosmetically reconditioned to work and look like new. When the Sterrad 100S reconditioning process begins, it is carefully inspected and tested by our own biomedical engineers who are certified to work with sterilizers. If necessary, parts are replaced to ensure that all aspects of the Sterrad 100S are functioning effectively. Once everything is in working order, the unit is calibrated to the original manufacturer&#8217;s specifications. This ensures that the unit is performing as it did when it originally left the manufacturer. After the machine is functioning like new, it undergoes a special cosmetic restoration process. It is cleaned, minor scratches and dents are repaired, and decals are repainted, if necessary. Soma Tech Intl is ISO 13485 certified and ensures the highest quality in all the medical equipment they sell. Before the Sterrad 100S is labeled as patient-ready and packaged for shipment, it undergoes a final quality control test to ensure all aspects are functioning as expected. If you&#8217;d like to purchase the refurbished Sterrad 100S ASP, please contact us at Soma@SomaTechnology.com or call us at 1-800-GET-SOMA.<\/span><\/span><\/p>\n<p><span style=\"vertical-align: inherit;\"><span style=\"vertical-align: inherit;\">Soma Tech Intl is also actively seeking to purchase a Sterrad 100S. If you or your facility is looking to sell your unit, be sure to contact Soma Tech Intl. Soma has a dedicated purchasing department to help you through the entire process. Selling your used or pre-owned Sterrad 100S sterilizer to Soma Tech Intl eliminates the middleman from the equation. This also ensures that your medical facility receives the best price for your equipment. Soma is 100% HIPAA compliant and ensures that your equipment arrives at our facility in the same condition it left yours. Soma Tech Intl also offers the option of trade-in credit on your medical equipment. If you or your facility are looking to recover space for new equipment, or if you are looking to upgrade your current equipment, please contact the purchasing department at Buyer@SomaTechnology.com or send us a message on our Sell to Soma website.<\/span><\/span><\/p>\n","protected":false},"excerpt":{"rendered":"<p>FEATURES OF ASP STERRAD 100S The Sterrad 100S system is a multipurpose sterilizer intended for sterile processing departments and operating rooms in hospitals and&#8230;<\/p>\n","protected":false},"featured_media":32010,"template":"","meta":{"_acf_changed":false,"_relevanssi_hide_post":"","_relevanssi_hide_content":"","_relevanssi_pin_for_all":"","_relevanssi_pin_keywords":"","_relevanssi_unpin_keywords":"","_relevanssi_related_keywords":"","_relevanssi_related_include_ids":"","_relevanssi_related_exclude_ids":"","_relevanssi_related_no_append":"","_relevanssi_related_not_related":"","_relevanssi_related_posts":"","_relevanssi_noindex_reason":"","inline_featured_image":false},"pwb-brand":[1152],"product_brand":[],"product_cat":[61],"product_tag":[549,580,547,578,548,579],"class_list":{"0":"post-7957","1":"product","2":"type-product","3":"status-publish","4":"has-post-thumbnail","6":"pwb-brand-autoclaves-esterilizadores-asp","7":"product_cat-autoclaves-esterilizadores","8":"product_tag-asp","9":"product_tag-asp-100s","10":"product_tag-asp-sterrad","11":"product_tag-asp-sterrad-100s","12":"product_tag-sterrad","13":"product_tag-sterrad-100s","15":"first","16":"instock","17":"shipping-taxable","18":"purchasable","19":"product-type-simple"},"acf":[],"brands":[{"id":1152,"name":"ASP","slug":"autoclaves-esterilizadores-asp"}],"_links":{"self":[{"href":"https:\/\/www.somatechnology.com\/spanish\/wp-json\/wp\/v2\/product\/7957","targetHints":{"allow":["GET"]}}],"collection":[{"href":"https:\/\/www.somatechnology.com\/spanish\/wp-json\/wp\/v2\/product"}],"about":[{"href":"https:\/\/www.somatechnology.com\/spanish\/wp-json\/wp\/v2\/types\/product"}],"wp:featuredmedia":[{"embeddable":true,"href":"https:\/\/www.somatechnology.com\/spanish\/wp-json\/wp\/v2\/media\/32010"}],"wp:attachment":[{"href":"https:\/\/www.somatechnology.com\/spanish\/wp-json\/wp\/v2\/media?parent=7957"}],"wp:term":[{"taxonomy":"pwb-brand","embeddable":true,"href":"https:\/\/www.somatechnology.com\/spanish\/wp-json\/wp\/v2\/pwb-brand?post=7957"},{"taxonomy":"product_brand","embeddable":true,"href":"https:\/\/www.somatechnology.com\/spanish\/wp-json\/wp\/v2\/product_brand?post=7957"},{"taxonomy":"product_cat","embeddable":true,"href":"https:\/\/www.somatechnology.com\/spanish\/wp-json\/wp\/v2\/product_cat?post=7957"},{"taxonomy":"product_tag","embeddable":true,"href":"https:\/\/www.somatechnology.com\/spanish\/wp-json\/wp\/v2\/product_tag?post=7957"}],"curies":[{"name":"wp","href":"https:\/\/api.w.org\/{rel}","templated":true}]}}