{"id":7959,"date":"2018-02-02T14:37:19","date_gmt":"2018-02-02T14:37:19","guid":{"rendered":"https:\/\/www.somatechnology.com\/spanish\/?post_type=product&#038;p=7959"},"modified":"2025-06-26T10:32:57","modified_gmt":"2025-06-26T14:32:57","slug":"steris-amsco-3052","status":"publish","type":"product","link":"https:\/\/www.somatechnology.com\/spanish\/equipo-medico-usado-remanufacturado\/autoclaves-esterilizadores\/steris-amsco-3052\/","title":{"rendered":"Steris Amsco 3052"},"content":{"rendered":"<h2><strong>Steris Amsco 3052<\/strong><\/h2>\n<p>La lavadora \/ desinfectadora de una sola c\u00e1mara AMSCO 3052 est\u00e1 dise\u00f1ada para su uso en la limpieza y la desinfecci\u00f3n de nivel intermedio de utensilios, bandejas, cu\u00f1as y urinarios reutilizables sucios.<\/p>\n<p><strong>Lavadora \/ Desinfectadora AMSCO 3052<\/strong><\/p>\n<p>La lavadora \/ desinfectadora de una sola c\u00e1mara AMSCO 3052 est\u00e1 dise\u00f1ada para usarse en la limpieza y desinfecci\u00f3n de nivel intermedio de utensilios, bandejas, orinales y orinales reutilizables sucios. Tambi\u00e9n se puede utilizar para art\u00edculos de caucho y pl\u00e1stico, instrumentos quir\u00fargicos r\u00edgidos simples de superficie dura (como pinzas y abrazaderas) y otros art\u00edculos similares y relacionados que se encuentran en centros de salud.<\/p>\n<p><strong>C\u00f3mo funciona AMSCO 3052 Washer \/ Disinfector<\/strong><\/p>\n<p>La lavadora \/ desinfectadora AMSCO 3052 protege los suelos con la exclusiva tecnolog\u00eda de brazo pulverizador de Categor\u00eda 6 de STERIS. La lavadora \/ desinfectadora cumple con las normas ANSI \/ AAMI ST15883-2 e ISO 15883-2 para la desinfecci\u00f3n t\u00e9rmica.<\/p>\n<ul>\n<li>Productividad: un ciclo de instrumento r\u00e1pido de 35 minutos procesa hasta (6) bandejas simult\u00e1neamente<\/li>\n<li>Flexibilidad: el bastidor multifunci\u00f3n de tres niveles proporciona la m\u00e1xima flexibilidad para procesar una amplia gama de elementos por ciclo<\/li>\n<li>Eficiencia: el dise\u00f1o respetuoso con el medio ambiente utiliza utilidades m\u00ednimas frente a otras arandelas en la misma clase<\/li>\n<\/ul>\n<h3>Dimensiones exteriores<\/h3>\n<ul>\n<li>\u00a0(An x Al x An) 67 mm. (h) x 220 mm. (w) x 192 mm. (d) (6.6 in. (h) x 8.7 in. (w) x 7.6 in. (d).<\/li>\n<\/ul>\n<h3>Dimensiones de la c\u00e1mara interior<\/h3>\n<ul>\n<li>3.6 kg.<\/li>\n<li>7.94 libras.<\/li>\n<\/ul>\n<h3>Iluminaci\u00f3n de c\u00e1mara<\/h3>\n<ul>\n<li>\n<h3>S\u00ed, luz LED.<\/h3>\n<\/li>\n<\/ul>\n<h3>Directiva aplicable para la fijaci\u00f3n de la marca CE:<\/h3>\n<ul>\n<li>Directiva sobre dispositivos m\u00e9dicos 2007\/47 \/ CE modificada por 93\/42 \/ CEE<\/li>\n<li>Directiva de maquinaria 2006\/42 \/ CE<\/li>\n<li>Directiva de baja tensi\u00f3n 2006\/95 \/ CE<\/li>\n<li>Directiva EMC 2004\/108 \/ EC &#8211; Clase A, Grupo 1 Equipo ISM<\/li>\n<\/ul>\n","protected":false},"excerpt":{"rendered":"<p>La lavadora \/ desinfectadora de una sola c\u00e1mara AMSCO 3052 est\u00e1 dise\u00f1ada para su uso en la limpieza y la desinfecci\u00f3n de nivel intermedio de utensilios, bandejas, cu\u00f1as y urinarios reutilizables sucios.<\/p>\n","protected":false},"featured_media":8303,"template":"","meta":{"_acf_changed":false,"_relevanssi_hide_post":"","_relevanssi_hide_content":"","_relevanssi_pin_for_all":"","_relevanssi_pin_keywords":"","_relevanssi_unpin_keywords":"","_relevanssi_related_keywords":"","_relevanssi_related_include_ids":"","_relevanssi_related_exclude_ids":"","_relevanssi_related_no_append":"","_relevanssi_related_not_related":"","_relevanssi_related_posts":"","_relevanssi_noindex_reason":"","inline_featured_image":false},"pwb-brand":[1149],"product_brand":[],"product_cat":[61],"product_tag":[544,583,582,554,581],"class_list":{"0":"post-7959","1":"product","2":"type-product","3":"status-publish","4":"has-post-thumbnail","6":"pwb-brand-equipo-medico-steris","7":"product_cat-autoclaves-esterilizadores","8":"product_tag-amsco","9":"product_tag-amsco-3052","10":"product_tag-steris-3052","11":"product_tag-steris-amsco","12":"product_tag-steris-amsco-3052","14":"first","15":"instock","16":"shipping-taxable","17":"purchasable","18":"product-type-simple"},"acf":[],"brands":[{"id":1149,"name":"Steris","slug":"equipo-medico-steris"}],"_links":{"self":[{"href":"https:\/\/www.somatechnology.com\/spanish\/wp-json\/wp\/v2\/product\/7959","targetHints":{"allow":["GET"]}}],"collection":[{"href":"https:\/\/www.somatechnology.com\/spanish\/wp-json\/wp\/v2\/product"}],"about":[{"href":"https:\/\/www.somatechnology.com\/spanish\/wp-json\/wp\/v2\/types\/product"}],"wp:featuredmedia":[{"embeddable":true,"href":"https:\/\/www.somatechnology.com\/spanish\/wp-json\/wp\/v2\/media\/8303"}],"wp:attachment":[{"href":"https:\/\/www.somatechnology.com\/spanish\/wp-json\/wp\/v2\/media?parent=7959"}],"wp:term":[{"taxonomy":"pwb-brand","embeddable":true,"href":"https:\/\/www.somatechnology.com\/spanish\/wp-json\/wp\/v2\/pwb-brand?post=7959"},{"taxonomy":"product_brand","embeddable":true,"href":"https:\/\/www.somatechnology.com\/spanish\/wp-json\/wp\/v2\/product_brand?post=7959"},{"taxonomy":"product_cat","embeddable":true,"href":"https:\/\/www.somatechnology.com\/spanish\/wp-json\/wp\/v2\/product_cat?post=7959"},{"taxonomy":"product_tag","embeddable":true,"href":"https:\/\/www.somatechnology.com\/spanish\/wp-json\/wp\/v2\/product_tag?post=7959"}],"curies":[{"name":"wp","href":"https:\/\/api.w.org\/{rel}","templated":true}]}}