{"id":7961,"date":"2018-02-02T14:51:23","date_gmt":"2018-02-02T14:51:23","guid":{"rendered":"https:\/\/www.somatechnology.com\/spanish\/?post_type=product&#038;p=7961"},"modified":"2026-04-13T12:48:14","modified_gmt":"2026-04-13T16:48:14","slug":"asp-sterrad-100nx","status":"publish","type":"product","link":"https:\/\/www.somatechnology.com\/spanish\/equipo-medico-usado-remanufacturado\/autoclaves-esterilizadores\/asp-sterrad-100nx\/","title":{"rendered":"ASP STERRAD 100NX"},"content":{"rendered":"<h2>CARACTER\u00cdSTICAS DE ASP STERRAD 100NX<\/h2>\n<p>El sistema <strong>Sterrad 100NX<\/strong> fue dise\u00f1ada para satisfacer las necesidades de los clientes de un esterilizador r\u00e1pido, vers\u00e1til y de gran tama\u00f1o. El sistema Sterrad 100NX ofrece dos opciones de ciclo: un ciclo est\u00e1ndar de 47 minutos y un ciclo flexible de 42 minutos. El esterilizador ocupa el mismo espacio que el sistema Sterrad 100S, pero es 10 cm m\u00e1s alto.<\/p>\n<p>Otras caracter\u00edsticas ventajosas son una c\u00e1mara rectangular m\u00e1s grande, conectividad de red, autodiagn\u00f3stico, una pantalla t\u00e1ctil de concentraci\u00f3n de H2O2.<\/p>\n<ul>\n<li>Caja de recogido de casetes segura<\/li>\n<li>Casete de esterilizaci\u00f3n f\u00e1cil de cargar<\/li>\n<li>Interfaz de pantalla t\u00e1ctil interactiva<\/li>\n<li>C\u00e1mara de esterilizaci\u00f3n<\/li>\n<li>Impresora t\u00e9rmica<\/li>\n<li>Alfombrilla ergon\u00f3mica<\/li>\n<li>Gran capacidad de la c\u00e1mara<\/li>\n<li>Ciclo EXPRESS de 24 minutos para endoscopios da Vinci 3D, telescopios rigidos y bater\u00edas recargables<\/li>\n<li>Ciclo Flex de 42 minutos para muchos endoscopios flexibles de un solo canal<\/li>\n<li>Ciclo est\u00e1ndar de 47 minutos para la mayor\u00eda de los instrumentos quir\u00fargicos<\/li>\n<li>Puede procesar una amplia gama de instrumentos, incluyendo m\u00fatiples endoscopios flexibles de un solo canal, c\u00e1maras, telescopios r\u00edgidos, cables de luz, bater\u00edas y taladros el\u00e9ctricos<\/li>\n<\/ul>\n","protected":false},"excerpt":{"rendered":"<p>El sistema Sterrad 100NX fue dise\u00f1ada para satisfacer las necesidades de los clientes de un esterilizador r\u00e1pido, vers\u00e1til y de gran tama\u00f1o. El sistema Sterrad 100NX ofrece dos opciones de ciclo: un ciclo est\u00e1ndar de 47 minutos y un ciclo flexible de 42 minutos. El esterilizador ocupa el mismo espacio que el sistema Sterrad 100S, pero es 10 cm m\u00e1s alto. Otras caracter\u00edsticas ventajosas son una c\u00e1mara rectangular m\u00e1s grande, conectividad de red, autodiagn\u00f3stico, una pantalla t\u00e1ctil de concentraci\u00f3n de H2O2.<\/p>\n","protected":false},"featured_media":7962,"template":"","meta":{"_acf_changed":false,"_relevanssi_hide_post":"","_relevanssi_hide_content":"","_relevanssi_pin_for_all":"","_relevanssi_pin_keywords":"","_relevanssi_unpin_keywords":"","_relevanssi_related_keywords":"","_relevanssi_related_include_ids":"","_relevanssi_related_exclude_ids":"","_relevanssi_related_no_append":"","_relevanssi_related_not_related":"","_relevanssi_related_posts":"","_relevanssi_noindex_reason":"","inline_featured_image":false},"pwb-brand":[1152],"product_brand":[],"product_cat":[61],"product_tag":[585,549,587,584,548,586],"class_list":{"0":"post-7961","1":"product","2":"type-product","3":"status-publish","4":"has-post-thumbnail","6":"pwb-brand-autoclaves-esterilizadores-asp","7":"product_cat-autoclaves-esterilizadores","8":"product_tag-100nx","9":"product_tag-asp","10":"product_tag-asp-100nx","11":"product_tag-asp-sterrad-100nx","12":"product_tag-sterrad","13":"product_tag-sterrad-100nx","15":"first","16":"instock","17":"shipping-taxable","18":"purchasable","19":"product-type-simple"},"acf":[],"brands":[{"id":1152,"name":"ASP","slug":"autoclaves-esterilizadores-asp"}],"_links":{"self":[{"href":"https:\/\/www.somatechnology.com\/spanish\/wp-json\/wp\/v2\/product\/7961","targetHints":{"allow":["GET"]}}],"collection":[{"href":"https:\/\/www.somatechnology.com\/spanish\/wp-json\/wp\/v2\/product"}],"about":[{"href":"https:\/\/www.somatechnology.com\/spanish\/wp-json\/wp\/v2\/types\/product"}],"wp:featuredmedia":[{"embeddable":true,"href":"https:\/\/www.somatechnology.com\/spanish\/wp-json\/wp\/v2\/media\/7962"}],"wp:attachment":[{"href":"https:\/\/www.somatechnology.com\/spanish\/wp-json\/wp\/v2\/media?parent=7961"}],"wp:term":[{"taxonomy":"pwb-brand","embeddable":true,"href":"https:\/\/www.somatechnology.com\/spanish\/wp-json\/wp\/v2\/pwb-brand?post=7961"},{"taxonomy":"product_brand","embeddable":true,"href":"https:\/\/www.somatechnology.com\/spanish\/wp-json\/wp\/v2\/product_brand?post=7961"},{"taxonomy":"product_cat","embeddable":true,"href":"https:\/\/www.somatechnology.com\/spanish\/wp-json\/wp\/v2\/product_cat?post=7961"},{"taxonomy":"product_tag","embeddable":true,"href":"https:\/\/www.somatechnology.com\/spanish\/wp-json\/wp\/v2\/product_tag?post=7961"}],"curies":[{"name":"wp","href":"https:\/\/api.w.org\/{rel}","templated":true}]}}