{"id":7963,"date":"2018-02-02T14:57:10","date_gmt":"2018-02-02T14:57:10","guid":{"rendered":"https:\/\/www.somatechnology.com\/spanish\/?post_type=product&#038;p=7963"},"modified":"2025-06-26T10:31:43","modified_gmt":"2025-06-26T14:31:43","slug":"steris-amsco-7053l","status":"publish","type":"product","link":"https:\/\/www.somatechnology.com\/spanish\/equipo-medico-usado-remanufacturado\/autoclaves-esterilizadores\/steris-amsco-7053l\/","title":{"rendered":"Steris Amsco 7053L"},"content":{"rendered":"<h2><strong>Steris Amsco 7053L <\/strong><\/h2>\n<p>La lavadora \/ desinfectadora de una sola c\u00e1mara AMSCO 7053L cumple con los requisitos para los departamentos de procesamiento est\u00e9ril de mayor volumen. Est\u00e1 dise\u00f1ado para la limpieza y la desinfecci\u00f3n de nivel intermedio de utensilios, bandejas, cu\u00f1as y urinarios reutilizables sucios. Tambi\u00e9n se puede utilizar para art\u00edculos de caucho y pl\u00e1stico, instrumentos quir\u00fargicos r\u00edgidos simples de superficie dura (como pinzas y abrazaderas) y otros art\u00edculos similares y relacionados que se encuentran en centros de salud.<\/p>\n<p>La lavadora \/ desinfectadora AMSCO 7053L protege los suelos con la exclusiva tecnolog\u00eda de brazo rociador Categor\u00eda 6 de STERIS. La lavadora \/ desinfectadora cumple con las normas ANSI \/ AAMI ST15883-2 e ISO 15883-2 para la desinfecci\u00f3n t\u00e9rmica. El sistema de automatizaci\u00f3n opcional minimiza el tiempo de manipulaci\u00f3n. El puerto USB permite m\u00e9todos simples para la administraci\u00f3n de datos.<\/p>\n<ul>\n<li>Productividad: el ciclo de 27 minutos procesa hasta 15 bandejas DIN simult\u00e1neamente<\/li>\n<li>Funcionamiento seguro: los bastidores f\u00e1ciles de cargar minimizan el tiempo de intervenci\u00f3n con estantes que se cargan desde cualquier lado. Las manijas t\u00e1ctiles fr\u00edas son aptas para el personal<\/li>\n<li>Eficiencia: el dise\u00f1o ecol\u00f3gico usa solo 39 galones de agua por ciclo<\/li>\n<\/ul>\n<h3>Dimensiones<\/h3>\n<ul>\n<li>Dimensiones exteriores (ancho x alto x profundidad): 42 x 80-3 \/ 4 x 38 \u00ab(1067 x 2051 x 965 mm)<\/li>\n<li>Dimensiones de la c\u00e1mara (ancho x alto x profundidad): 26-1 \/ 2 x 26-1 \/ 4 x 31.5 \u00ab(673 x 667 x 800 mm)<\/li>\n<li>Altura de carga (ancho x alto x profundidad): 31 \u00ab(787 mm) por encima del piso terminado<\/li>\n<li>Tama\u00f1o de la bandeja (ancho x fondo x profundidad): 10 \u00abx 21.25\u00bb x 3.75<\/li>\n<\/ul>\n<h3>Productividad<\/h3>\n<ul>\n<li>Un aumento del 21% en el tama\u00f1o de la c\u00e1mara le permite reprocesar hasta un 50% m\u00e1s de bandejas en un d\u00eda de 8 horas en comparaci\u00f3n con la lavadora \/ desinfectadora de una sola c\u00e1mara Vision\u00ae<\/li>\n<li>Permite flexibilidad al reprocesar una amplia gama de instrumentos quir\u00fargicos con m\u00faltiples configuraciones de bastidor<\/li>\n<\/ul>\n<h3>Patr\u00f3n de rociado<\/h3>\n<ul>\n<li>El Patr\u00f3n de pulverizaci\u00f3n de cobertura completa combina nuestras eficientes toberas de brazo de pulverizaci\u00f3n de dise\u00f1o cruzado, opciones de choque y bombas de doble velocidad. Las innovadoras boquillas rociadoras de esquina en cada nivel aseguran que no se pierda ninguna \u00e1rea de la bandeja<\/li>\n<li>Al proporcionar la m\u00e1xima cobertura, los brazos rociadores m\u00e1s largos con boquillas en un \u00e1ngulo de 45 grados aseguran que no quede \u00e1rea intacta<\/li>\n<\/ul>\n<h3>Ciclo de Secado<\/h3>\n<ul>\n<li>Reduce el tiempo de secado con nuestro exclusivo flujo de aire de cuatro lados mientras recicla el aire para una m\u00e1xima eficiencia<\/li>\n<\/ul>\n<h3>Bandejas<\/h3>\n<ul>\n<li>Sostiene hasta 15 bandejas de tama\u00f1o est\u00e1ndar<\/li>\n<\/ul>\n<h3>Facilidad de uso<\/h3>\n<ul>\n<li>Las manijas t\u00e1ctiles fr\u00edas permiten un manejo seguro e inmediato de las cargas despu\u00e9s de completar cada ciclo<\/li>\n<li>Todos los bastidores est\u00e1n dise\u00f1ados convenientemente para una carga y descarga sencillas desde todos los lados<\/li>\n<\/ul>\n<h3>Conectividad<\/h3>\n<ul>\n<li>Acceda a los par\u00e1metros cr\u00edticos del ciclo en cualquier momento utilizando el puerto USB para descargar<\/li>\n<\/ul>\n<h3>Panel de control<\/h3>\n<ul>\n<li>Aumente la confianza y la seguridad del personal con nuestro panel de control intuitivo LCD de pantalla t\u00e1ctil grande que proporciona una visibilidad clara y acceso a informaci\u00f3n cr\u00edtica<\/li>\n<\/ul>\n<p>&nbsp;<\/p>\n","protected":false},"excerpt":{"rendered":"<p>La lavadora \/ desinfectadora de una sola c\u00e1mara AMSCO 7053L cumple con los requisitos para los departamentos de procesamiento est\u00e9ril de mayor volumen. Est\u00e1 dise\u00f1ado para la limpieza y la desinfecci\u00f3n de nivel intermedio de utensilios, bandejas, cu\u00f1as y urinarios reutilizables sucios. Tambi\u00e9n se puede utilizar para art\u00edculos de caucho y pl\u00e1stico, instrumentos quir\u00fargicos r\u00edgidos simples de superficie dura (como pinzas y abrazaderas) y otros art\u00edculos similares y relacionados que se encuentran en centros de salud.<\/p>\n","protected":false},"featured_media":7965,"template":"","meta":{"_acf_changed":false,"_relevanssi_hide_post":"","_relevanssi_hide_content":"","_relevanssi_pin_for_all":"","_relevanssi_pin_keywords":"","_relevanssi_unpin_keywords":"","_relevanssi_related_keywords":"","_relevanssi_related_include_ids":"","_relevanssi_related_exclude_ids":"","_relevanssi_related_no_append":"","_relevanssi_related_not_related":"","_relevanssi_related_posts":"","_relevanssi_noindex_reason":"","inline_featured_image":false},"pwb-brand":[1149],"product_brand":[],"product_cat":[61],"product_tag":[544,589,543,590,588],"class_list":{"0":"post-7963","1":"product","2":"type-product","3":"status-publish","4":"has-post-thumbnail","6":"pwb-brand-equipo-medico-steris","7":"product_cat-autoclaves-esterilizadores","8":"product_tag-amsco","9":"product_tag-amsco-7053l","10":"product_tag-steris","11":"product_tag-steris-7053l","12":"product_tag-steris-amsco-7053l","14":"first","15":"instock","16":"shipping-taxable","17":"purchasable","18":"product-type-simple"},"acf":[],"brands":[{"id":1149,"name":"Steris","slug":"equipo-medico-steris"}],"_links":{"self":[{"href":"https:\/\/www.somatechnology.com\/spanish\/wp-json\/wp\/v2\/product\/7963","targetHints":{"allow":["GET"]}}],"collection":[{"href":"https:\/\/www.somatechnology.com\/spanish\/wp-json\/wp\/v2\/product"}],"about":[{"href":"https:\/\/www.somatechnology.com\/spanish\/wp-json\/wp\/v2\/types\/product"}],"wp:featuredmedia":[{"embeddable":true,"href":"https:\/\/www.somatechnology.com\/spanish\/wp-json\/wp\/v2\/media\/7965"}],"wp:attachment":[{"href":"https:\/\/www.somatechnology.com\/spanish\/wp-json\/wp\/v2\/media?parent=7963"}],"wp:term":[{"taxonomy":"pwb-brand","embeddable":true,"href":"https:\/\/www.somatechnology.com\/spanish\/wp-json\/wp\/v2\/pwb-brand?post=7963"},{"taxonomy":"product_brand","embeddable":true,"href":"https:\/\/www.somatechnology.com\/spanish\/wp-json\/wp\/v2\/product_brand?post=7963"},{"taxonomy":"product_cat","embeddable":true,"href":"https:\/\/www.somatechnology.com\/spanish\/wp-json\/wp\/v2\/product_cat?post=7963"},{"taxonomy":"product_tag","embeddable":true,"href":"https:\/\/www.somatechnology.com\/spanish\/wp-json\/wp\/v2\/product_tag?post=7963"}],"curies":[{"name":"wp","href":"https:\/\/api.w.org\/{rel}","templated":true}]}}