{"id":7968,"date":"2018-02-02T15:17:10","date_gmt":"2018-02-02T15:17:10","guid":{"rendered":"https:\/\/www.somatechnology.com\/spanish\/?post_type=product&#038;p=7968"},"modified":"2025-06-26T10:31:16","modified_gmt":"2025-06-26T14:31:16","slug":"steris-reliance-synergy","status":"publish","type":"product","link":"https:\/\/www.somatechnology.com\/spanish\/equipo-medico-usado-remanufacturado\/autoclaves-esterilizadores\/steris-reliance-synergy\/","title":{"rendered":"Steris Reliance Synergy"},"content":{"rendered":"<h2><strong>Steris Reliance Synergy<\/strong><\/h2>\n<p>The Reliance Synergy Washer\/Disinfector is a mechanical washer equipped with an Eagle 3000 Stage 3 control system. The washer\/disinfector is designed with nine adjustable cycles. One additional cycle is available for customized programming to meet specific operating requirements. Three injection pumps are provided with a standard washer\/disinfector. One enzyme pump, one detergent pump and one lubricant pump (for Thermal Rinse phase) increase the flexibility of the customized cycles. Up to five injection pumps can be installed. Each preprogrammed cycle is equipped with PreWash, Enzyme, Wash, Rinse and Thermal Rinse phases.<\/p>\n<ul>\n<li>10 bandejas DIN Lavadora \/ desinsectadora de doble c\u00e1mara monocameral conforme a EN \/ ISO 15883.<\/li>\n<li>Una muy buena relaci\u00f3n de rack a c\u00e1mara de 96% (cuanto m\u00e1s cerca del 100% mejor es el ajuste del rack para la c\u00e1mara).<\/li>\n<li>Steam o calefacci\u00f3n el\u00e9ctrica.<\/li>\n<\/ul>\n<h3>Dimensiones<\/h3>\n<ul>\n<li>Dimensiones exteriores: 42 x 80 x 36-1 \/ 2 \u00ab(1067 x 2032 x 927 mm)<\/li>\n<li>Dimensiones de la c\u00e1mara interior: 26-1 \/ 2 x 26-1 \/ 4 x 26 \u00ab(673 x 667 x 660 mm)<\/li>\n<li>Altura de carga: 31 \u00ab(787 mm) sobre el piso terminado<\/li>\n<li>Peso, kg (lb): 544.3 kg (1,200.2 lb)<\/li>\n<\/ul>\n<h3>Informaci\u00f3n General<\/h3>\n<ul>\n<li>Dw Rinse (Duraci\u00f3n del ciclo, Min): 0-10<\/li>\n<li>Enjuague (dep\u00f3sito de fluido): 0-15<\/li>\n<li>Enjuague \/ Lubrique (Duraci\u00f3n del ciclo, Min): 0-10<\/li>\n<li>Lavado de detergente (duraci\u00f3n del ciclo, m\u00ednimo): 0-15<\/li>\n<li>Prelavado en fr\u00edo (duraci\u00f3n del ciclo, m\u00edn.): 0-15<\/li>\n<li>Seco (Duraci\u00f3n del ciclo, Min): 0-30<\/li>\n<li>Intensidad de la bomba, HP (Se\u00f1ales): velocidad dual 7.5, 2<\/li>\n<li>Flujo m\u00e1ximo, gal \/ min (Se\u00f1ales): 340.7 (90); 916 (242)<\/li>\n<li>Controlador (potencia necesaria): microprocesador<\/li>\n<li>Fuente de calor (Consola de control): vapor o el\u00e9ctrico<\/li>\n<\/ul>\n","protected":false},"excerpt":{"rendered":"<p>The Reliance Synergy Washer\/Disinfector is a mechanical washer equipped with an Eagle 3000 Stage 3 control system. The washer\/disinfector is designed with nine adjustable cycles. One additional cycle is available for customized programming to meet specific operating requirements. Three injection pumps are provided with a standard washer\/disinfector. One enzyme pump, one detergent pump and one lubricant pump (for Thermal Rinse phase) increase the flexibility of the customized cycles. Up to five injection pumps can be installed. Each preprogrammed cycle is equipped with PreWash, Enzyme, Wash, Rinse and Thermal Rinse phases.<\/p>\n","protected":false},"featured_media":7969,"template":"","meta":{"_acf_changed":false,"_relevanssi_hide_post":"","_relevanssi_hide_content":"","_relevanssi_pin_for_all":"","_relevanssi_pin_keywords":"","_relevanssi_unpin_keywords":"","_relevanssi_related_keywords":"","_relevanssi_related_include_ids":"","_relevanssi_related_exclude_ids":"","_relevanssi_related_no_append":"","_relevanssi_related_not_related":"","_relevanssi_related_posts":"","_relevanssi_noindex_reason":"","inline_featured_image":false},"pwb-brand":[1149],"product_brand":[],"product_cat":[61],"product_tag":[534,543,596,594,595],"class_list":{"0":"post-7968","1":"product","2":"type-product","3":"status-publish","4":"has-post-thumbnail","6":"pwb-brand-equipo-medico-steris","7":"product_cat-autoclaves-esterilizadores","8":"product_tag-reliance","9":"product_tag-steris","10":"product_tag-steris-reliance","11":"product_tag-steris-reliance-synergy","12":"product_tag-synergy","14":"first","15":"instock","16":"shipping-taxable","17":"purchasable","18":"product-type-simple"},"acf":[],"brands":[{"id":1149,"name":"Steris","slug":"equipo-medico-steris"}],"_links":{"self":[{"href":"https:\/\/www.somatechnology.com\/spanish\/wp-json\/wp\/v2\/product\/7968","targetHints":{"allow":["GET"]}}],"collection":[{"href":"https:\/\/www.somatechnology.com\/spanish\/wp-json\/wp\/v2\/product"}],"about":[{"href":"https:\/\/www.somatechnology.com\/spanish\/wp-json\/wp\/v2\/types\/product"}],"wp:featuredmedia":[{"embeddable":true,"href":"https:\/\/www.somatechnology.com\/spanish\/wp-json\/wp\/v2\/media\/7969"}],"wp:attachment":[{"href":"https:\/\/www.somatechnology.com\/spanish\/wp-json\/wp\/v2\/media?parent=7968"}],"wp:term":[{"taxonomy":"pwb-brand","embeddable":true,"href":"https:\/\/www.somatechnology.com\/spanish\/wp-json\/wp\/v2\/pwb-brand?post=7968"},{"taxonomy":"product_brand","embeddable":true,"href":"https:\/\/www.somatechnology.com\/spanish\/wp-json\/wp\/v2\/product_brand?post=7968"},{"taxonomy":"product_cat","embeddable":true,"href":"https:\/\/www.somatechnology.com\/spanish\/wp-json\/wp\/v2\/product_cat?post=7968"},{"taxonomy":"product_tag","embeddable":true,"href":"https:\/\/www.somatechnology.com\/spanish\/wp-json\/wp\/v2\/product_tag?post=7968"}],"curies":[{"name":"wp","href":"https:\/\/api.w.org\/{rel}","templated":true}]}}