{"id":7971,"date":"2018-02-02T15:51:29","date_gmt":"2018-02-02T15:51:29","guid":{"rendered":"https:\/\/www.somatechnology.com\/spanish\/?post_type=product&#038;p=7971"},"modified":"2025-12-11T04:33:52","modified_gmt":"2025-12-11T09:33:52","slug":"stryker-sdc3-capture-device","status":"publish","type":"product","link":"https:\/\/www.somatechnology.com\/spanish\/equipo-medico-usado-remanufacturado\/sistema-de-video-endoscopia\/sistemas-completos-de-endoscopia\/capturadores-de-imagenes\/stryker-sdc3-capture-device\/","title":{"rendered":"Stryker SDC3 Capture Device"},"content":{"rendered":"<div class=\"wpb-content-wrapper\"><p>[vc_row][vc_column][vc_column_text css=\u00bb\u00bb]<\/p>\n<h2><strong>Stryker SDC3 <\/strong><\/h2>\n<p>User Profiles permite que el SDC3 y todas sus funciones se configuren para un cirujano individual con solo presionar un bot\u00f3n. Durante el procedimiento, el SDC3 brinda capacidades \u00fanicas al cirujano y al personal, como un tiempo quir\u00fargico integrado, estado del dispositivo en pantalla, control del dispositivo, control por voz y captura de doble canal. Al finalizar el procedimiento, el SDC3 ofrece al usuario una variedad de m\u00e9todos para administrar los datos capturados, desde medios extra\u00edbles hasta la integraci\u00f3n de HIS y la funcionalidad del iPad. El SDC3 proporciona una soluci\u00f3n de gesti\u00f3n de informaci\u00f3n completa para el carro m\u00f3vil y el OR integrado.<\/p>\n<ul>\n<li>El SDC3, la soluci\u00f3n de administraci\u00f3n de datos innovadora e intuitiva de Stryker, es capaz de almacenar hasta 1 terabyte o 500 casos de informaci\u00f3n del paciente.<\/li>\n<li>Con las opciones de grabaci\u00f3n HD de doble canal, el SDC3 se puede utilizar para grabar video HD nativo desde dos fuentes de video, convirti\u00e9ndose en una herramienta de entrenamiento efectiva.<\/li>\n<li>Inmediatamente despu\u00e9s de la captura, los cirujanos pueden anotar im\u00e1genes sobre la marcha a trav\u00e9s de la voz o desde el cabezal de la c\u00e1mara 1488.<\/li>\n<li>Al comienzo de cada procedimiento, se puede mostrar un tiempo de espera quir\u00fargico personalizado en los monitores, lo que permite almacenar en el archivo del paciente una copia electr\u00f3nica del tiempo de espera quir\u00fargico.<\/li>\n<li>Con SCD3, los gerentes y el personal pueden controlar los dispositivos a trav\u00e9s de una variedad de opciones, incluida la pantalla t\u00e1ctil SDC3, la pantalla t\u00e1ctil SPI3, el control remoto inal\u00e1mbrico, los auriculares inal\u00e1mbricos o el cabezal de c\u00e1mara 1488.<\/li>\n<li>El SDC3 se integra directamente con la aplicaci\u00f3n Studio3 + iPad, que est\u00e1 dise\u00f1ada para aumentar la eficiencia del flujo de trabajo al permitir que los cirujanos vayan directamente del quir\u00f3fano a la familia del paciente.<\/li>\n<\/ul>\n<h3>Grabaci\u00f3n en Alta Definici\u00f3n<\/h3>\n<ul>\n<li>Grabaci\u00f3n HD de doble canal en resoluci\u00f3n nativa<\/li>\n<li>Grabe 1080p en MPEG4 \/ H.264, el est\u00e1ndar de video HD<\/li>\n<li>Grabaci\u00f3n de imagen en imagen o imagen por imagen<\/li>\n<\/ul>\n<h3>User Profiles<\/h3>\n<ul>\n<li>Personaliza la configuraci\u00f3n del perfil de usuario:<\/li>\n<li>Impresiones por p\u00e1gina, anotaciones personalizadas, etc.<\/li>\n<li>Interfaz de usuario accionada por icono<\/li>\n<li>Inicio de sesi\u00f3n seguro por el usuario<\/li>\n<\/ul>\n<h3>Estado del dispositivo en pantalla<\/h3>\n<ul>\n<li>Mostrar el estado de los dispositivos quir\u00fargicos en todos los monitores: insuflador, m\u00e1quina de afeitar, c\u00e1mara, fuente de luz, etc.<\/li>\n<li>Adaptar qu\u00e9 dispositivos se muestran<\/li>\n<li>Ver tiempo quir\u00fargico personalizado en todos los monitores<\/li>\n<\/ul>\n<h3>Administraci\u00f3n de Informaci\u00f3n<\/h3>\n<ul>\n<li>Importaci\u00f3n y carga frontal de datos del paciente<\/li>\n<li>Archivo interno de hasta 500 casos<\/li>\n<li>Almacena y edita sin problemas con Studio3<\/li>\n<li>Guardar en USB, CD \/ DVD, Blu-ray, red o estudio<\/li>\n<\/ul>\n<h3>Dispositivo y control de voz<\/h3>\n<ul>\n<li>Permite a los cirujanos anotar sobre la marcha desde el cabezal de la c\u00e1mara 1488, auriculares inal\u00e1mbricos o control remoto inal\u00e1mbrico.<\/li>\n<\/ul>\n<h3>Funcionalidad del iPad<\/h3>\n<ul>\n<li>La aplicaci\u00f3n Stryker Studio 3 permite a los cirujanos archivar medios quir\u00fargicos en un lugar seguro y tambi\u00e9n la capacidad de compartir con pacientes y m\u00e9dicos remitentes.<\/li>\n<\/ul>\n<h3>Doble canal<\/h3>\n<ul>\n<li>Graba dos se\u00f1ales de video de forma independiente o simult\u00e1nea.<\/li>\n<\/ul>\n<h3>Codificaci\u00f3n MPEG4 (H.264)<\/h3>\n<ul>\n<li>Permite almacenar video 1080p de alta calidad con un espacio m\u00ednimo.<\/li>\n<\/ul>\n<h3>1TB Disco duro de almacenamiento<\/h3>\n<ul>\n<li>Almacena hasta 500 casos en el archivo interno.<\/li>\n<\/ul>\n<h3>Integraci\u00f3n de Studio3<\/h3>\n<ul>\n<li>La integraci\u00f3n directa con Studio3 brinda la capacidad de archivar, editar y compartir medios quir\u00fargicos, al tiempo que mantiene el cumplimiento HIPAA.<\/li>\n<\/ul>\n<h3>Conectividad de red inal\u00e1mbrica<\/h3>\n<ul>\n<li>Integraci\u00f3n inal\u00e1mbrica con redes hospitalarias, como Studio3, PACS y EMR.<\/li>\n<\/ul>\n<p>[\/vc_column_text][\/vc_column][\/vc_row]<\/p>\n<\/div>","protected":false},"excerpt":{"rendered":"<p>[vc_row][vc_column][vc_column_text css=\u00bb\u00bb] Stryker SDC3 User Profiles permite que el SDC3 y todas sus funciones se configuren para un cirujano individual con solo presionar un&#8230;<\/p>\n","protected":false},"featured_media":7973,"template":"","meta":{"_acf_changed":false,"_relevanssi_hide_post":"","_relevanssi_hide_content":"","_relevanssi_pin_for_all":"","_relevanssi_pin_keywords":"","_relevanssi_unpin_keywords":"","_relevanssi_related_keywords":"","_relevanssi_related_include_ids":"","_relevanssi_related_exclude_ids":"","_relevanssi_related_no_append":"","_relevanssi_related_not_related":"","_relevanssi_related_posts":"","_relevanssi_noindex_reason":"","inline_featured_image":false},"pwb-brand":[1079],"product_brand":[],"product_cat":[63],"product_tag":[602,178,601],"class_list":{"0":"post-7971","1":"product","2":"type-product","3":"status-publish","4":"has-post-thumbnail","6":"pwb-brand-equipo-medico-stryker","7":"product_cat-capturadores-de-imagenes","8":"product_tag-sdc3","9":"product_tag-stryker","10":"product_tag-stryker-sdc3","12":"first","13":"instock","14":"shipping-taxable","15":"purchasable","16":"product-type-simple"},"acf":[],"brands":[{"id":1079,"name":"Stryker","slug":"equipo-medico-stryker"}],"_links":{"self":[{"href":"https:\/\/www.somatechnology.com\/spanish\/wp-json\/wp\/v2\/product\/7971","targetHints":{"allow":["GET"]}}],"collection":[{"href":"https:\/\/www.somatechnology.com\/spanish\/wp-json\/wp\/v2\/product"}],"about":[{"href":"https:\/\/www.somatechnology.com\/spanish\/wp-json\/wp\/v2\/types\/product"}],"wp:featuredmedia":[{"embeddable":true,"href":"https:\/\/www.somatechnology.com\/spanish\/wp-json\/wp\/v2\/media\/7973"}],"wp:attachment":[{"href":"https:\/\/www.somatechnology.com\/spanish\/wp-json\/wp\/v2\/media?parent=7971"}],"wp:term":[{"taxonomy":"pwb-brand","embeddable":true,"href":"https:\/\/www.somatechnology.com\/spanish\/wp-json\/wp\/v2\/pwb-brand?post=7971"},{"taxonomy":"product_brand","embeddable":true,"href":"https:\/\/www.somatechnology.com\/spanish\/wp-json\/wp\/v2\/product_brand?post=7971"},{"taxonomy":"product_cat","embeddable":true,"href":"https:\/\/www.somatechnology.com\/spanish\/wp-json\/wp\/v2\/product_cat?post=7971"},{"taxonomy":"product_tag","embeddable":true,"href":"https:\/\/www.somatechnology.com\/spanish\/wp-json\/wp\/v2\/product_tag?post=7971"}],"curies":[{"name":"wp","href":"https:\/\/api.w.org\/{rel}","templated":true}]}}