{"id":7989,"date":"2018-02-02T17:21:20","date_gmt":"2018-02-02T17:21:20","guid":{"rendered":"https:\/\/www.somatechnology.com\/spanish\/?post_type=product&#038;p=7989"},"modified":"2025-12-11T04:56:10","modified_gmt":"2025-12-11T09:56:10","slug":"welch-allyn-video","status":"publish","type":"product","link":"https:\/\/www.somatechnology.com\/spanish\/equipo-medico-usado-remanufacturado\/sistema-de-video-endoscopia\/welch-allyn-video\/","title":{"rendered":"Welch Allyn Video"},"content":{"rendered":"<h2><strong>Welch Allyn Video Endoscopia<\/strong><\/h2>\n<p>El video colposcopio de Welch Allyn es una unidad aut\u00f3noma e independiente que incorpora luz, potencia y video en un sistema \u00fanico y compacto. Para la colposcopia, este es un verdadero avance que hace que todos los beneficios de las im\u00e1genes de video de alta resoluci\u00f3n sean asequibles para el m\u00e9dico. El resultado es m\u00e1s comodidad, rendimiento y satisfacci\u00f3n para usted y para su paciente que haya estado disponible antes.<\/p>\n<ul>\n<li>El colposcopio directo a la pantalla le brinda im\u00e1genes de pantalla completa y alta resoluci\u00f3n sin acopladores ni divisores de haz para degradar la calidad de la imagen o el campo de visi\u00f3n.<\/li>\n<li>La iluminaci\u00f3n Welch Allyn Solarc\u00ae genera un 50% de luz m\u00e1s blanca y brillante para obtener un verdadero color de tis\u00fa.<\/li>\n<li>Pulsador \u00edndice de aumento en pantalla.<\/li>\n<li>El exclusivo filtro de polarizaci\u00f3n elimina el deslumbramiento para una evaluaci\u00f3n tisular precisa.<\/li>\n<li>El filtro verde electr\u00f3nico elimina el rojo de la imagen sin p\u00e9rdida de luz.<\/li>\n<li>Almacene, recupere, compare, anote y transmita im\u00e1genes con administraci\u00f3n avanzada de im\u00e1genes. Una variedad de opciones de documentaci\u00f3n est\u00e1n disponibles.<\/li>\n<\/ul>\n<h3>Requisitos ambientales \/ f\u00edsicos<\/h3>\n<ul>\n<li>Iluminaci\u00f3n: Solarc 5500 \u00b0 K Color Temp<\/li>\n<li>Longitud focal: 300 mm<\/li>\n<li>Aumento: 4.5X-30X<\/li>\n<li>Campo de visi\u00f3n: 66-14 mm<\/li>\n<li>Profundidad de campo: 112-5 mm<\/li>\n<li>Fuente de alimentaci\u00f3n: 110\/120 V, 220\/240 V<\/li>\n<\/ul>\n<p>&nbsp;<\/p>\n","protected":false},"excerpt":{"rendered":"<p>Welch Allyn Video Endoscopia El video colposcopio de Welch Allyn es una unidad aut\u00f3noma e independiente que incorpora luz, potencia y video en un&#8230;<\/p>\n","protected":false},"featured_media":8289,"template":"","meta":{"_acf_changed":false,"_relevanssi_hide_post":"","_relevanssi_hide_content":"","_relevanssi_pin_for_all":"","_relevanssi_pin_keywords":"","_relevanssi_unpin_keywords":"","_relevanssi_related_keywords":"","_relevanssi_related_include_ids":"","_relevanssi_related_exclude_ids":"","_relevanssi_related_no_append":"","_relevanssi_related_not_related":"","_relevanssi_related_posts":"","_relevanssi_noindex_reason":"","inline_featured_image":false},"pwb-brand":[1101],"product_brand":[],"product_cat":[84,9501],"product_tag":[631],"class_list":{"0":"post-7989","1":"product","2":"type-product","3":"status-publish","4":"has-post-thumbnail","6":"pwb-brand-equipo-medico-welch-allyn","7":"product_cat-sistema-de-video-endoscopia","8":"product_cat-colposcopios","9":"product_tag-welch-allyn-video","11":"first","12":"instock","13":"featured","14":"shipping-taxable","15":"purchasable","16":"product-type-simple"},"acf":[],"brands":[{"id":1101,"name":"Welch Allyn","slug":"equipo-medico-welch-allyn"}],"_links":{"self":[{"href":"https:\/\/www.somatechnology.com\/spanish\/wp-json\/wp\/v2\/product\/7989","targetHints":{"allow":["GET"]}}],"collection":[{"href":"https:\/\/www.somatechnology.com\/spanish\/wp-json\/wp\/v2\/product"}],"about":[{"href":"https:\/\/www.somatechnology.com\/spanish\/wp-json\/wp\/v2\/types\/product"}],"wp:featuredmedia":[{"embeddable":true,"href":"https:\/\/www.somatechnology.com\/spanish\/wp-json\/wp\/v2\/media\/8289"}],"wp:attachment":[{"href":"https:\/\/www.somatechnology.com\/spanish\/wp-json\/wp\/v2\/media?parent=7989"}],"wp:term":[{"taxonomy":"pwb-brand","embeddable":true,"href":"https:\/\/www.somatechnology.com\/spanish\/wp-json\/wp\/v2\/pwb-brand?post=7989"},{"taxonomy":"product_brand","embeddable":true,"href":"https:\/\/www.somatechnology.com\/spanish\/wp-json\/wp\/v2\/product_brand?post=7989"},{"taxonomy":"product_cat","embeddable":true,"href":"https:\/\/www.somatechnology.com\/spanish\/wp-json\/wp\/v2\/product_cat?post=7989"},{"taxonomy":"product_tag","embeddable":true,"href":"https:\/\/www.somatechnology.com\/spanish\/wp-json\/wp\/v2\/product_tag?post=7989"}],"curies":[{"name":"wp","href":"https:\/\/api.w.org\/{rel}","templated":true}]}}