{"id":7995,"date":"2018-02-02T17:56:17","date_gmt":"2018-02-02T17:56:17","guid":{"rendered":"https:\/\/www.somatechnology.com\/spanish\/?post_type=product&#038;p=7995"},"modified":"2024-02-15T15:10:53","modified_gmt":"2024-02-15T20:10:53","slug":"cryomedics-krmed","status":"publish","type":"product","link":"https:\/\/www.somatechnology.com\/spanish\/equipo-medico-usado-remanufacturado\/sistema-de-video-endoscopia\/cryomedics-krmed\/","title":{"rendered":"Cryomedics KRmed"},"content":{"rendered":"<h2><strong>Descripci\u00f3n del\u00a0<\/strong><strong>Cryomedics KRmed <\/strong><\/h2>\n<h3><\/h3>\n<p>La colposcopia es un examen visual del cuello uterino que su m\u00e9dico probablemente realizar\u00e1 si recibe un resultado anormal de una prueba de Papanicolau. Los resultados anormales pueden incluir la presencia de VPH (virus del papiloma humano), displasia cervical (c\u00e9lulas anormales precancerosas), c\u00e1ncer de cuello uterino o c\u00e9lulas escamosas. Una prueba de Papanicolaou no es suficiente para diagnosticar las c\u00e9lulas anormales; es solo una selecci\u00f3n para detectarlos. Por lo tanto, se requieren m\u00e1s pruebas para verificar o descartar el VPH, lesiones precancerosas o c\u00e1ncer. La colposcopia es generalmente el primer examen de seguimiento que su m\u00e9dico realizar\u00e1<\/p>\n<ul>\n<li>Cabezal \u00f3ptico de inclinaci\u00f3n ajustable con enfoque ajustable y oculares 20X, 14 mm \u2022 Control de intensidad de luz con tres opciones: apagado, bajo y alto<\/li>\n<li>Utiliza bombilla hal\u00f3gena de 20 V y 150 W<\/li>\n<li>Brazo horizontal de 20.5 pulgadas y brazo descendente de 8.5 pulgadas<\/li>\n<li>Base triangular con ruedas<\/li>\n<li>Cable de alimentaci\u00f3n de 7 pies con enchufe con conexi\u00f3n a tierra<\/li>\n<li>Colposcopio Fiberlight<\/li>\n<li>Base: 22.5 x 22.5 in<\/li>\n<li>Altura: 56.5 (m\u00ednimo)<\/li>\n<\/ul>\n<h3>Tama\u00f1o<\/h3>\n<ul>\n<li>Base: 22.5 x 22.5 in<\/li>\n<li>Altura: 56.5 (m\u00ednimo)<\/li>\n<\/ul>\n","protected":false},"excerpt":{"rendered":"<p><label class=\"selectit\">Sistema de Video Endoscopia<\/label><\/p>\n","protected":false},"featured_media":8294,"template":"","meta":{"_acf_changed":false,"_relevanssi_hide_post":"","_relevanssi_hide_content":"","_relevanssi_pin_for_all":"","_relevanssi_pin_keywords":"","_relevanssi_unpin_keywords":"","_relevanssi_related_keywords":"","_relevanssi_related_include_ids":"","_relevanssi_related_exclude_ids":"","_relevanssi_related_no_append":"","_relevanssi_related_not_related":"","_relevanssi_related_posts":"","_relevanssi_noindex_reason":"","inline_featured_image":false},"pwb-brand":[1311],"product_brand":[],"product_cat":[84,9501],"product_tag":[643,641,642],"class_list":{"0":"post-7995","1":"product","2":"type-product","3":"status-publish","4":"has-post-thumbnail","6":"pwb-brand-equipo-medico-cryomedics","7":"product_cat-sistema-de-video-endoscopia","8":"product_cat-colposcopios","9":"product_tag-cryomedics","10":"product_tag-cryomedics-krmed","11":"product_tag-krmed","13":"first","14":"instock","15":"shipping-taxable","16":"purchasable","17":"product-type-simple"},"acf":[],"brands":[{"id":1311,"name":"Cryomedics","slug":"equipo-medico-cryomedics"}],"_links":{"self":[{"href":"https:\/\/www.somatechnology.com\/spanish\/wp-json\/wp\/v2\/product\/7995","targetHints":{"allow":["GET"]}}],"collection":[{"href":"https:\/\/www.somatechnology.com\/spanish\/wp-json\/wp\/v2\/product"}],"about":[{"href":"https:\/\/www.somatechnology.com\/spanish\/wp-json\/wp\/v2\/types\/product"}],"wp:featuredmedia":[{"embeddable":true,"href":"https:\/\/www.somatechnology.com\/spanish\/wp-json\/wp\/v2\/media\/8294"}],"wp:attachment":[{"href":"https:\/\/www.somatechnology.com\/spanish\/wp-json\/wp\/v2\/media?parent=7995"}],"wp:term":[{"taxonomy":"pwb-brand","embeddable":true,"href":"https:\/\/www.somatechnology.com\/spanish\/wp-json\/wp\/v2\/pwb-brand?post=7995"},{"taxonomy":"product_brand","embeddable":true,"href":"https:\/\/www.somatechnology.com\/spanish\/wp-json\/wp\/v2\/product_brand?post=7995"},{"taxonomy":"product_cat","embeddable":true,"href":"https:\/\/www.somatechnology.com\/spanish\/wp-json\/wp\/v2\/product_cat?post=7995"},{"taxonomy":"product_tag","embeddable":true,"href":"https:\/\/www.somatechnology.com\/spanish\/wp-json\/wp\/v2\/product_tag?post=7995"}],"curies":[{"name":"wp","href":"https:\/\/api.w.org\/{rel}","templated":true}]}}