{"id":8007,"date":"2018-02-05T16:31:57","date_gmt":"2018-02-05T16:31:57","guid":{"rendered":"https:\/\/www.somatechnology.com\/spanish\/?post_type=product&#038;p=8007"},"modified":"2025-12-11T04:17:46","modified_gmt":"2025-12-11T09:17:46","slug":"ge-giraffe","status":"publish","type":"product","link":"https:\/\/www.somatechnology.com\/spanish\/equipo-medico-usado-remanufacturado\/ucii-nicu-unidades-neonatales-cuidado-intensivo\/incubadoras\/ge-giraffe\/","title":{"rendered":"GE Giraffe Carestation"},"content":{"rendered":"<h2><strong>GE Giraffe <\/strong><\/h2>\n<p>Presentamos GE Giraffe Carestation (Cuidado): revolucionando las incubadoras NICU para crear un entorno curativo sereno para los reci\u00e9n nacidos. Experimente un flujo de aire bidireccional y condiciones t\u00e9rmicas estables con su construcci\u00f3n de doble pared. El sistema de humedad servocontrolado garantiza condiciones \u00f3ptimas y prioriza la limpieza para prevenir infecciones. Ajuste f\u00e1cilmente la configuraci\u00f3n con la pantalla t\u00e1ctil a color de 10,4 pulgadas f\u00e1cil de usar. Para el modelo anterior, explore la incubadora de jirafas GE.<\/p>\n<ul>\n<li>La inclinaci\u00f3n de la cama activada internamente es suave y continua a trav\u00e9s de 0-12 \u00b0 en ambas posiciones Trendelenburg<\/li>\n<li>El sistema de control de ox\u00edgeno servo opcional mantiene un ambiente enriquecido con ox\u00edgeno<\/li>\n<li>La base elevable acomoda a los cuidadores permanentes y a la familia sentada, incluso a los que est\u00e1n sentados en sillas de ruedas<\/li>\n<li>La escala en la cama con tendencia al peso permite tomar pesos y tendencias sin quitar al beb\u00e9 (hasta 14 pesos almacenados)<\/li>\n<li>Ayuda a aliviar los puntos de presi\u00f3n y preserva la integridad de la piel a la vez que mejora la eficacia cl\u00ednica al reducir los gastos<\/li>\n<\/ul>\n","protected":false},"excerpt":{"rendered":"<p>GE Giraffe Presentamos GE Giraffe Carestation (Cuidado): revolucionando las incubadoras NICU para crear un entorno curativo sereno para los reci\u00e9n nacidos. Experimente un flujo&#8230;<\/p>\n","protected":false},"featured_media":8008,"template":"","meta":{"_acf_changed":false,"_relevanssi_hide_post":"","_relevanssi_hide_content":"","_relevanssi_pin_for_all":"","_relevanssi_pin_keywords":"","_relevanssi_unpin_keywords":"","_relevanssi_related_keywords":"","_relevanssi_related_include_ids":"","_relevanssi_related_exclude_ids":"","_relevanssi_related_no_append":"","_relevanssi_related_not_related":"","_relevanssi_related_posts":"","_relevanssi_noindex_reason":"","inline_featured_image":false},"pwb-brand":[1100],"product_brand":[],"product_cat":[55],"product_tag":[224,567,569],"class_list":{"0":"post-8007","1":"product","2":"type-product","3":"status-publish","4":"has-post-thumbnail","6":"pwb-brand-equipo-medico-ge","7":"product_cat-incubadoras","8":"product_tag-ge","9":"product_tag-ge-giraffe","10":"product_tag-giraffe","12":"first","13":"instock","14":"featured","15":"shipping-taxable","16":"purchasable","17":"product-type-simple"},"acf":[],"brands":[{"id":1100,"name":"GE","slug":"equipo-medico-ge"}],"_links":{"self":[{"href":"https:\/\/www.somatechnology.com\/spanish\/wp-json\/wp\/v2\/product\/8007","targetHints":{"allow":["GET"]}}],"collection":[{"href":"https:\/\/www.somatechnology.com\/spanish\/wp-json\/wp\/v2\/product"}],"about":[{"href":"https:\/\/www.somatechnology.com\/spanish\/wp-json\/wp\/v2\/types\/product"}],"wp:featuredmedia":[{"embeddable":true,"href":"https:\/\/www.somatechnology.com\/spanish\/wp-json\/wp\/v2\/media\/8008"}],"wp:attachment":[{"href":"https:\/\/www.somatechnology.com\/spanish\/wp-json\/wp\/v2\/media?parent=8007"}],"wp:term":[{"taxonomy":"pwb-brand","embeddable":true,"href":"https:\/\/www.somatechnology.com\/spanish\/wp-json\/wp\/v2\/pwb-brand?post=8007"},{"taxonomy":"product_brand","embeddable":true,"href":"https:\/\/www.somatechnology.com\/spanish\/wp-json\/wp\/v2\/product_brand?post=8007"},{"taxonomy":"product_cat","embeddable":true,"href":"https:\/\/www.somatechnology.com\/spanish\/wp-json\/wp\/v2\/product_cat?post=8007"},{"taxonomy":"product_tag","embeddable":true,"href":"https:\/\/www.somatechnology.com\/spanish\/wp-json\/wp\/v2\/product_tag?post=8007"}],"curies":[{"name":"wp","href":"https:\/\/api.w.org\/{rel}","templated":true}]}}