{"id":8010,"date":"2018-02-05T16:46:21","date_gmt":"2018-02-05T16:46:21","guid":{"rendered":"https:\/\/www.somatechnology.com\/spanish\/?post_type=product&#038;p=8010"},"modified":"2024-12-19T14:33:37","modified_gmt":"2024-12-19T19:33:37","slug":"philips-veradius-unity","status":"publish","type":"product","link":"https:\/\/www.somatechnology.com\/spanish\/equipo-medico-usado-remanufacturado\/imagenologia-radiologia\/arcos-en-c\/philips-veradius-unity\/","title":{"rendered":"Philips Veradius Unity"},"content":{"rendered":"<h2>Caracter\u00edsticas del\u00a0Philips Veradius Unity<\/h2>\n<p>El <strong><a href=\"https:\/\/www.somatechnology.com\/wp-content\/uploads\/sites\/2\/2018\/02\/phillips-veradius-spa.pdf\">Arco en C Philips Veradius<\/a><\/strong> ofrece im\u00e1genes de alta calidad para guiar y posicionar durante procedimientos diagn\u00f3sticos, intervencionistas y quir\u00fargicos tanto en pacientes adultos como pedi\u00e1tricos. Dise\u00f1ado para usarse dentro y fuera del quir\u00f3fano, es ideal para aplicaciones en ortopedia, neurolog\u00eda, cirug\u00eda abdominal, intervenciones vasculares, procedimientos tor\u00e1cicos y cuidado card\u00edaco. Este Arco en C port\u00e1til cuenta con un \u00e1nodo rotatorio y un filtro de haz integrado para reducir la dosis de radiaci\u00f3n, mejorando la seguridad del paciente.<\/p>\n<ul>\n<li>Interruptor de pie inal\u00e1mbrico<\/li>\n<li>Reposicionamiento preciso con PositionMemory<\/li>\n<li>Dosis en tiempo real retroalimentaci\u00f3n de la dosis<\/li>\n<li>Menos de 70 segundos de inicio del sistema<\/li>\n<li>ClearGuide<\/li>\n<li>Incre\u00edble calidad de imagen<\/li>\n<li>Monitores LCD en color duales de 19 \u00ab<\/li>\n<li>Detector plano<\/li>\n<\/ul>\n<p>&nbsp;<\/p>\n","protected":false},"excerpt":{"rendered":"<p>Arcos en C<\/p>\n","protected":false},"featured_media":31486,"template":"","meta":{"_acf_changed":false,"_relevanssi_hide_post":"","_relevanssi_hide_content":"","_relevanssi_pin_for_all":"","_relevanssi_pin_keywords":"","_relevanssi_unpin_keywords":"","_relevanssi_related_keywords":"","_relevanssi_related_include_ids":"","_relevanssi_related_exclude_ids":"","_relevanssi_related_no_append":"","_relevanssi_related_not_related":"","_relevanssi_related_posts":"","_relevanssi_noindex_reason":"","inline_featured_image":false},"pwb-brand":[1102],"product_brand":[],"product_cat":[66],"product_tag":[10443,10447,245,10445,10442,10446,4008,4580,247,10444,273,645,10448],"class_list":{"0":"post-8010","1":"product","2":"type-product","3":"status-publish","4":"has-post-thumbnail","6":"pwb-brand-equipo-medico-philips","7":"product_cat-arcos-en-c","8":"product_tag-arco-c","9":"product_tag-arco-c-philips","10":"product_tag-arco-en-c","11":"product_tag-arco-en-c-philips","12":"product_tag-arcos-c","13":"product_tag-arcos-c-philips","14":"product_tag-arcos-en-c","15":"product_tag-arcos-en-c-philips","16":"product_tag-carm","17":"product_tag-carms","18":"product_tag-philips","19":"product_tag-philips-veradius","20":"product_tag-veradius","22":"first","23":"instock","24":"shipping-taxable","25":"purchasable","26":"product-type-simple"},"acf":[],"brands":[{"id":1102,"name":"Philips","slug":"equipo-medico-philips"}],"_links":{"self":[{"href":"https:\/\/www.somatechnology.com\/spanish\/wp-json\/wp\/v2\/product\/8010","targetHints":{"allow":["GET"]}}],"collection":[{"href":"https:\/\/www.somatechnology.com\/spanish\/wp-json\/wp\/v2\/product"}],"about":[{"href":"https:\/\/www.somatechnology.com\/spanish\/wp-json\/wp\/v2\/types\/product"}],"wp:featuredmedia":[{"embeddable":true,"href":"https:\/\/www.somatechnology.com\/spanish\/wp-json\/wp\/v2\/media\/31486"}],"wp:attachment":[{"href":"https:\/\/www.somatechnology.com\/spanish\/wp-json\/wp\/v2\/media?parent=8010"}],"wp:term":[{"taxonomy":"pwb-brand","embeddable":true,"href":"https:\/\/www.somatechnology.com\/spanish\/wp-json\/wp\/v2\/pwb-brand?post=8010"},{"taxonomy":"product_brand","embeddable":true,"href":"https:\/\/www.somatechnology.com\/spanish\/wp-json\/wp\/v2\/product_brand?post=8010"},{"taxonomy":"product_cat","embeddable":true,"href":"https:\/\/www.somatechnology.com\/spanish\/wp-json\/wp\/v2\/product_cat?post=8010"},{"taxonomy":"product_tag","embeddable":true,"href":"https:\/\/www.somatechnology.com\/spanish\/wp-json\/wp\/v2\/product_tag?post=8010"}],"curies":[{"name":"wp","href":"https:\/\/api.w.org\/{rel}","templated":true}]}}