{"id":8013,"date":"2018-02-05T17:01:56","date_gmt":"2018-02-05T17:01:56","guid":{"rendered":"https:\/\/www.somatechnology.com\/spanish\/?post_type=product&#038;p=8013"},"modified":"2025-11-13T16:20:24","modified_gmt":"2025-11-13T21:20:24","slug":"ge-oec-elite-cfd-super-c","status":"publish","type":"product","link":"https:\/\/www.somatechnology.com\/spanish\/equipo-medico-usado-remanufacturado\/imagenologia-radiologia\/arcos-en-c\/ge-oec-elite-cfd-super-c\/","title":{"rendered":"GE OEC Elite CFD &#8211; Super C"},"content":{"rendered":"<h2>Caracter\u00edsticas del GE OEC Elite CFD &#8211; Super C<\/h2>\n<p>El\u00a0<a href=\"https:\/\/www.somatechnology.com\/spanish\/wp-content\/uploads\/sites\/2\/2018\/02\/GE-CFD-Super-C-spa.pdf\" target=\"_blank\" rel=\"noopener\"><strong>GE OEC Elite CFD Super C<\/strong><\/a> es un arco en C dise\u00f1ado para satisfacer una amplia gama de procedimientos, incluidos los procedimientos vasculares, ortop\u00e9dicos, gastrointestinales, endosc\u00f3picos, urol\u00f3gicos, neurol\u00f3gicos, de cuidados cr\u00edticos, de manejo del dolor y de emergencias. Su tecnolog\u00eda de detector plano CMOS (CFD) proporciona im\u00e1genes de alta resoluci\u00f3n a bajas dosis, lo que permite al equipo cl\u00ednico observar detalles anat\u00f3micos precisos en todo tipo de pacientes.<\/p>\n<ul>\n<li>Anatom\u00eda m\u00e1s detallada, independientemente de la densidad del paciente<\/li>\n<li>Mayor eficiencia y facilidad de operaci\u00f3n con su equipo quir\u00fargico<\/li>\n<li>Crujiente 4K UHD 32&#8243; monitor<\/li>\n<li>Interfaz de usuario de OEC simple e intuitiva<\/li>\n<li>Detector plano CMOS exclusivo (CFD)<\/li>\n<\/ul>\n","protected":false},"excerpt":{"rendered":"<p>Arcos en C<\/p>\n","protected":false},"featured_media":32872,"template":"","meta":{"_acf_changed":false,"_relevanssi_hide_post":"","_relevanssi_hide_content":"","_relevanssi_pin_for_all":"","_relevanssi_pin_keywords":"","_relevanssi_unpin_keywords":"","_relevanssi_related_keywords":"","_relevanssi_related_include_ids":"","_relevanssi_related_exclude_ids":"","_relevanssi_related_no_append":"","_relevanssi_related_not_related":"","_relevanssi_related_posts":"","_relevanssi_noindex_reason":"","inline_featured_image":false},"pwb-brand":[1100],"product_brand":[],"product_cat":[66],"product_tag":[4523,224,650,655,654,653],"class_list":{"0":"post-8013","1":"product","2":"type-product","3":"status-publish","4":"has-post-thumbnail","6":"pwb-brand-equipo-medico-ge","7":"product_cat-arcos-en-c","8":"product_tag-arcos-en-c-ge","9":"product_tag-ge","10":"product_tag-ge-oec","11":"product_tag-ge-oec-elite","12":"product_tag-ge-oec-elite-cfd","13":"product_tag-ge-oec-elite-cfd-super-c","15":"first","16":"instock","17":"shipping-taxable","18":"purchasable","19":"product-type-simple"},"acf":[],"brands":[{"id":1100,"name":"GE","slug":"equipo-medico-ge"}],"_links":{"self":[{"href":"https:\/\/www.somatechnology.com\/spanish\/wp-json\/wp\/v2\/product\/8013","targetHints":{"allow":["GET"]}}],"collection":[{"href":"https:\/\/www.somatechnology.com\/spanish\/wp-json\/wp\/v2\/product"}],"about":[{"href":"https:\/\/www.somatechnology.com\/spanish\/wp-json\/wp\/v2\/types\/product"}],"wp:featuredmedia":[{"embeddable":true,"href":"https:\/\/www.somatechnology.com\/spanish\/wp-json\/wp\/v2\/media\/32872"}],"wp:attachment":[{"href":"https:\/\/www.somatechnology.com\/spanish\/wp-json\/wp\/v2\/media?parent=8013"}],"wp:term":[{"taxonomy":"pwb-brand","embeddable":true,"href":"https:\/\/www.somatechnology.com\/spanish\/wp-json\/wp\/v2\/pwb-brand?post=8013"},{"taxonomy":"product_brand","embeddable":true,"href":"https:\/\/www.somatechnology.com\/spanish\/wp-json\/wp\/v2\/product_brand?post=8013"},{"taxonomy":"product_cat","embeddable":true,"href":"https:\/\/www.somatechnology.com\/spanish\/wp-json\/wp\/v2\/product_cat?post=8013"},{"taxonomy":"product_tag","embeddable":true,"href":"https:\/\/www.somatechnology.com\/spanish\/wp-json\/wp\/v2\/product_tag?post=8013"}],"curies":[{"name":"wp","href":"https:\/\/api.w.org\/{rel}","templated":true}]}}