{"id":8015,"date":"2018-02-05T17:16:24","date_gmt":"2018-02-05T17:16:24","guid":{"rendered":"https:\/\/www.somatechnology.com\/spanish\/?post_type=product&#038;p=8015"},"modified":"2023-08-23T06:21:16","modified_gmt":"2023-08-23T10:21:16","slug":"ge-oec-elite-cfd-ergo-c","status":"publish","type":"product","link":"https:\/\/www.somatechnology.com\/spanish\/equipo-medico-usado-remanufacturado\/imagenologia-radiologia\/arcos-en-c\/ge-oec-elite-cfd-ergo-c\/","title":{"rendered":"GE OEC Elite CFD &#8211; Ergo C"},"content":{"rendered":"<h2>Caracter\u00edsticas del\u00a0GE OEC Elite CFD &#8211; Ergo C<\/h2>\n<p>Con tecnolog\u00eda avanzada, flujo de trabajo inteligente y control de dosis, GE Elite Elite CFD Ergo C es el futuro de la imagenolog\u00eda quir\u00fargica m\u00f3vil. Este sistema es ideal para una variedad de necesidades quir\u00fargicas que incluyen procedimientos vasculares, ortop\u00e9dicos, gastrointestinales, endosc\u00f3picos, urol\u00f3gicos, neurol\u00f3gicos, de cuidados intensivos, control del dolor y de emergencia. Ahora con la tecnolog\u00eda de panel plano CMOS, vea lo que se ha perdido y experimente la calidad de imagen en dosis bajas. El Elite CFD de OEC tambi\u00e9n brinda una experiencia de usuario mejorada para un flujo de trabajo quir\u00fargico fluido.<\/p>\n<ul>\n<li>Impresionante calidad de imagen en dosis bajas.<\/li>\n<li>Anatom\u00eda m\u00e1s detallada, independientemente de la densidad del paciente.<\/li>\n<li>Eficiencia y mayor facilidad de operaci\u00f3n con su equipo quir\u00fargico.<\/li>\n<li>Crujiente 4K UHD 32 In Monitor.<\/li>\n<li>Interfaz de usuario OEC simple e intuitiva.<\/li>\n<li>Detector plano CMOS exclusivo (CFD).<\/li>\n<\/ul>\n<h2 dir=\"ltr\" data-placeholder=\"Translation\"><span lang=\"es\">Especificaciones<\/span> del\u00a0GE OEC Elite CFD &#8211; Ergo C<\/h2>\n<ul>\n<li>Alcance con 55 \u00b0 de overscan y 97 \u00b0 underscan<\/li>\n<li>Arco en C \u00e1gil con 26.5 \u00abde profundidad<\/li>\n<li>Posicionamiento eficiente con flip-flop de 180 \u00b0 \/ 180 \u00b0<\/li>\n<li>Establecer e ir con bloqueos graduales codificados por colores<\/li>\n<li>Acomodando la altura lateral baja<\/li>\n<li>Menos ajustes con peque\u00f1a AP \/ Desplazamiento lateral<\/li>\n<\/ul>\n<h3>Monitor<\/h3>\n<ul>\n<li>4k UHD 32 In Monitor<\/li>\n<li>El monitor de articulaci\u00f3n ergon\u00f3mico se extiende hasta 27 In con un rango completo de movimiento<\/li>\n<li>Interfaz de usuario de OEC simple e intuitiva<\/li>\n<li>Conserva el 100% de FOV incluso cuando est\u00e1 en rotaci\u00f3n<\/li>\n<\/ul>\n<h3>Puesto de trabajo<\/h3>\n<ul>\n<li>Dise\u00f1o delgado y liviano<\/li>\n<li>Conveniente compartimiento de almacenamiento para impresoras o accesorios<\/li>\n<li>SmartConnect (Desconecte y vuelva a conectar el Arco en C sin reiniciar)<\/li>\n<\/ul>\n<h3>Arco en C<\/h3>\n<ul>\n<li>Detector plano CMOS exclusivo (CFD)<\/li>\n<li>Carcasa de panel de factor de forma peque\u00f1o<\/li>\n<li>21 cm x 21 cm o 31 cm x 31 cm (CFD)<\/li>\n<li>Fluoroscopia continua suave<\/li>\n<li>Procesamiento de im\u00e1genes completo de 1.5k x 1.5k x 16 Bit a 30 fps<\/li>\n<li>C\u00f3modo monitor TechView<\/li>\n<li>Aimer l\u00e1ser integrado preciso<\/li>\n<li>Rejilla anti-dispersi\u00f3n extra\u00edble con dedos<\/li>\n<li>55 \u00b0 Overscan<\/li>\n<li>Tecnolog\u00eda de enfriamiento avanzada<\/li>\n<li>Tubo de rayos X de perfil bajo<\/li>\n<\/ul>\n","protected":false},"excerpt":{"rendered":"<p>Arcos en C<\/p>\n","protected":false},"featured_media":11529,"template":"","meta":{"_acf_changed":false,"_relevanssi_hide_post":"","_relevanssi_hide_content":"","_relevanssi_pin_for_all":"","_relevanssi_pin_keywords":"","_relevanssi_unpin_keywords":"","_relevanssi_related_keywords":"","_relevanssi_related_include_ids":"","_relevanssi_related_exclude_ids":"","_relevanssi_related_no_append":"","_relevanssi_related_not_related":"","_relevanssi_related_posts":"","_relevanssi_noindex_reason":"","inline_featured_image":false},"pwb-brand":[1100],"product_brand":[],"product_cat":[66],"product_tag":[4008,4523,224,4524,650,655,4546,654,656,4547,657],"class_list":{"0":"post-8015","1":"product","2":"type-product","3":"status-publish","4":"has-post-thumbnail","6":"pwb-brand-equipo-medico-ge","7":"product_cat-arcos-en-c","8":"product_tag-arcos-en-c","9":"product_tag-arcos-en-c-ge","10":"product_tag-ge","11":"product_tag-ge-arcos-en-c","12":"product_tag-ge-oec","13":"product_tag-ge-oec-elite","14":"product_tag-ge-oec-elite-arcos-en-c","15":"product_tag-ge-oec-elite-cfd","16":"product_tag-ge-oec-elite-cfd-ergo-c","17":"product_tag-ge-oec-elite-cfd-ergo-c-arcos-en-c","18":"product_tag-ge-oec-elite-ergo-c","20":"first","21":"instock","22":"shipping-taxable","23":"purchasable","24":"product-type-simple"},"acf":[],"brands":[{"id":1100,"name":"GE","slug":"equipo-medico-ge"}],"_links":{"self":[{"href":"https:\/\/www.somatechnology.com\/spanish\/wp-json\/wp\/v2\/product\/8015","targetHints":{"allow":["GET"]}}],"collection":[{"href":"https:\/\/www.somatechnology.com\/spanish\/wp-json\/wp\/v2\/product"}],"about":[{"href":"https:\/\/www.somatechnology.com\/spanish\/wp-json\/wp\/v2\/types\/product"}],"wp:featuredmedia":[{"embeddable":true,"href":"https:\/\/www.somatechnology.com\/spanish\/wp-json\/wp\/v2\/media\/11529"}],"wp:attachment":[{"href":"https:\/\/www.somatechnology.com\/spanish\/wp-json\/wp\/v2\/media?parent=8015"}],"wp:term":[{"taxonomy":"pwb-brand","embeddable":true,"href":"https:\/\/www.somatechnology.com\/spanish\/wp-json\/wp\/v2\/pwb-brand?post=8015"},{"taxonomy":"product_brand","embeddable":true,"href":"https:\/\/www.somatechnology.com\/spanish\/wp-json\/wp\/v2\/product_brand?post=8015"},{"taxonomy":"product_cat","embeddable":true,"href":"https:\/\/www.somatechnology.com\/spanish\/wp-json\/wp\/v2\/product_cat?post=8015"},{"taxonomy":"product_tag","embeddable":true,"href":"https:\/\/www.somatechnology.com\/spanish\/wp-json\/wp\/v2\/product_tag?post=8015"}],"curies":[{"name":"wp","href":"https:\/\/api.w.org\/{rel}","templated":true}]}}