{"id":8018,"date":"2018-02-05T17:47:48","date_gmt":"2018-02-05T17:47:48","guid":{"rendered":"https:\/\/www.somatechnology.com\/spanish\/?post_type=product&#038;p=8018"},"modified":"2023-08-23T06:21:17","modified_gmt":"2023-08-23T10:21:17","slug":"siemens-arcadis-orbic-3d","status":"publish","type":"product","link":"https:\/\/www.somatechnology.com\/spanish\/equipo-medico-usado-remanufacturado\/imagenologia-radiologia\/arcos-en-c\/siemens-arcadis-orbic-3d\/","title":{"rendered":"Siemens ARCADIS Orbic 3D"},"content":{"rendered":"<h2>CARACTER\u00cdSTICAS DE SIEMENS ARCADIS ORBIC 3D<\/h2>\n<p>El sistema de Arco en C m\u00f3vil <strong>ARCADIS Orbic 3D<\/strong> ofrece tiempos de exploraci\u00f3n r\u00e1pidos y una calidad de imagen mejorada. El ARCADIS genera im\u00e1genes 2D de la anatom\u00eda humana en s\u00f3lo 30 segundos en resoluci\u00f3n 1K2 o 60 segundos para 100 im\u00e1genes 2D. Los equipos de arco en C ARCADIS Orbic 3D pueden equiparse con la interfaz de navegaci\u00f3n 3D directa NaviLink 3D, o elegir la plataforma de navegaci\u00f3n \u00f3ptica integrada NaviVision 3D<\/p>\n<p>El software de ARCADIS Orbic est\u00e1 dise\u00f1ado para apoyar todo el flujo de trabajo cl\u00ednico, desde el registro del paciente hasta la documentaci\u00f3n de las im\u00e1genes. Los datos de los pacientes pueden transferirse sin problemas desde el sistema de informaci\u00f3n del hospital a la lista de trabajo del arco en C. Dos caracter\u00edsticas distintivas del arco en C m\u00f3vil ARCADIS Orbic son el verdadero movimiento orbital isoc\u00e9ntrico y el movimiento orbital de 190\u00b0 con un sobreescaneo de 95\u00b0. Gracias a esta tecnolog\u00eda, esta unidad no requiere reajustes horizontales o verticales para mantener el \u00e1rea de visualizaci\u00f3n centrada y enfocada.<\/p>\n<h2>ESPECIFICACIONES DE SIEMENS ARCADIS ORBIC 3D<\/h2>\n<h3>Dimensiones<\/h3>\n<ul>\n<li>Di\u00e1metro: 9 in, 6 in (23 cm, 15cm)<\/li>\n<li>Altura x Anchura x Profundidad del Armaz\u00f3n del Arco en C (Procesamiento y Almacenamiento de Im\u00e1genes): 72 x 31.5 x 84.5 in (183 x 80 x 215 cm)<\/li>\n<li>Peso: 765 lbs (348 kg) chasis\n<ul>\n<li>418 lbs (190 kg) carro de monitor<\/li>\n<\/ul>\n<\/li>\n<li>Tama\u00f1os del Soporte de Casetes: 24 x 3024 x 30 cm<\/li>\n<li>Espacio libre (C-Arm): 31 in (78 cm)<\/li>\n<li>Profundidad (P\u00f3rtico PA): 29 in (73 cm)<\/li>\n<li>Movimiento de Desplazamiento (Arco en C): 10<\/li>\n<li>Rotaci\u00f3n (Arco en C): 75 in (190 cm)<\/li>\n<li>Recorrido Horizontal (Arco en C): 7.9 in (20 cm)<\/li>\n<li>Rotaci\u00f3n del Pivote (Arco en C): 75 in (190 cm)<\/li>\n<\/ul>\n<h3>Arco en C<\/h3>\n<ul>\n<li>Movimiento Isoc\u00e9ntrico del Arco en C con cables integrados y frenos electromagn\u00e9ticos<\/li>\n<li>Movimiento Orbital: 190\u00b0 (\u00b1 95\u00b0)<\/li>\n<li>Angulaci\u00f3n: \u00b1 190\u00b0<\/li>\n<li>Movimiento Horizontal: 7.9 in (20 cm)<\/li>\n<li>Profundidad de Inmersi\u00f3n: 28.7 in (73 cm)<\/li>\n<li>Rango de Giro: \u00b1 10\u00b0<\/li>\n<li>Desplazamiento Vertical: 15.7 in (40 cm) motorizado<\/li>\n<li>Distancia fuente-I.I: 38.5 in (98 cm)<\/li>\n<li>Espacio Libre: 30.7 in (78 cm)<\/li>\n<\/ul>\n<h3>Generador \/ Tubo de Rayos X<\/h3>\n<ul>\n<li>Potencia Pulsada M\u00e1xima: 2.3 kW<\/li>\n<li>Frecuencia de Control del Inversor: 15 kHz a 30 kHz<\/li>\n<li>Rango de kV 40: kV a 110 kV<\/li>\n<li>Fluoroscopia: 02 mA a 15.2 mA (m\u00e1x. 1000 W)<\/li>\n<li>Radiograf\u00eda Digital: 0.2 mA a 23 mA (m\u00e1x. 1000 W)<\/li>\n<li>Fluoroscopia pulsada hasta 23 mA<\/li>\n<li>Ancho de pulso m\u00edn. 7 ms\n<ul>\n<li>Frecuencia de pulso hasta 8 f\/s, hasta 15 f\/s*<\/li>\n<\/ul>\n<\/li>\n<li>El Modo de Potencia permite la salida m\u00e1xima temporal en fluoroscopia continua y fluoroscopia pulsada<\/li>\n<\/ul>\n<h3>Datos de Funcionamiento<\/h3>\n<ul>\n<li>Requisitos de Alimentaci\u00f3n: 100 V, 110 V, 120 V, 127 V, 200 V, 230 V, 240 V, (\u00b1 10%), 50\/60 Hz (\u00b1 1 Hz)\n<ul>\n<li>Fusible del dispositivo (interno): 100 V a 127 V 20 A fusible lento 200 V a 240 V 15 A fusible lento<\/li>\n<\/ul>\n<\/li>\n<\/ul>\n<h3>Condiciones Ambientales<\/h3>\n<ul>\n<li>Rango de Temperatura: + 15\u00b0C a + 35\u00b0C<\/li>\n<li>Humedad Relativa: 15% a 75%, sin condensaci\u00f3n<\/li>\n<li>Presi\u00f3n Barom\u00e9trica: 700 hPa a 1060 hPa<\/li>\n<\/ul>\n<h3>General<\/h3>\n<ul>\n<li>Pulsos por Segundo (monitor): p a 15<\/li>\n<li>Rango de Ma (Sistema de im\u00e1genes): 0.2 &#8211; 23<\/li>\n<li>Fluoroscopia Pulsada (Generador de Rayos X): S\u00ed<\/li>\n<li>Rango de Kv (Generador de Rayos X): 40<\/li>\n<li>Aec (Generador de Rayos X): mAs<\/li>\n<li>Potencia Nominal del Tubo, kw 100 kvp (Salida M\u00e1xima): 2.3<\/li>\n<li>Requisitos de Alimentaci\u00f3n: 110-240 VAC<\/li>\n<\/ul>\n<h3>V\u00eddeo \/ Im\u00e1genes<\/h3>\n<ul>\n<li>Tama\u00f1o del Monitor (Objeto m\u00e1ximo): 18 monitores planos TFT duales<\/li>\n<li>Alto x Ancho x Profundidad del Armaz\u00f3n del Arco en C, (Procesamiento y Almacenamiento de Im\u00e1genes): 72 x 31.5 x 84.5 in (183 x 80 x 215 cm)<\/li>\n<li>Almacenamiento de V\u00eddeo (Procesamiento y Almacenamiento de Im\u00e1genes): Memoria digital, disco<\/li>\n<li>Tama\u00f1o de la Matriz de Im\u00e1genes (Procesamiento y Almacenamiento de Im\u00e1genes): 2:3<\/li>\n<li>\u00daltima Toma de Im\u00e1genes (Procesamiento y Almacenamiento de Im\u00e1genes): S\u00ed<\/li>\n<li>Integraci\u00f3n de fotogramas (Procesamiento y Almacenamiento de Im\u00e1genes): 0\u201432 fotogramas<\/li>\n<li>M\u00e1x. # de Im\u00e1genes (Procesamiento y Almacenamiento de Im\u00e1genes): 10,000 en el disco duro; ~300 en el CD; ambos son est\u00e1ndar<\/li>\n<\/ul>\n<h2>M\u00c1S INFORMACI\u00d3N SOBRE EL SIEMENS ARCADIS ORBIC 3D<\/h2>\n<p>Arcadis Orbic 3D es nuestro Arco en C de gama alta con dise\u00f1o isoc\u00e9ntrico y movimiento orbital de 190\u00ba. La funcionalidad 3D de Arcadis Orbic 3D es la m\u00e1s adecuada para el uso intraoperativo en cirug\u00eda ortop\u00e9dica, traumatol\u00f3gica y de la columna vertebral.<\/p>\n<p>Arcadis Orbic 3D puede equiparse con NaviLink 3D1, la interfaz de navegaci\u00f3n directa en 3D.<\/p>\n<h3>Im\u00e1genes Precisas y Visualizaci\u00f3n Perfecta con Im\u00e1genes 3D Intraoperatorias Integradas<\/h3>\n<ul>\n<li>Las im\u00e1genes 3D intraoperatorias permiten realizar revisiones y evaluaciones intraoperatorias y sustituyen al control postoperatorio por TAC<\/li>\n<li>Arcadis Orbic 3D requiere s\u00f3lo 30 segundos para un escaneo completo de calidad est\u00e1ndar con 50 im\u00e1genes 2D en resoluci\u00f3n 1K2 &#8211; o 60 segundos para un escaneo de alta calidad que comprende 100 im\u00e1genes 2D<\/li>\n<li>Fusi\u00f3n de Im\u00e1genes 3D para fusionar datos 3D incluso de diferentes modalidades<\/li>\n<li>VRT (Volume Rendering Technique) para la visualizaci\u00f3n de vol\u00famenes y una f\u00e1cil orientaci\u00f3n en el conjunto de datos<\/li>\n<li>Grandes monitores TFT de 19&#8243; de alto brillo y contraste<\/li>\n<li>\u00c1ngulo de visi\u00f3n extraordinariamente amplio de 170\u00b0 y montaje altamente ergon\u00f3mico en el carro<\/li>\n<li>Interfaz \u00abMonitor out \u00ab* para la visualizaci\u00f3n en monitores adicionales<\/li>\n<li>La compatibilidad con monitores dobles 3D permite el desplazamiento paralelo sincronizado en dos monitores. Esta funci\u00f3n tambi\u00e9n puede utilizarse para revisar simult\u00e1neamente una exploraci\u00f3n adquirida antes de una intervenci\u00f3n y otra adquirida durante la misma.<\/li>\n<\/ul>\n<p>El dise\u00f1o isoc\u00e9ntrico y contrapesado ayuda a ahorrar tiempo y dosis y sustituye los reajustes por posibilidades de proyecci\u00f3n pr\u00e1cticamente ilimitadas con una rotaci\u00f3n orbital de 190<\/p>\n<ul>\n<li>El haz central permanece siempre en el isocentro, lo que elimina la necesidad de reposicionamiento y permite ahorrar tiempo y dosis<\/li>\n<li>La distancia entre el intensificador de im\u00e1genes o el tubo de rayos X y la regi\u00f3n del cuerpo que se est\u00e1 fotografiando siempre es la misma, lo que garantiza un tama\u00f1o de imagen constante con proyecciones variables<\/li>\n<li>Gran rotaci\u00f3n orbital de hasta 190\u00b0 (+95\u00b0\/-95\u00b0)<\/li>\n<li>Requisito para la obtenci\u00f3n de im\u00e1genes en 3D mediante el movimiento orbital<\/li>\n<li>Cada direcci\u00f3n de movimiento del brazo en C est\u00e1 representada por una escala de medici\u00f3n codificada por colores<\/li>\n<li>Concepto de tarjeta de tareas orientado al flujo de trabajo<\/li>\n<li>Men\u00fa b\u00e1sico\/ampliado para una orientaci\u00f3n y un manejo m\u00e1s r\u00e1pidos<\/li>\n<li>Amplia gama de aplicaciones m\u00e9dicas en la tarjeta de tareas de examen<\/li>\n<li>Selecci\u00f3n intuitiva de programas mediante VPA (Anatom\u00eda Virtual del Paciente). Basta con hacer clic en la regi\u00f3n del cuerpo VPA que se va a examinar para seleccionar el programa de aplicaci\u00f3n adecuado<\/li>\n<li>Se dispone de hasta 200 programas espec\u00edficos de aplicaci\u00f3n<\/li>\n<\/ul>\n<h3>F\u00e1cil Integraci\u00f3n en los Flujos de Trabajo Cl\u00ednicos<\/h3>\n<ul>\n<li>Estaci\u00f3n de trabajo multimodal totalmente funcional. La visualizaci\u00f3n multimodal le permite acceder a im\u00e1genes de otras modalidades, como la TC y la RM<\/li>\n<li>Compatibilidad con pr\u00e1cticamente todas las funcionalidades de DICOM* 3.0, es decir, conectividad integral con otras modalidades y redes cl\u00ednicas<\/li>\n<li>Todos los datos de los pacientes pueden cargarse en su lista de trabajo directamente desde su HIS\/RIS<\/li>\n<li>Consulta del archivo mediante la funci\u00f3n de b\u00fasqueda<\/li>\n<li>Dise\u00f1o de carro ergon\u00f3mico, ligero y compacto para una mejor maniobrabilidad y menor necesidad de espacio<\/li>\n<li>Parte trasera sin cables y monitores giratorios en 180\u00b0 para reducir considerablemente la distancia a la mesa de operaciones<\/li>\n<li>Monitores ajustables vertical y horizontalmente* para adaptarlos a las necesidades espec\u00edficas de la aplicaci\u00f3n<\/li>\n<li>Gesti\u00f3n inteligente de accesorios y cables, como la caja de CD y bol\u00edgrafos integrada<\/li>\n<li>F\u00e1cil acceso a todas las interfaces de red y de v\u00eddeo para conexiones directas sin caos de cables<\/li>\n<li>El indicador de rayos X en la parte superior de los monitores garantiza la mejor visibilidad desde todas las direcciones<\/li>\n<\/ul>\n<h3>Flexibilidad \u00d3ptima en el Manejo de Datos<\/h3>\n<ul>\n<li>Soporte de pr\u00e1cticamente todas las funcionalidades DICOM 3.0 (incluyendo DICOM Send\/Receive, Storage Commitment, Print, Worklist, Query\/Retrieve y MPPS)*.<\/li>\n<li>Opciones casi ilimitadas para el posprocesamiento, el archivo y la documentaci\u00f3n (con CD, DVD en DICOM y con USB en formato DICOM y BMP)<\/li>\n<li>Capacidad total de almacenamiento de 60.000 im\u00e1genes<\/li>\n<\/ul>\n<h3>Siemens Arcadis Orbic 3D Reconstruido<\/h3>\n<p>Soma Tech Intl ofrece el Arco en C Siemens Arcadis Orbic 3D hasta un 50% por debajo de los precios original con el mismo servicio y garant\u00eda que los nuevos. El Siemens Arcadis Orbic 3D no s\u00f3lo est\u00e1 t\u00e9cnicamente reacondicionado, sino que tambi\u00e9n est\u00e1 cosm\u00e9ticamente reacondicionado para que funcione y se vea como nuevo. Cuando se inicia el proceso de reacondicionamiento del Arcadis Orbic 3D, \u00e9sta cuidadosamente inspeccionado y probado por nuestros propios ingenieros biom\u00e9dicos quien son certificados para trabajar con Arcos en C. Si es necesario, se reemplazan las piezas para asegurarse de que todos los aspectos del Arcadis Orbic 3D funcionen con eficaz. Una vez que todo est\u00e1 en orden de funcionamiento, la unidad se calibra con las especificaciones originales del fabricante. Esto asegura que la unidad est\u00e1 funcionando de la misma manera que cuando sali\u00f3 originalmente del fabricante. Despu\u00e9s de que la m\u00e1quina funciona como nuevo, se somete a un proceso especial de restauraci\u00f3n cosm\u00e9tica. Se limpia, se reparan los peque\u00f1os ara\u00f1azos y abolladuras, se pinta y se sustituyen las calcoman\u00edas si es necesario. Soma Tech Intl cuenta con la certificaci\u00f3n ISO 13485 y se asegura de que se d\u00e9 la mejor calidad a todos los equipos m\u00e9dicos que venden. Antes de que el Orbic 3D sea etiquetado como listo para el paciente y empacado para su env\u00edo, pasa por una \u00faltima prueba de control de calidad que asegura que todos los aspectos est\u00e1n funcionando de nuevo como deber\u00edan. Si desea comprar el Siemens Arcadis Orbic 3D reconstruido, p\u00f3ngase en contacto con nosotros en Soma@SomaTechnology.com o ll\u00e1menos al 1-800-GET-SOMA.<\/p>\n<p>Soma Tech Intl tambi\u00e9n est\u00e1 buscando activamente para comprar un Siemens Arcadis Orbic 3D. Si usted o su instalaci\u00f3n est\u00e1 buscando vender su unidad, aseg\u00farese de ponerse en contacto con Soma Tech Intl. Soma tiene un departamento de compras dedicado en ayudar a trav\u00e9s de todo el proceso. La venta de su Arco en C Arcadis usado o de segunda mano a Soma Tech Intl elimina el intermediario en la ecuaci\u00f3n. Esto tambi\u00e9n asegura que su centro m\u00e9dico obtiene el mejor precio por su equipo. Soma cumple al 100% con las normas HIPPA y se asegura de que su equipo llegue a nuestras instalaciones en las mismas condiciones en que sali\u00f3 del suyo. Soma Tech Intl tambi\u00e9n da la opci\u00f3n de cr\u00e9dito de intercambio en su equipo m\u00e9dico. Si usted o su instalaci\u00f3n est\u00e1 buscando recuperar espacio para nuevos equipos, o si usted est\u00e1 buscando para actualizar su equipo actual, p\u00f3ngase en contacto con el departamento de compras en Buyer@SomaTechnology.com o env\u00edenos un mensaje en nuestro sitio web Vender a Soma.<\/p>\n","protected":false},"excerpt":{"rendered":"<p>Arcos en C<\/p>\n","protected":false},"featured_media":11697,"template":"","meta":{"_acf_changed":false,"_relevanssi_hide_post":"","_relevanssi_hide_content":"","_relevanssi_pin_for_all":"","_relevanssi_pin_keywords":"","_relevanssi_unpin_keywords":"","_relevanssi_related_keywords":"","_relevanssi_related_include_ids":"","_relevanssi_related_exclude_ids":"","_relevanssi_related_no_append":"","_relevanssi_related_not_related":"","_relevanssi_related_posts":"","_relevanssi_noindex_reason":"","inline_featured_image":false},"pwb-brand":[1123],"product_brand":[],"product_cat":[66],"product_tag":[664,666,4008,4654,662,667,663,661,4657,4653,665],"class_list":{"0":"post-8018","1":"product","2":"type-product","3":"status-publish","4":"has-post-thumbnail","6":"pwb-brand-equipo-medico-siemens","7":"product_cat-arcos-en-c","8":"product_tag-arcadis","9":"product_tag-arcadis-orbic-3d","10":"product_tag-arcos-en-c","11":"product_tag-arcos-en-c-siemens","12":"product_tag-orbic-3d","13":"product_tag-siemens","14":"product_tag-siemens-arcadis","15":"product_tag-siemens-arcadis-orbic-3d","16":"product_tag-siemens-arcadis-orbic-3d-arcos-en-c","17":"product_tag-siemens-arcos-en-c","18":"product_tag-siemens-orbic-3d","20":"first","21":"instock","22":"shipping-taxable","23":"purchasable","24":"product-type-simple"},"acf":[],"brands":[{"id":1123,"name":"Siemens","slug":"equipo-medico-siemens"}],"_links":{"self":[{"href":"https:\/\/www.somatechnology.com\/spanish\/wp-json\/wp\/v2\/product\/8018","targetHints":{"allow":["GET"]}}],"collection":[{"href":"https:\/\/www.somatechnology.com\/spanish\/wp-json\/wp\/v2\/product"}],"about":[{"href":"https:\/\/www.somatechnology.com\/spanish\/wp-json\/wp\/v2\/types\/product"}],"wp:featuredmedia":[{"embeddable":true,"href":"https:\/\/www.somatechnology.com\/spanish\/wp-json\/wp\/v2\/media\/11697"}],"wp:attachment":[{"href":"https:\/\/www.somatechnology.com\/spanish\/wp-json\/wp\/v2\/media?parent=8018"}],"wp:term":[{"taxonomy":"pwb-brand","embeddable":true,"href":"https:\/\/www.somatechnology.com\/spanish\/wp-json\/wp\/v2\/pwb-brand?post=8018"},{"taxonomy":"product_brand","embeddable":true,"href":"https:\/\/www.somatechnology.com\/spanish\/wp-json\/wp\/v2\/product_brand?post=8018"},{"taxonomy":"product_cat","embeddable":true,"href":"https:\/\/www.somatechnology.com\/spanish\/wp-json\/wp\/v2\/product_cat?post=8018"},{"taxonomy":"product_tag","embeddable":true,"href":"https:\/\/www.somatechnology.com\/spanish\/wp-json\/wp\/v2\/product_tag?post=8018"}],"curies":[{"name":"wp","href":"https:\/\/api.w.org\/{rel}","templated":true}]}}