{"id":8020,"date":"2018-02-05T19:05:55","date_gmt":"2018-02-05T19:05:55","guid":{"rendered":"https:\/\/www.somatechnology.com\/spanish\/?post_type=product&#038;p=8020"},"modified":"2025-12-11T04:06:26","modified_gmt":"2025-12-11T09:06:26","slug":"ge-oec-8800-flexi-view","status":"publish","type":"product","link":"https:\/\/www.somatechnology.com\/spanish\/equipo-medico-usado-remanufacturado\/imagenologia-radiologia\/arcos-en-c\/ge-oec-8800-flexi-view\/","title":{"rendered":"GE OEC 8800 Flexi View"},"content":{"rendered":"<div class=\"wpb-content-wrapper\"><p>[vc_row][vc_column][vc_column_text css=\u00bb\u00bb]<\/p>\n<h2>GE OEC 8800 Flexi View<\/h2>\n<p>El GE OEC FlexiView 8800 es el \u00faltimo sistema de fluoroscop\u00eda m\u00f3vil que se une a la l\u00ednea de innovadores productos de im\u00e1genes por rayos X. Aprendiendo de la fortaleza de miles de sistemas instalados en todo el mundo y a\u00f1os de experiencia en im\u00e1genes intraoperatorias, GE OEC ha creado un Arco en C m\u00f3vil flexible y econ\u00f3mico con la tecnolog\u00eda de imagen de alta calidad de nuestra plataforma Premium y la simplicidad y Maniobrabilidad de un punto compacto y disparar el sistema. Ahora puede experimentar una excelente calidad de imagen para sus necesidades convencionales de im\u00e1genes intraoperatorias.<\/p>\n<ul>\n<li>Procesamiento de im\u00e1genes de 1k x 1k x 16 bit<\/li>\n<li>Controles de pantalla t\u00e1ctil<\/li>\n<li>Control ABS AutoTrakTM<\/li>\n<li>Almacenamiento de imagen digital extra\u00edble (est\u00e1tico y din\u00e1mico)<\/li>\n<li>Impresora de pel\u00edcula de calidad l\u00e1ser instant\u00e1nea:<\/li>\n<li>Conectividad DICOM integrada<\/li>\n<li>Control remoto infrarrojo<\/li>\n<\/ul>\n<h3>Atributos<\/h3>\n<ul>\n<li>Punto focal m\u00e1ximo: 1.5 mm<\/li>\n<li>Rotaci\u00f3n Motorizada de Inclinaci\u00f3n \/ Pivote: 370<\/li>\n<li>Potencia del generador de rayos X: 2.2 kV<\/li>\n<\/ul>\n<p>[\/vc_column_text][\/vc_column][\/vc_row]<\/p>\n<\/div>","protected":false},"excerpt":{"rendered":"<p>arcos en c<\/p>\n<p>&nbsp;<\/p>\n","protected":false},"featured_media":11501,"template":"","meta":{"_acf_changed":false,"_relevanssi_hide_post":"","_relevanssi_hide_content":"","_relevanssi_pin_for_all":"","_relevanssi_pin_keywords":"","_relevanssi_unpin_keywords":"","_relevanssi_related_keywords":"","_relevanssi_related_include_ids":"","_relevanssi_related_exclude_ids":"","_relevanssi_related_no_append":"","_relevanssi_related_not_related":"","_relevanssi_related_posts":"","_relevanssi_noindex_reason":"","inline_featured_image":false},"pwb-brand":[1100],"product_brand":[],"product_cat":[66],"product_tag":[4523,224,650,670,669,668,671,649],"class_list":{"0":"post-8020","1":"product","2":"type-product","3":"status-publish","4":"has-post-thumbnail","6":"pwb-brand-equipo-medico-ge","7":"product_cat-arcos-en-c","8":"product_tag-arcos-en-c-ge","9":"product_tag-ge","10":"product_tag-ge-oec","11":"product_tag-ge-oec-8800","12":"product_tag-ge-oec-8800-flexi","13":"product_tag-ge-oec-8800-flexi-view","14":"product_tag-ge-oec-flexi-view","15":"product_tag-oec","17":"first","18":"instock","19":"shipping-taxable","20":"purchasable","21":"product-type-simple"},"acf":[],"brands":[{"id":1100,"name":"GE","slug":"equipo-medico-ge"}],"_links":{"self":[{"href":"https:\/\/www.somatechnology.com\/spanish\/wp-json\/wp\/v2\/product\/8020","targetHints":{"allow":["GET"]}}],"collection":[{"href":"https:\/\/www.somatechnology.com\/spanish\/wp-json\/wp\/v2\/product"}],"about":[{"href":"https:\/\/www.somatechnology.com\/spanish\/wp-json\/wp\/v2\/types\/product"}],"wp:featuredmedia":[{"embeddable":true,"href":"https:\/\/www.somatechnology.com\/spanish\/wp-json\/wp\/v2\/media\/11501"}],"wp:attachment":[{"href":"https:\/\/www.somatechnology.com\/spanish\/wp-json\/wp\/v2\/media?parent=8020"}],"wp:term":[{"taxonomy":"pwb-brand","embeddable":true,"href":"https:\/\/www.somatechnology.com\/spanish\/wp-json\/wp\/v2\/pwb-brand?post=8020"},{"taxonomy":"product_brand","embeddable":true,"href":"https:\/\/www.somatechnology.com\/spanish\/wp-json\/wp\/v2\/product_brand?post=8020"},{"taxonomy":"product_cat","embeddable":true,"href":"https:\/\/www.somatechnology.com\/spanish\/wp-json\/wp\/v2\/product_cat?post=8020"},{"taxonomy":"product_tag","embeddable":true,"href":"https:\/\/www.somatechnology.com\/spanish\/wp-json\/wp\/v2\/product_tag?post=8020"}],"curies":[{"name":"wp","href":"https:\/\/api.w.org\/{rel}","templated":true}]}}