{"id":8025,"date":"2018-02-05T19:56:18","date_gmt":"2018-02-05T19:56:18","guid":{"rendered":"https:\/\/www.somatechnology.com\/spanish\/?post_type=product&#038;p=8025"},"modified":"2023-08-23T06:21:22","modified_gmt":"2023-08-23T10:21:22","slug":"siemens-cios-alpha","status":"publish","type":"product","link":"https:\/\/www.somatechnology.com\/spanish\/equipo-medico-usado-remanufacturado\/imagenologia-radiologia\/arcos-en-c\/siemens-cios-alpha\/","title":{"rendered":"Siemens Cios Alpha"},"content":{"rendered":"<h2>Caracter\u00edsticas del Siemens Cios Alpha<\/h2>\n<p>Cuando se trata de un C-Arco m\u00f3vil, la calidad de la imagen es clave. Pero hay una visi\u00f3n m\u00e1s grande a considerar. La tecnolog\u00eda de imagen actual puede causar interrupci\u00f3n e ineficiencia en el quir\u00f3fano: campo de visi\u00f3n limitado, desaf\u00edos de maniobrabilidad, sobrecalentamiento y m\u00e1s. Cada problema que potencialmente detiene a su equipo quir\u00fargico a medida que avanza el reloj, los costos aumentan y la seguridad del paciente est\u00e1 en juego. Im\u00e1genes de alta calidad a dosis muy bajas. Con el nuevo <strong>Cios Alpha<\/strong> y su detector de pantalla plana Full View de 30 cm x 30 cm, Siemens le da vida a la visi\u00f3n de un C-Arco m\u00f3vil que permite una mayor eficiencia.<\/p>\n<ul>\n<li>Gran campo de visi\u00f3n con un detector plano de 30 cm x 30 cm (12 \u00abx 12\u00bb)<\/li>\n<li>Imagen Square FD que proporciona un 25% m\u00e1s de cobertura que los intensificadores de imagen convencionales<\/li>\n<li>Sistema de colimaci\u00f3n inteligente que permite hasta un 25% m\u00e1s de cobertura 2 incluso durante la rotaci\u00f3n de la imagen<\/li>\n<li>Transformaci\u00f3n \u00f3ptima de los rayos X que el detector recibe en im\u00e1genes destacadas<\/li>\n<li>IDEAL (algoritmo inteligente de dosis-eficacia) para un equilibrio \u00f3ptimo de la calidad de imagen y la dosis<\/li>\n<li>Consta de cinco elementos: Retina FD technology, Retina Calibration, Retina Board, Retina Exam Sets, IDEAL reducci\u00f3n de dosis<\/li>\n<\/ul>\n<h2 dir=\"ltr\" data-placeholder=\"Translation\"><span lang=\"es\">Especificaciones\u00a0<\/span>del Siemens Cios Alpha<\/h2>\n<h3>Dimensiones<\/h3>\n<ul>\n<li>Campo de visi\u00f3n: 30 cm x 30 cm (12 \u00abx 12\u00bb); 20 cm x 20 cm (8 \u00abx 8\u00bb)<\/li>\n<li>Profundidad de inmersi\u00f3n 73 cm (28.7 \u00ab)<\/li>\n<li>Espacio libre: 85 cm (33.5 \u00ab)<\/li>\n<li>Monitores: 2 x 19 \u00abpremium high bright; 2 x 19 \u00abde alto brillo<\/li>\n<\/ul>\n<h3>Informaci\u00f3n General<\/h3>\n<ul>\n<li>Detector detector de tecnolog\u00eda plana (FD)<\/li>\n<li>Resoluci\u00f3n de imagen 1.5 K\u00b2 1\/1 K\u00b2<\/li>\n<li>Potencia de salida 25 kW1 \/ 12 kW<\/li>\n<li>Movimiento orbital 148 \u00b0 (- 51.5 \u00b0 a + 96.5 \u00b0)<\/li>\n<li>almacenamiento mago 100.000 \/ 150.000 im\u00e1genes<\/li>\n<li>WLAN S\u00ed<\/li>\n<li>Aplicaciones cl\u00ednicas y flujos de trabajo<\/li>\n<li>Software Vascular Est\u00e1ndar y Premium<\/li>\n<li>Live Graphical Overlay S\u00ed<\/li>\n<li>Cuantificaci\u00f3n de estenosis S\u00ed<\/li>\n<li>Medida 2D S\u00ed<\/li>\n<li>Interfaz de activaci\u00f3n del inyector S\u00ed<\/li>\n<li>Interfaz de navegaci\u00f3n NaviLink 2D<\/li>\n<li>Tubo de sistema de enfriamiento activo<\/li>\n<li>SmartView &#8211; HD VideoManager S\u00ed<\/li>\n<li>Programa CARE S\u00ed<\/li>\n<\/ul>\n","protected":false},"excerpt":{"rendered":"<p>Arcos en C<\/p>\n","protected":false},"featured_media":11700,"template":"","meta":{"_acf_changed":false,"_relevanssi_hide_post":"","_relevanssi_hide_content":"","_relevanssi_pin_for_all":"","_relevanssi_pin_keywords":"","_relevanssi_unpin_keywords":"","_relevanssi_related_keywords":"","_relevanssi_related_include_ids":"","_relevanssi_related_exclude_ids":"","_relevanssi_related_no_append":"","_relevanssi_related_not_related":"","_relevanssi_related_posts":"","_relevanssi_noindex_reason":"","inline_featured_image":false},"pwb-brand":[1123],"product_brand":[],"product_cat":[66],"product_tag":[4008,4654,678,667,677,4653,673,676,4659],"class_list":{"0":"post-8025","1":"product","2":"type-product","3":"status-publish","4":"has-post-thumbnail","6":"pwb-brand-equipo-medico-siemens","7":"product_cat-arcos-en-c","8":"product_tag-arcos-en-c","9":"product_tag-arcos-en-c-siemens","10":"product_tag-cios-alpha","11":"product_tag-siemens","12":"product_tag-siemens-alpha","13":"product_tag-siemens-arcos-en-c","14":"product_tag-siemens-cios","15":"product_tag-siemens-cios-alpha","16":"product_tag-siemens-cios-alpha-arcos-en-c","18":"first","19":"instock","20":"shipping-taxable","21":"purchasable","22":"product-type-simple"},"acf":[],"brands":[{"id":1123,"name":"Siemens","slug":"equipo-medico-siemens"}],"_links":{"self":[{"href":"https:\/\/www.somatechnology.com\/spanish\/wp-json\/wp\/v2\/product\/8025","targetHints":{"allow":["GET"]}}],"collection":[{"href":"https:\/\/www.somatechnology.com\/spanish\/wp-json\/wp\/v2\/product"}],"about":[{"href":"https:\/\/www.somatechnology.com\/spanish\/wp-json\/wp\/v2\/types\/product"}],"wp:featuredmedia":[{"embeddable":true,"href":"https:\/\/www.somatechnology.com\/spanish\/wp-json\/wp\/v2\/media\/11700"}],"wp:attachment":[{"href":"https:\/\/www.somatechnology.com\/spanish\/wp-json\/wp\/v2\/media?parent=8025"}],"wp:term":[{"taxonomy":"pwb-brand","embeddable":true,"href":"https:\/\/www.somatechnology.com\/spanish\/wp-json\/wp\/v2\/pwb-brand?post=8025"},{"taxonomy":"product_brand","embeddable":true,"href":"https:\/\/www.somatechnology.com\/spanish\/wp-json\/wp\/v2\/product_brand?post=8025"},{"taxonomy":"product_cat","embeddable":true,"href":"https:\/\/www.somatechnology.com\/spanish\/wp-json\/wp\/v2\/product_cat?post=8025"},{"taxonomy":"product_tag","embeddable":true,"href":"https:\/\/www.somatechnology.com\/spanish\/wp-json\/wp\/v2\/product_tag?post=8025"}],"curies":[{"name":"wp","href":"https:\/\/api.w.org\/{rel}","templated":true}]}}