{"id":8027,"date":"2018-02-05T20:44:20","date_gmt":"2018-02-05T20:44:20","guid":{"rendered":"https:\/\/www.somatechnology.com\/spanish\/?post_type=product&#038;p=8027"},"modified":"2023-08-23T06:21:24","modified_gmt":"2023-08-23T10:21:24","slug":"siemens-arcadis-varic","status":"publish","type":"product","link":"https:\/\/www.somatechnology.com\/spanish\/equipo-medico-usado-remanufacturado\/imagenologia-radiologia\/arcos-en-c\/siemens-arcadis-varic\/","title":{"rendered":"Siemens Arcadis Varic"},"content":{"rendered":"<h2>Caracter\u00edsticas del Siemens Arcadis Varic<\/h2>\n<p>Centrado en la mejora de la pr\u00e1ctica diaria y dirigido \u00fanicamente por sus necesidades, <strong>ARCADIS Varic<\/strong> incorpora numerosas soluciones exclusivas. Desde la calidad de imagen hasta la operatividad, desde la versatilidad hasta la eficiencia, las innovadoras caracter\u00edsticas de ARCADIS Varic establecen nuevos puntos de referencia con funciones excepcionales que hacen que las im\u00e1genes perfectas sean instant\u00e1neas y un concepto ergon\u00f3mico que redefine su flujo de trabajo cl\u00ednico en muchos campos de pr\u00e1ctica.<\/p>\n<ul>\n<li>Imagen precisa y visualizaci\u00f3n perfecta<\/li>\n<li>La operaci\u00f3n m\u00e1s f\u00e1cil<\/li>\n<li>Flujo de trabajo cl\u00ednico mejorado<\/li>\n<li>M\u00e1xima flexibilidad en el manejo de datos<\/li>\n<li>Navegaci\u00f3n realmente digital con NaviLink 2D<\/li>\n<li>Perfectamente pensado y totalmente digital para una calidad de imagen sobresaliente<\/li>\n<li>Alto rendimiento para aplicaciones exigentes<\/li>\n<li>Haciendo la adquisici\u00f3n en un instante con EASY<\/li>\n<li>Rendimiento sin compromisos en la visualizaci\u00f3n<\/li>\n<li>Operaci\u00f3n directa desde el principio<\/li>\n<\/ul>\n<h2 dir=\"ltr\" data-placeholder=\"Translation\"><span lang=\"es\">Especificaciones<\/span> del Siemens Arcadis Varic<\/h2>\n<h3>Dimensiones<\/h3>\n<ul>\n<li>H x W x D del marco del Arco C, cm (in): 173 x 81 x 173 (68 x 32 x 68)<\/li>\n<li>Peso: 236 (520) chasis, 180 (395) monitor de carro<\/li>\n<\/ul>\n<h3>Generador<\/h3>\n<ul>\n<li>Potencia nominal, kw @ 100 kvp (GENERADOR DE RAYOS X): 2.3<\/li>\n<li>mAs RANGE (TUBO DE RAYOS X): 1-150 en 23 pasos<\/li>\n<li>Funci\u00f3n de instant\u00e1nea (MONITOR): 0.2-23 mA<\/li>\n<li>Rango Kv (GENERADOR DE RAYOS X): 40<\/li>\n<li>Gama Ma (SISTEMA DE IMAGEN): 0.2-23<\/li>\n<li>Rango Kv (GENERADOR DE RAYOS X): 40<\/li>\n<li>TIEMPO DE EXPOSICI\u00d3N, SEGUNDO (MICROMANIPULADORES): .5-10<\/li>\n<li>Fluoroscopia pulsada (GENERADOR DE RAYOS X): S\u00ed<\/li>\n<li>Control absoluto (MONITOR): Exposici\u00f3n, iris de TV, ganancia de c\u00e1mara<\/li>\n<li>Aec (GENERADOR DE RAYOS X): mAs<\/li>\n<li>Pulsos por segundo (MONITOR): hasta 15s<\/li>\n<\/ul>\n<h3>Arco en C<\/h3>\n<ul>\n<li>Posici\u00f3n inversa (C-ARM): S\u00ed<\/li>\n<li>Rotaci\u00f3n (C-ARM): 130 (+ 90 \/ -40)<\/li>\n<li>Profundidad, cm (in) (PA GANTRY): 73 (29)<\/li>\n<li>Espacio libre, cm (in) (C-ARM): 78 (31)<\/li>\n<li>Movimiento vertical, cm (pulg) (DETECTOR DE RADIACI\u00d3N): 40 (15.7) motorizado<\/li>\n<li>Recorrido horizontal, cm (in) (C-ARM): 20 (7.9)<\/li>\n<li>Movimiento de paneo (C-ARM): 12.5<\/li>\n<li>Rotaci\u00f3n de pivote, (C-ARM): 190<\/li>\n<li>DICOM COMPATIBLE (Tama\u00f1o del punto focal, mm): S\u00ed<\/li>\n<\/ul>\n","protected":false},"excerpt":{"rendered":"<p>Arcos en C<\/p>\n","protected":false},"featured_media":20188,"template":"","meta":{"_acf_changed":false,"_relevanssi_hide_post":"","_relevanssi_hide_content":"","_relevanssi_pin_for_all":"","_relevanssi_pin_keywords":"","_relevanssi_unpin_keywords":"","_relevanssi_related_keywords":"","_relevanssi_related_include_ids":"","_relevanssi_related_exclude_ids":"","_relevanssi_related_no_append":"","_relevanssi_related_not_related":"","_relevanssi_related_posts":"","_relevanssi_noindex_reason":"","inline_featured_image":false},"pwb-brand":[1123],"product_brand":[],"product_cat":[66],"product_tag":[4008,4654,667,663,4655,679,4658,4653,681,680],"class_list":{"0":"post-8027","1":"product","2":"type-product","3":"status-publish","4":"has-post-thumbnail","6":"pwb-brand-equipo-medico-siemens","7":"product_cat-arcos-en-c","8":"product_tag-arcos-en-c","9":"product_tag-arcos-en-c-siemens","10":"product_tag-siemens","11":"product_tag-siemens-arcadis","12":"product_tag-siemens-arcadis-arcos-en-c","13":"product_tag-siemens-arcadis-varic","14":"product_tag-siemens-arcadis-varic-arcos-en-c","15":"product_tag-siemens-arcos-en-c","16":"product_tag-siemens-varic","17":"product_tag-varic","19":"first","20":"instock","21":"shipping-taxable","22":"purchasable","23":"product-type-simple"},"acf":[],"brands":[{"id":1123,"name":"Siemens","slug":"equipo-medico-siemens"}],"_links":{"self":[{"href":"https:\/\/www.somatechnology.com\/spanish\/wp-json\/wp\/v2\/product\/8027","targetHints":{"allow":["GET"]}}],"collection":[{"href":"https:\/\/www.somatechnology.com\/spanish\/wp-json\/wp\/v2\/product"}],"about":[{"href":"https:\/\/www.somatechnology.com\/spanish\/wp-json\/wp\/v2\/types\/product"}],"wp:featuredmedia":[{"embeddable":true,"href":"https:\/\/www.somatechnology.com\/spanish\/wp-json\/wp\/v2\/media\/20188"}],"wp:attachment":[{"href":"https:\/\/www.somatechnology.com\/spanish\/wp-json\/wp\/v2\/media?parent=8027"}],"wp:term":[{"taxonomy":"pwb-brand","embeddable":true,"href":"https:\/\/www.somatechnology.com\/spanish\/wp-json\/wp\/v2\/pwb-brand?post=8027"},{"taxonomy":"product_brand","embeddable":true,"href":"https:\/\/www.somatechnology.com\/spanish\/wp-json\/wp\/v2\/product_brand?post=8027"},{"taxonomy":"product_cat","embeddable":true,"href":"https:\/\/www.somatechnology.com\/spanish\/wp-json\/wp\/v2\/product_cat?post=8027"},{"taxonomy":"product_tag","embeddable":true,"href":"https:\/\/www.somatechnology.com\/spanish\/wp-json\/wp\/v2\/product_tag?post=8027"}],"curies":[{"name":"wp","href":"https:\/\/api.w.org\/{rel}","templated":true}]}}