{"id":8084,"date":"2018-02-07T14:57:32","date_gmt":"2018-02-07T14:57:32","guid":{"rendered":"https:\/\/www.somatechnology.com\/spanish\/?post_type=product&#038;p=8084"},"modified":"2025-12-11T02:16:41","modified_gmt":"2025-12-11T07:16:41","slug":"datex-ohmeda-cardiocap-5","status":"publish","type":"product","link":"https:\/\/www.somatechnology.com\/spanish\/equipo-medico-usado-remanufacturado\/monitores\/monitor-multiparametro-para-uti\/datex-ohmeda-cardiocap-5\/","title":{"rendered":"GE Datex Ohmeda Cardiocap 5"},"content":{"rendered":"<h2><strong>Datex Ohmeda Cardiocap 5 <\/strong><\/h2>\n<p>Monitor de cabecera peque\u00f1o con gran pantalla a color de matriz activa de 10.4\u201d. &#8211; Interfaz de usuario S \/ 5 probada y f\u00e1cil de usar. &#8211; Muestra hasta 6 formas de onda. &#8211; Alarmas con c\u00f3digos de colores, priorizadas. &#8211; 4 modos configurables por el usuario para preconfiguraciones espec\u00edficas de cuidados. &#8211; Instant\u00e1nea de forma de onda para almacenar y recuperar muestras de forma de onda para su posterior an\u00e1lisis. &#8211; Ayuda en l\u00ednea para funciones de men\u00fa. &#8211; Minitrends de 5 o 30 minutos continuamente en la pantalla para una vista hist\u00f3rica r\u00e1pida. &#8211; Tendencias gr\u00e1ficas de 24 horas de todos los par\u00e1metros. &#8211; Brillo de pantalla ajustable. &#8211; Registrador opcional de matriz t\u00e9rmica de tres canales incorporado. &#8211; Bater\u00eda de respaldo incorporada para manejar situaciones repentinas de apagado. &#8211; Soporte de pared, soporte de rollo disponible para una mejor ergonom\u00eda en el lugar de trabajo. &#8211; Compatible con Datex-Ohmeda S \/ 5 Network y Central para comunicaci\u00f3n de monitor a monitor y visualizaci\u00f3n centralizada.<\/p>\n<ul>\n<li>Monitor de gas integrado, hemodin\u00e1mico y de v\u00eda a\u00e9rea dise\u00f1ado espec\u00edficamente para salas de operaci\u00f3n y recuperaci\u00f3n.<\/li>\n<li>Interfaz de usuario intuitiva Datex-Ohmeda probada, que incluye l\u00f3gica de men\u00fa dedicada a anestesia y filosof\u00eda de alarma, como en todos los monitores System 5.<\/li>\n<li>Peque\u00f1o y compacto para lugares donde el espacio es un bien escaso.<\/li>\n<li>Los grandes valores num\u00e9ricos y las formas de onda proporcionan una excelente visibilidad desde la distancia.<\/li>\n<li>Bater\u00eda de respaldo incorporada para manejar p\u00e9rdidas repentinas de energ\u00eda.<\/li>\n<li>C\u00f3modo sistema de montaje para soportes de rollo, montajes de pared y de m\u00e1quina de anestesia.<\/li>\n<\/ul>\n<h3>Dimensiones<\/h3>\n<ul>\n<li>Tama\u00f1o: (ancho x fondo x alto) 330 x 220 x 300 mm, (13.0 x 8.7 x 11.8 in)<\/li>\n<li>Peso: F-MXG: &lt;11.2 kg, (24.8 lb), F-MX: &lt;10.2 kg, (22.6 lb)<\/li>\n<\/ul>\n<h3>Bater\u00eda de Respaldo<\/h3>\n<ul>\n<li>M\u00ednimo de 15 minutos, tiempo de carga t\u00edpicamente 5 h<\/li>\n<\/ul>\n<h3>Impresora (Opcional)<\/h3>\n<ul>\n<li>Arreglo t\u00e9rmico, 3 canales, ancho del papel 50 mm. Impresi\u00f3n local Impresoras l\u00e1ser compatibles PCL-5 y posteriores<\/li>\n<\/ul>\n<h3>Pantalla<\/h3>\n<ul>\n<li>Tama\u00f1o de la pantalla y tipo Color de la matriz activa LCD de 10.4 pulgadasN\u00famero de rastros Hasta 6. Resoluci\u00f3n de pantalla 640 x 480 p\u00edxeles<\/li>\n<\/ul>\n<h3>ECG<\/h3>\n<ul>\n<li>Cantidad de canales 3<\/li>\n<li>N\u00famero de clientes potenciales 3 o 5<\/li>\n<li>ST an\u00e1lisis 3 canales, continuo<\/li>\n<\/ul>\n<h3>Ritmo Cardiaco<\/h3>\n<ul>\n<li>Rango de medici\u00f3n de 30 a 250 latidos por minuto (lpm)<\/li>\n<li>Precisi\u00f3n de medici\u00f3n \u00b1 5% o \u00b1 5 bpm, el que sea mayor<\/li>\n<li>Detecci\u00f3n de impulsos de marcapasos de 2 a 500 mV, de 0,5 a 2 ms<\/li>\n<\/ul>\n<h3>Oximetr\u00eda de Pulso (SpO2), Datex Legacy<\/h3>\n<ul>\n<li>Forma de onda pletismogr\u00e1fica \/ pletismograma<\/li>\n<li>M\u00e9todo de medici\u00f3n Absorci\u00f3n de luz roja e infrarroja SpO2<\/li>\n<li>Rango de medicion<\/li>\n<li>SpO2 40% a 100%<\/li>\n<li>Frecuencia de pulso de 30 a 250 lpm<\/li>\n<li>Precisi\u00f3n de medici\u00f3n, SpO2<\/li>\n<li>(\u00b1 1SD) 100% a 80%, \u00b1 2 d\u00edgitos<\/li>\n<li>Por debajo del 50%, no especificado<\/li>\n<li>Precisi\u00f3n de medici\u00f3n de la frecuencia del pulso \u00b1 5% o \u00b1 5 bpm<\/li>\n<li>Pulsioximetr\u00eda (SpO2), legado est\u00e1ndar de Datex<\/li>\n<\/ul>\n<h3>Pulse Oximetry (SpO2), Datex Ohmida Enhanced<\/h3>\n<ul>\n<li>Saturaci\u00f3n de ox\u00edgeno mejorada (opci\u00f3n N-XOSAT)<\/li>\n<li>3915 152nd St NE | Marysville, WA 98271 | 1.800.827.3747<\/li>\n<li>Forma de onda pletismogr\u00e1fica \/ pletismograma<\/li>\n<li>Rango de medici\u00f3n, SpO2 1% a 100%<\/li>\n<li>Rango de frecuencia del pulso de 30 a 250 bpm<\/li>\n<li>Precisi\u00f3n de medici\u00f3n, SpO2<\/li>\n<li>(\u00b1 1SD) 100% a 70% \u00b1 2 d\u00edgitos o<\/li>\n<li>100% a 70%, \u00b1 3 d\u00edgitos en condiciones cl\u00ednicas de movimiento del paciente<\/li>\n<li>Por debajo del 70% no especificado<\/li>\n<li>Precisi\u00f3n de medici\u00f3n de la frecuencia del pulso \u00b1 2% o \u00b1 2 bpm (el que sea mayor)<\/li>\n<\/ul>\n<p>&nbsp;<\/p>\n","protected":false},"excerpt":{"rendered":"<p>Monitor Multiparametro<\/p>\n","protected":false},"featured_media":22595,"template":"","meta":{"_acf_changed":false,"_relevanssi_hide_post":"","_relevanssi_hide_content":"","_relevanssi_pin_for_all":"","_relevanssi_pin_keywords":"","_relevanssi_unpin_keywords":"","_relevanssi_related_keywords":"","_relevanssi_related_include_ids":"","_relevanssi_related_exclude_ids":"","_relevanssi_related_no_append":"","_relevanssi_related_not_related":"","_relevanssi_related_posts":"","_relevanssi_noindex_reason":"","inline_featured_image":false},"pwb-brand":[1100],"product_brand":[],"product_cat":[185],"product_tag":[794,501,795,226,792,791,793],"class_list":{"0":"post-8084","1":"product","2":"type-product","3":"status-publish","4":"has-post-thumbnail","6":"pwb-brand-equipo-medico-ge","7":"product_cat-monitor-multiparametro-para-uti","8":"product_tag-cardiocap-5","9":"product_tag-datex","10":"product_tag-datex-cardiocap-5","11":"product_tag-datex-ohmeda","12":"product_tag-datex-ohmeda-cardiocap","13":"product_tag-datex-ohmeda-cardiocap-5","14":"product_tag-ohmeda-cardiocap-5","16":"first","17":"instock","18":"shipping-taxable","19":"purchasable","20":"product-type-simple"},"acf":[],"brands":[{"id":1100,"name":"GE","slug":"equipo-medico-ge"}],"_links":{"self":[{"href":"https:\/\/www.somatechnology.com\/spanish\/wp-json\/wp\/v2\/product\/8084","targetHints":{"allow":["GET"]}}],"collection":[{"href":"https:\/\/www.somatechnology.com\/spanish\/wp-json\/wp\/v2\/product"}],"about":[{"href":"https:\/\/www.somatechnology.com\/spanish\/wp-json\/wp\/v2\/types\/product"}],"wp:featuredmedia":[{"embeddable":true,"href":"https:\/\/www.somatechnology.com\/spanish\/wp-json\/wp\/v2\/media\/22595"}],"wp:attachment":[{"href":"https:\/\/www.somatechnology.com\/spanish\/wp-json\/wp\/v2\/media?parent=8084"}],"wp:term":[{"taxonomy":"pwb-brand","embeddable":true,"href":"https:\/\/www.somatechnology.com\/spanish\/wp-json\/wp\/v2\/pwb-brand?post=8084"},{"taxonomy":"product_brand","embeddable":true,"href":"https:\/\/www.somatechnology.com\/spanish\/wp-json\/wp\/v2\/product_brand?post=8084"},{"taxonomy":"product_cat","embeddable":true,"href":"https:\/\/www.somatechnology.com\/spanish\/wp-json\/wp\/v2\/product_cat?post=8084"},{"taxonomy":"product_tag","embeddable":true,"href":"https:\/\/www.somatechnology.com\/spanish\/wp-json\/wp\/v2\/product_tag?post=8084"}],"curies":[{"name":"wp","href":"https:\/\/api.w.org\/{rel}","templated":true}]}}