{"id":8102,"date":"2018-02-07T19:06:47","date_gmt":"2018-02-07T19:06:47","guid":{"rendered":"https:\/\/www.somatechnology.com\/spanish\/?post_type=product&#038;p=8102"},"modified":"2025-12-11T04:15:56","modified_gmt":"2025-12-11T09:15:56","slug":"hill-rom-advanta-2-icu-bed","status":"publish","type":"product","link":"https:\/\/www.somatechnology.com\/spanish\/equipo-medico-usado-remanufacturado\/camas-de-hospital\/hill-rom-advanta-2-icu-bed\/","title":{"rendered":"Hill-Rom Advanta 2 ICU Bed"},"content":{"rendered":"<div class=\"wpb-content-wrapper\"><p>[vc_row][vc_column][vc_column_text css=\u00bb\u00bb]<\/p>\n<h2>Hill-Rom Advanta 2 ICU Bed<\/h2>\n<p>La cama de ICU Hill-Rom Advanta 2 est\u00e1 dise\u00f1ada para ayudarlo a enfrentar sus desaf\u00edos diarios. Su funcionalidad intuitiva e integrada, como el posicionamiento, el transporte, la comunicaci\u00f3n, el monitoreo y las alertas, ofrece las funciones para ayudarlo a abordar sus principales prioridades y mejorar su experiencia como cuidador.<\/p>\n<ul>\n<li>Sistema de transporte con motor IntelliDrive<\/li>\n<li>Posici\u00f3n de silla<\/li>\n<li>Mango de agarre de cuidado<\/li>\n<li>Sistema de salida de cama de tres modos<\/li>\n<li>Escala integrada<\/li>\n<li>Siderails de operaci\u00f3n en un solo paso<\/li>\n<li>Controles Siderail de punto de cuidado<\/li>\n<li>Pie vascular el\u00e9ctrico<\/li>\n<\/ul>\n<h3>Especificaciones F\u00edsicas<\/h3>\n<ul>\n<li>Ancho del cuadro: 40 \u00ab(101,6 cm)<\/li>\n<li>Longitud del cuadro con cabeza \/ estribo (con topes)<\/li>\n<li>Normal: 91 \u00ab(231 cm)<\/li>\n<li>Extendida: 94 \u00ab(238.9 cm)<\/li>\n<\/ul>\n<h3>Dimenciones<\/h3>\n<ul>\n<li>Ancho: 36 \u00ab(91,44 cm)<\/li>\n<li>Longitud normal: 84 \u00ab(213.4 cm)<\/li>\n<li>Longitud extendida: 87 \u00ab(221 cm)<\/li>\n<\/ul>\n<h3>Espacio libre debajo del marco<\/h3>\n<ul>\n<li>5.00\u201d (12.70 cm)<\/li>\n<\/ul>\n<h3>Sistema de escala opcional<\/h3>\n<ul>\n<li>Precisi\u00f3n: \u00b1 2.2 lbs o 1.0% del peso del paciente w \/ e es mayor<\/li>\n<li>Pesar en cualquier posici\u00f3n: s\u00ed<\/li>\n<li>Repetibilidad de escala: 0.2% del peso del paciente<\/li>\n<\/ul>\n<h3>Posici\u00f3n Baja (Del Piso a la Cama)<\/h3>\n<ul>\n<li>15.75\u201d (42.55 cm)<\/li>\n<\/ul>\n<h3>Posici\u00f3n Alta (Del Piso a la Cama)<\/h3>\n<ul>\n<li>32.5\u201d (82.55 cm)<\/li>\n<\/ul>\n<h3>Altura m\u00e1xima de la cabeza<\/h3>\n<ul>\n<li>65\u00b0<\/li>\n<\/ul>\n<h3>Tendencia m\u00e1xima \/ tendencia inversa<\/h3>\n<ul>\n<li>16\u00b0<\/li>\n<\/ul>\n<h3>Tama\u00f1o de la rueda<\/h3>\n<ul>\n<li>6\u201d (15 cm)<\/li>\n<\/ul>\n<h3>Carga de trabajo segura<\/h3>\n<ul>\n<li>500 lbs<\/li>\n<\/ul>\n<p>[\/vc_column_text][\/vc_column][\/vc_row]<\/p>\n<\/div>","protected":false},"excerpt":{"rendered":"<p>[vc_row][vc_column][vc_column_text css=\u00bb\u00bb] Hill-Rom Advanta 2 ICU Bed La cama de ICU Hill-Rom Advanta 2 est\u00e1 dise\u00f1ada para ayudarlo a enfrentar sus desaf\u00edos diarios. Su&#8230;<\/p>\n","protected":false},"featured_media":8104,"template":"","meta":{"_acf_changed":false,"_relevanssi_hide_post":"","_relevanssi_hide_content":"","_relevanssi_pin_for_all":"","_relevanssi_pin_keywords":"","_relevanssi_unpin_keywords":"","_relevanssi_related_keywords":"","_relevanssi_related_include_ids":"","_relevanssi_related_exclude_ids":"","_relevanssi_related_no_append":"","_relevanssi_related_not_related":"","_relevanssi_related_posts":"","_relevanssi_noindex_reason":"","inline_featured_image":false},"pwb-brand":[1095],"product_brand":[],"product_cat":[272],"product_tag":[847,848,845,844,843,846],"class_list":{"0":"post-8102","1":"product","2":"type-product","3":"status-publish","4":"has-post-thumbnail","6":"pwb-brand-equipo-medico-hill-rom","7":"product_cat-camas-de-hospital","8":"product_tag-advanta-2-icu-bed","9":"product_tag-hill-rom-2-icu-bed","10":"product_tag-hill-rom-advanta-2","11":"product_tag-hill-rom-advanta-2-icu","12":"product_tag-hill-rom-advanta-2-icu-bed","13":"product_tag-hill-rom-hill-rom-advanta","15":"first","16":"instock","17":"shipping-taxable","18":"purchasable","19":"product-type-simple"},"acf":[],"brands":[{"id":1095,"name":"Hill-Rom","slug":"equipo-medico-hill-rom"}],"_links":{"self":[{"href":"https:\/\/www.somatechnology.com\/spanish\/wp-json\/wp\/v2\/product\/8102","targetHints":{"allow":["GET"]}}],"collection":[{"href":"https:\/\/www.somatechnology.com\/spanish\/wp-json\/wp\/v2\/product"}],"about":[{"href":"https:\/\/www.somatechnology.com\/spanish\/wp-json\/wp\/v2\/types\/product"}],"wp:featuredmedia":[{"embeddable":true,"href":"https:\/\/www.somatechnology.com\/spanish\/wp-json\/wp\/v2\/media\/8104"}],"wp:attachment":[{"href":"https:\/\/www.somatechnology.com\/spanish\/wp-json\/wp\/v2\/media?parent=8102"}],"wp:term":[{"taxonomy":"pwb-brand","embeddable":true,"href":"https:\/\/www.somatechnology.com\/spanish\/wp-json\/wp\/v2\/pwb-brand?post=8102"},{"taxonomy":"product_brand","embeddable":true,"href":"https:\/\/www.somatechnology.com\/spanish\/wp-json\/wp\/v2\/product_brand?post=8102"},{"taxonomy":"product_cat","embeddable":true,"href":"https:\/\/www.somatechnology.com\/spanish\/wp-json\/wp\/v2\/product_cat?post=8102"},{"taxonomy":"product_tag","embeddable":true,"href":"https:\/\/www.somatechnology.com\/spanish\/wp-json\/wp\/v2\/product_tag?post=8102"}],"curies":[{"name":"wp","href":"https:\/\/api.w.org\/{rel}","templated":true}]}}