{"id":8113,"date":"2018-02-07T21:12:58","date_gmt":"2018-02-07T21:12:58","guid":{"rendered":"https:\/\/www.somatechnology.com\/spanish\/?post_type=product&#038;p=8113"},"modified":"2025-12-11T02:42:53","modified_gmt":"2025-12-11T07:42:53","slug":"zeiss-opmi-1-fc-on-s2-stand","status":"publish","type":"product","link":"https:\/\/www.somatechnology.com\/spanish\/equipo-medico-usado-remanufacturado\/microscopios-de-cirugia\/zeiss-opmi-1-fc-on-s2-stand\/","title":{"rendered":"Zeiss OPMI 1-FC on S2 Stand"},"content":{"rendered":"<div class=\"wpb-content-wrapper\"><p>[vc_row][vc_column][vc_column_text css=\u00bb\u00bb]<\/p>\n<h2><strong>Zeiss OPMI 1-FC on S2 Stand <\/strong><\/h2>\n<p>OPMI\u00ae 1 FC simboliza calidad, precisi\u00f3n y confiabilidad. Al ayudar a definir el campo de la microcirug\u00eda, el sistema ha construido su propio legado.<\/p>\n<p>El sistema manual es f\u00e1cil de usar y ofrece im\u00e1genes de alta fidelidad con la legendaria \u00f3ptica Carl Zeiss. La funcionalidad precisa de enfoque fino y la perilla de ajuste de brillo permiten al cirujano alcanzar r\u00e1pida y f\u00e1cilmente los niveles ideales de enfoque e iluminaci\u00f3n, en ex\u00e1menes de rutina y procedimientos quir\u00fargicos.<\/p>\n<p>Despu\u00e9s de completar el procedimiento, el sistema puede alejarse convenientemente del campo de operaci\u00f3n y apagarse autom\u00e1ticamente levantando el brazo del microscopio quir\u00fargico hacia arriba en la posici\u00f3n de espera.<\/p>\n<h3>Caracteristicas:<\/h3>\n<ul>\n<li>Microscopio OP m\u00f3vil<\/li>\n<li>Ocular 10x22B<\/li>\n<li>Vista ajustable<\/li>\n<li>Zoom: 0,4-2,5<\/li>\n<li>distancia de trabajo 200 mm<\/li>\n<li>Aumento 4,3x hasta 26,6x<\/li>\n<li>Fuente de luz hal\u00f3gena 100W<\/li>\n<li>Stand S2<\/li>\n<\/ul>\n<p>[\/vc_column_text][\/vc_column][\/vc_row]<\/p>\n<\/div>","protected":false},"excerpt":{"rendered":"<p>[vc_row][vc_column][vc_column_text css=\u00bb\u00bb] Zeiss OPMI 1-FC on S2 Stand OPMI\u00ae 1 FC simboliza calidad, precisi\u00f3n y confiabilidad. Al ayudar a definir el campo de la&#8230;<\/p>\n","protected":false},"featured_media":8445,"template":"","meta":{"_acf_changed":false,"_relevanssi_hide_post":"","_relevanssi_hide_content":"","_relevanssi_pin_for_all":"","_relevanssi_pin_keywords":"","_relevanssi_unpin_keywords":"","_relevanssi_related_keywords":"","_relevanssi_related_include_ids":"","_relevanssi_related_exclude_ids":"","_relevanssi_related_no_append":"","_relevanssi_related_not_related":"","_relevanssi_related_posts":"","_relevanssi_noindex_reason":"","inline_featured_image":false},"pwb-brand":[1062],"product_brand":[],"product_cat":[69],"product_tag":[1043,4327,765,855,857,856],"class_list":{"0":"post-8113","1":"product","2":"type-product","3":"status-publish","4":"has-post-thumbnail","6":"pwb-brand-zeiss","7":"product_cat-microscopios-de-cirugia","8":"product_tag-microscopio-quirurgico","9":"product_tag-microscopios-de-cirugia-zeiss","10":"product_tag-zeiss-opmi","11":"product_tag-zeiss-opmi-1-fc","12":"product_tag-zeiss-opmi-1-fc-on-s2","13":"product_tag-zeiss-opmi-1-fc-on-s2-stand","15":"first","16":"instock","17":"shipping-taxable","18":"purchasable","19":"product-type-simple"},"acf":[],"brands":[{"id":1062,"name":"Zeiss","slug":"zeiss"}],"_links":{"self":[{"href":"https:\/\/www.somatechnology.com\/spanish\/wp-json\/wp\/v2\/product\/8113","targetHints":{"allow":["GET"]}}],"collection":[{"href":"https:\/\/www.somatechnology.com\/spanish\/wp-json\/wp\/v2\/product"}],"about":[{"href":"https:\/\/www.somatechnology.com\/spanish\/wp-json\/wp\/v2\/types\/product"}],"wp:featuredmedia":[{"embeddable":true,"href":"https:\/\/www.somatechnology.com\/spanish\/wp-json\/wp\/v2\/media\/8445"}],"wp:attachment":[{"href":"https:\/\/www.somatechnology.com\/spanish\/wp-json\/wp\/v2\/media?parent=8113"}],"wp:term":[{"taxonomy":"pwb-brand","embeddable":true,"href":"https:\/\/www.somatechnology.com\/spanish\/wp-json\/wp\/v2\/pwb-brand?post=8113"},{"taxonomy":"product_brand","embeddable":true,"href":"https:\/\/www.somatechnology.com\/spanish\/wp-json\/wp\/v2\/product_brand?post=8113"},{"taxonomy":"product_cat","embeddable":true,"href":"https:\/\/www.somatechnology.com\/spanish\/wp-json\/wp\/v2\/product_cat?post=8113"},{"taxonomy":"product_tag","embeddable":true,"href":"https:\/\/www.somatechnology.com\/spanish\/wp-json\/wp\/v2\/product_tag?post=8113"}],"curies":[{"name":"wp","href":"https:\/\/api.w.org\/{rel}","templated":true}]}}