{"id":8161,"date":"2018-02-12T17:31:52","date_gmt":"2018-02-12T17:31:52","guid":{"rendered":"https:\/\/www.somatechnology.com\/spanish\/?post_type=product&#038;p=8161"},"modified":"2025-12-11T01:55:39","modified_gmt":"2025-12-11T06:55:39","slug":"getinge-5524-table-top","status":"publish","type":"product","link":"https:\/\/www.somatechnology.com\/spanish\/equipo-medico-usado-remanufacturado\/calentador-de-mantas\/getinge-5524-table-top\/","title":{"rendered":"Getinge 5524  table top"},"content":{"rendered":"<div class=\"wpb-content-wrapper\"><p>[vc_row][vc_column][vc_column_text css=\u00bb\u00bb]<\/p>\n<h2>Getinge 5524<\/h2>\n<p>El gabinete calentador Getinge 5524 est\u00e1 dise\u00f1ado para la calefacci\u00f3n y el almacenamiento de soluciones de irrigaci\u00f3n y \/ o mantas utilizadas en el cuidado de pacientes en \u00e1reas tales como cirug\u00eda, recuperaci\u00f3n, obstetricia \/ ginecolog\u00eda, UCI o sala de emergencias. Nota: Este producto no debe usarse para el almacenamiento de fluidos, sangre o productos sangu\u00edneos inyectables. El Castle 5524 es un gabinete de calentamiento de sobremesa \u00fanico con una puerta de vidrio templado \u00abde inspecci\u00f3n\u00bb en su c\u00e1mara de convecci\u00f3n caliente. El rango de temperatura se puede ajustar desde 90 \u00b0 F (32 \u00b0 C) a 160 \u00b0 F (71 \u00b0 C) y cuenta con una funci\u00f3n de \u00abbloqueo\u00bb para evitar cambios no autorizados en la configuraci\u00f3n de temperatura.<\/p>\n<ul>\n<li>Aire calentado distribuido uniformemente<\/li>\n<li>Doble pared, construcci\u00f3n de acero inoxidable tipo 304<\/li>\n<li>Se proporciona aislamiento para conservar energ\u00eda y asegurar que la superficie exterior no supere los 120 \u2109 (49 \u2103)<\/li>\n<li>El vidrio templado exterior no excede 120 \u2109 (49 \u2103)<\/li>\n<\/ul>\n<h3>Dimensiones<\/h3>\n<ul>\n<li>Exterior\n<ul>\n<li>Altura: 17.5 pulgadas (44.5 cm)<\/li>\n<li>Ancho: 30 in (76.2 cm)<\/li>\n<li>Profundidad: 24In (61 cm)<\/li>\n<\/ul>\n<\/li>\n<li>Interior\n<ul>\n<li>Altura: 13 in (33 cm)<\/li>\n<li>Ancho: 26 In (66 cm)<\/li>\n<li>Profundidad: 21 In (53.3 cm)<\/li>\n<\/ul>\n<\/li>\n<\/ul>\n<h3>Capacidad<\/h3>\n<ul>\n<li>\u2022 Volumen total utilizable: 4.1 ft3 (116 L)<\/li>\n<\/ul>\n<h3>M\u00e1s caracter\u00edsticas<\/h3>\n<ul>\n<li>Las puertas de vidrio \u00abLook-In\u00bb brindan control visual de inventario sin abrir puertas<\/li>\n<li>Gran volumen interno utilizable para el almacenamiento de botellas y mantas de soluci\u00f3n<\/li>\n<li>La calefacci\u00f3n por convecci\u00f3n de aire forzado es m\u00e1s eficiente y elimina la necesidad de bastidores de mantilla<\/li>\n<li>El control de calor independiente proporciona flexibilidad de diferentes temperaturas en cada compartimento<\/li>\n<li>Programable para visualizaci\u00f3n de \u00b0 F y \u00b0 C<\/li>\n<li>El \u00abbloqueo\u00bb de supervisi\u00f3n del punto de ajuste de temperatura evita los cambios no autorizados de temperatura<\/li>\n<li>La memoria no vol\u00e1til protege la configuraci\u00f3n de temperatura en caso de una p\u00e9rdida de potencia<\/li>\n<li>Una pantalla LED alertar\u00e1 al operador de una interrupci\u00f3n o p\u00e9rdida de potencia<\/li>\n<li>La protecci\u00f3n contra sobrecalentamiento apagar\u00e1 los calentadores y proporcionar\u00e1 una alarma audible o los operadores<\/li>\n<li>Estantes ajustables proporcionados para acomodar varios tipos de cargas<\/li>\n<li>Las opciones de montaje incluyen mesa, pared o empotrada en una pared<\/li>\n<\/ul>\n<p>[\/vc_column_text][\/vc_column][\/vc_row]<\/p>\n<\/div>","protected":false},"excerpt":{"rendered":"<p>[vc_row][vc_column][vc_column_text css=\u00bb\u00bb] Getinge 5524 El gabinete calentador Getinge 5524 est\u00e1 dise\u00f1ado para la calefacci\u00f3n y el almacenamiento de soluciones de irrigaci\u00f3n y \/ o&#8230;<\/p>\n","protected":false},"featured_media":8164,"template":"","meta":{"_acf_changed":false,"_relevanssi_hide_post":"","_relevanssi_hide_content":"","_relevanssi_pin_for_all":"","_relevanssi_pin_keywords":"","_relevanssi_unpin_keywords":"","_relevanssi_related_keywords":"","_relevanssi_related_include_ids":"","_relevanssi_related_exclude_ids":"","_relevanssi_related_no_append":"","_relevanssi_related_not_related":"","_relevanssi_related_posts":"","_relevanssi_noindex_reason":"","inline_featured_image":false},"pwb-brand":[1153],"product_brand":[],"product_cat":[83,7029],"product_tag":[320,337,436,439],"class_list":{"0":"post-8161","1":"product","2":"type-product","3":"status-publish","4":"has-post-thumbnail","6":"pwb-brand-equipo-medico-getinge","7":"product_cat-calentador-de-mantas","8":"product_cat-calentadores","9":"product_tag-blanket-warmer","10":"product_tag-calentador-de-mantas","11":"product_tag-getinge","12":"product_tag-getinge-5524","14":"first","15":"instock","16":"shipping-taxable","17":"purchasable","18":"product-type-simple"},"acf":[],"brands":[{"id":1153,"name":"Getinge","slug":"equipo-medico-getinge"}],"_links":{"self":[{"href":"https:\/\/www.somatechnology.com\/spanish\/wp-json\/wp\/v2\/product\/8161","targetHints":{"allow":["GET"]}}],"collection":[{"href":"https:\/\/www.somatechnology.com\/spanish\/wp-json\/wp\/v2\/product"}],"about":[{"href":"https:\/\/www.somatechnology.com\/spanish\/wp-json\/wp\/v2\/types\/product"}],"wp:featuredmedia":[{"embeddable":true,"href":"https:\/\/www.somatechnology.com\/spanish\/wp-json\/wp\/v2\/media\/8164"}],"wp:attachment":[{"href":"https:\/\/www.somatechnology.com\/spanish\/wp-json\/wp\/v2\/media?parent=8161"}],"wp:term":[{"taxonomy":"pwb-brand","embeddable":true,"href":"https:\/\/www.somatechnology.com\/spanish\/wp-json\/wp\/v2\/pwb-brand?post=8161"},{"taxonomy":"product_brand","embeddable":true,"href":"https:\/\/www.somatechnology.com\/spanish\/wp-json\/wp\/v2\/product_brand?post=8161"},{"taxonomy":"product_cat","embeddable":true,"href":"https:\/\/www.somatechnology.com\/spanish\/wp-json\/wp\/v2\/product_cat?post=8161"},{"taxonomy":"product_tag","embeddable":true,"href":"https:\/\/www.somatechnology.com\/spanish\/wp-json\/wp\/v2\/product_tag?post=8161"}],"curies":[{"name":"wp","href":"https:\/\/api.w.org\/{rel}","templated":true}]}}