{"id":8192,"date":"2018-02-12T20:48:27","date_gmt":"2018-02-12T20:48:27","guid":{"rendered":"https:\/\/www.somatechnology.com\/spanish\/?post_type=product&#038;p=8192"},"modified":"2025-12-11T02:30:33","modified_gmt":"2025-12-11T07:30:33","slug":"zeiss-opmi-movena","status":"publish","type":"product","link":"https:\/\/www.somatechnology.com\/spanish\/equipo-medico-usado-remanufacturado\/microscopios-de-cirugia\/zeiss-opmi-movena\/","title":{"rendered":"Zeiss OPMI Movena"},"content":{"rendered":"<div class=\"wpb-content-wrapper\"><p>[vc_row][vc_column][vc_column_text css=\u00bb\u00bb]<\/p>\n<h2><strong>Zeiss OPMI Movena Microscope <\/strong><\/h2>\n<p>La movilidad sin esfuerzo es una de las caracter\u00edsticas m\u00e1s sobresalientes del microscopio OPMI\u00ae Movena. Los cirujanos pueden hacer peque\u00f1os cambios en la posici\u00f3n del cabezal del microscopio quir\u00fargico. El sistema de equilibrio manual asegura que el microscopio quir\u00fargico est\u00e1 en perfecto equilibrio, independientemente de los accesorios conectados.<\/p>\n<p>El lente \u00f3ptico apocrom\u00e1tico y el Varioskop\u00ae manual, en combinaci\u00f3n con el cambiador de aumento de 5 pasos y la iluminaci\u00f3n brillante, es la combinaci\u00f3n ideal para cirujanos que buscan un microscopio quir\u00fargico manual de primera calidad para procedimientos ORL r\u00e1pidos y rutinarios o ex\u00e1menes exigentes.<\/p>\n<p>El dise\u00f1o compacto OPMI Movena permite su uso incluso en los espacios m\u00e1s reducidos y en los quir\u00f3fanos m\u00e1s peque\u00f1os.<\/p>\n<h2><strong>Microscopio Zeiss OPMI Movena <\/strong><\/h2>\n<h3>Aumento<\/h3>\n<ul>\n<li>Cambiador de aumento Carl Zeiss manual, relaci\u00f3n 1: 6 en 5 pasos<\/li>\n<\/ul>\n<h3>Sistema de Enfoque Varioskop\u00ae<\/h3>\n<ul>\n<li>Interno, manual, continuamente ajustable<\/li>\n<\/ul>\n<h3>Vizualizacion<\/h3>\n<ul>\n<li>200 \u2013 415 mm<\/li>\n<\/ul>\n<h3>Tubo Binocular Principal<\/h3>\n<ul>\n<li>Tubo recto f = 170 mm<\/li>\n<li>0 &#8211; tubo inclinable de 180 \u00b0 f = 170 mm o f = 200 mm con oculares de campo amplio de 10x o 12.5x (opcional)<\/li>\n<li>Tubo plegable f170 \/ f260, incluida la funci\u00f3n PROMAG \u2122 para una ampliaci\u00f3n adicional del 50% y funci\u00f3n de rotaci\u00f3n integrada (opcional)<\/li>\n<\/ul>\n<h3>Iluminaci\u00f3n<\/h3>\n<ul>\n<li>Iluminaci\u00f3n hal\u00f3gena para iluminaci\u00f3n principal y de respaldo: l\u00e1mpara hal\u00f3gena de 100 W, l\u00e1mpara de respaldo en cambiador de l\u00e1mparas de acci\u00f3n r\u00e1pida<\/li>\n<li>Superlux\u00ae 180 para iluminaci\u00f3n principal y de respaldo (opcional): l\u00e1mpara de xen\u00f3n de 180 W con temperatura de color de la luz del d\u00eda, l\u00e1mpara de xen\u00f3n de respaldo en cambiador de l\u00e1mparas de acci\u00f3n r\u00e1pida<\/li>\n<\/ul>\n<h3>Voltaje<\/h3>\n<ul>\n<li>115 V \/ 230 V \u00b1 10%<\/li>\n<\/ul>\n<h3>Frecuencia<\/h3>\n<ul>\n<li>50 Hz \u2013 60 Hz<\/li>\n<\/ul>\n<h3>Consumo de energ\u00eda<\/h3>\n<ul>\n<li>115 V, max. 10 A<\/li>\n<li>230 V, max. 8 A<\/li>\n<\/ul>\n<h3>Peso<\/h3>\n<ul>\n<li>Soporte de suelo S7: Aprox. 177 kg (con OPMI)<\/li>\n<li>Montaje en techo S7 con columna r\u00edgida: Aprox. 80 kg (con OPMI)<\/li>\n<li>Soporte de techo S7 con columna ajustable en altura: Aprox. 133 kg (con OPMI)<\/li>\n<\/ul>\n<p>[\/vc_column_text][\/vc_column][\/vc_row]<\/p>\n<\/div>","protected":false},"excerpt":{"rendered":"<p>[vc_row][vc_column][vc_column_text css=\u00bb\u00bb] Zeiss OPMI Movena Microscope La movilidad sin esfuerzo es una de las caracter\u00edsticas m\u00e1s sobresalientes del microscopio OPMI\u00ae Movena. Los cirujanos pueden&#8230;<\/p>\n","protected":false},"featured_media":8471,"template":"","meta":{"_acf_changed":false,"_relevanssi_hide_post":"","_relevanssi_hide_content":"","_relevanssi_pin_for_all":"","_relevanssi_pin_keywords":"","_relevanssi_unpin_keywords":"","_relevanssi_related_keywords":"","_relevanssi_related_include_ids":"","_relevanssi_related_exclude_ids":"","_relevanssi_related_no_append":"","_relevanssi_related_not_related":"","_relevanssi_related_posts":"","_relevanssi_noindex_reason":"","inline_featured_image":false},"pwb-brand":[1062],"product_brand":[],"product_cat":[69],"product_tag":[1043,4327,940,939,767,941,765,938],"class_list":{"0":"post-8192","1":"product","2":"type-product","3":"status-publish","4":"has-post-thumbnail","6":"pwb-brand-zeiss","7":"product_cat-microscopios-de-cirugia","8":"product_tag-microscopio-quirurgico","9":"product_tag-microscopios-de-cirugia-zeiss","10":"product_tag-movena","11":"product_tag-opmi-movena","12":"product_tag-zeiss","13":"product_tag-zeiss-movena","14":"product_tag-zeiss-opmi","15":"product_tag-zeiss-opmi-movena","17":"first","18":"instock","19":"shipping-taxable","20":"purchasable","21":"product-type-simple"},"acf":[],"brands":[{"id":1062,"name":"Zeiss","slug":"zeiss"}],"_links":{"self":[{"href":"https:\/\/www.somatechnology.com\/spanish\/wp-json\/wp\/v2\/product\/8192","targetHints":{"allow":["GET"]}}],"collection":[{"href":"https:\/\/www.somatechnology.com\/spanish\/wp-json\/wp\/v2\/product"}],"about":[{"href":"https:\/\/www.somatechnology.com\/spanish\/wp-json\/wp\/v2\/types\/product"}],"wp:featuredmedia":[{"embeddable":true,"href":"https:\/\/www.somatechnology.com\/spanish\/wp-json\/wp\/v2\/media\/8471"}],"wp:attachment":[{"href":"https:\/\/www.somatechnology.com\/spanish\/wp-json\/wp\/v2\/media?parent=8192"}],"wp:term":[{"taxonomy":"pwb-brand","embeddable":true,"href":"https:\/\/www.somatechnology.com\/spanish\/wp-json\/wp\/v2\/pwb-brand?post=8192"},{"taxonomy":"product_brand","embeddable":true,"href":"https:\/\/www.somatechnology.com\/spanish\/wp-json\/wp\/v2\/product_brand?post=8192"},{"taxonomy":"product_cat","embeddable":true,"href":"https:\/\/www.somatechnology.com\/spanish\/wp-json\/wp\/v2\/product_cat?post=8192"},{"taxonomy":"product_tag","embeddable":true,"href":"https:\/\/www.somatechnology.com\/spanish\/wp-json\/wp\/v2\/product_tag?post=8192"}],"curies":[{"name":"wp","href":"https:\/\/api.w.org\/{rel}","templated":true}]}}