{"id":8196,"date":"2018-02-12T21:02:42","date_gmt":"2018-02-12T21:02:42","guid":{"rendered":"https:\/\/www.somatechnology.com\/spanish\/?post_type=product&#038;p=8196"},"modified":"2025-12-11T00:53:19","modified_gmt":"2025-12-11T05:53:19","slug":"smiths-medical-hotline-level-1","status":"publish","type":"product","link":"https:\/\/www.somatechnology.com\/spanish\/equipo-medico-usado-remanufacturado\/calentador-de-fluidos\/smiths-medical-hotline-level-1\/","title":{"rendered":"Smiths Medical Hotline Level 1"},"content":{"rendered":"<div class=\"wpb-content-wrapper\"><p>[vc_row][vc_column][vc_column_text css=\u00bb\u00bb]<\/p>\n<h2><strong>Hotline Level 1 <\/strong><\/h2>\n<p>El calentador de sangre y l\u00edquido Smiths Medical Hotline Level 1 ofrece una tecnolog\u00eda segura, confiable y probada para calentar y administrar sangre y fluidos consistentemente a los pacientes sometidos a procedimientos quir\u00fargicos. El calentamiento de fluidos es un m\u00e9todo para elevar la temperatura de los l\u00edquidos administrados a un paciente para mantener la temperatura corporal normal y prevenir la hipotermia.<\/p>\n<ul>\n<li>El punto de ajuste de temperatura de la soluci\u00f3n de recirculaci\u00f3n a 42 \u00b0 C garantiza que el paciente reciba sangre o l\u00edquidos a una temperatura que permita mantener la normotermia<\/li>\n<li>El dise\u00f1o desechable de l\u00ednea triple de Hotline elimina el enfriamiento de la l\u00ednea del paciente, dando como resultado fluidos m\u00e1s c\u00e1lidos que llegan al paciente<\/li>\n<li>Mantiene la sangre y los l\u00edquidos calientes entre 37 \u00b0 -42 \u00b0 C<\/li>\n<li>F\u00e1cil de usar y configuraci\u00f3n desechable de un solo paso. Mejora la tecnolog\u00eda de placa calefactora a tasas de flujo de rutina<\/li>\n<\/ul>\n<p>&nbsp;<\/p>\n<div id=\"mttContainer\" class=\"notranslate\" style=\"transform: translate(204px, 129px);\" aria-expanded=\"false\"><\/div>\n<p>[\/vc_column_text][\/vc_column][\/vc_row]<\/p>\n<\/div>","protected":false},"excerpt":{"rendered":"<p>[vc_row][vc_column][vc_column_text css=\u00bb\u00bb] Hotline Level 1 El calentador de sangre y l\u00edquido Smiths Medical Hotline Level 1 ofrece una tecnolog\u00eda segura, confiable y probada para&#8230;<\/p>\n","protected":false},"featured_media":8496,"template":"","meta":{"_acf_changed":false,"_relevanssi_hide_post":"","_relevanssi_hide_content":"","_relevanssi_pin_for_all":"","_relevanssi_pin_keywords":"","_relevanssi_unpin_keywords":"","_relevanssi_related_keywords":"","_relevanssi_related_include_ids":"","_relevanssi_related_exclude_ids":"","_relevanssi_related_no_append":"","_relevanssi_related_not_related":"","_relevanssi_related_posts":"","_relevanssi_noindex_reason":"","inline_featured_image":false},"pwb-brand":[1078],"product_brand":[],"product_cat":[912,7029],"product_tag":[924,948,949,915,914,950,916,913,947,951],"class_list":{"0":"post-8196","1":"product","2":"type-product","3":"status-publish","4":"has-post-thumbnail","6":"pwb-brand-equipo-medico-smiths-medical","7":"product_cat-calentador-de-fluidos","8":"product_cat-calentadores","9":"product_tag-calentador-de-fluidos","10":"product_tag-hotline","11":"product_tag-hotline-level-1","12":"product_tag-level-1","13":"product_tag-smiths","14":"product_tag-smiths-hotline-level-1","15":"product_tag-smiths-level-1","16":"product_tag-smiths-medical","17":"product_tag-smiths-medical-hotline","18":"product_tag-smiths-medical-hotline-level-1","20":"first","21":"instock","22":"shipping-taxable","23":"purchasable","24":"product-type-simple"},"acf":[],"brands":[{"id":1078,"name":"Smiths Medical","slug":"equipo-medico-smiths-medical"}],"_links":{"self":[{"href":"https:\/\/www.somatechnology.com\/spanish\/wp-json\/wp\/v2\/product\/8196","targetHints":{"allow":["GET"]}}],"collection":[{"href":"https:\/\/www.somatechnology.com\/spanish\/wp-json\/wp\/v2\/product"}],"about":[{"href":"https:\/\/www.somatechnology.com\/spanish\/wp-json\/wp\/v2\/types\/product"}],"wp:featuredmedia":[{"embeddable":true,"href":"https:\/\/www.somatechnology.com\/spanish\/wp-json\/wp\/v2\/media\/8496"}],"wp:attachment":[{"href":"https:\/\/www.somatechnology.com\/spanish\/wp-json\/wp\/v2\/media?parent=8196"}],"wp:term":[{"taxonomy":"pwb-brand","embeddable":true,"href":"https:\/\/www.somatechnology.com\/spanish\/wp-json\/wp\/v2\/pwb-brand?post=8196"},{"taxonomy":"product_brand","embeddable":true,"href":"https:\/\/www.somatechnology.com\/spanish\/wp-json\/wp\/v2\/product_brand?post=8196"},{"taxonomy":"product_cat","embeddable":true,"href":"https:\/\/www.somatechnology.com\/spanish\/wp-json\/wp\/v2\/product_cat?post=8196"},{"taxonomy":"product_tag","embeddable":true,"href":"https:\/\/www.somatechnology.com\/spanish\/wp-json\/wp\/v2\/product_tag?post=8196"}],"curies":[{"name":"wp","href":"https:\/\/api.w.org\/{rel}","templated":true}]}}