{"id":8201,"date":"2018-02-12T21:12:03","date_gmt":"2018-02-12T21:12:03","guid":{"rendered":"https:\/\/www.somatechnology.com\/spanish\/?post_type=product&#038;p=8201"},"modified":"2023-08-23T06:21:50","modified_gmt":"2023-08-23T10:21:50","slug":"zeiss-opmi-visu-200-s8-stand","status":"publish","type":"product","link":"https:\/\/www.somatechnology.com\/spanish\/equipo-medico-usado-remanufacturado\/microscopios-de-cirugia\/zeiss-opmi-visu-200-s8-stand\/","title":{"rendered":"Zeiss OPMI VISU 200 on S8 Stand"},"content":{"rendered":"<h2>CARACTER\u00cdSTICAS DE ZEISS OPMI VISU 200 EN SOPORTE S8<\/h2>\n<p>El microscopio <strong>Zeiss OPMI Visu 200 S8<\/strong> tiene unas caracter\u00edsticas excepcionales que se han conseguido centr\u00e1ndose en las necesidades del cirujano y del paciente. El OPMI VISU 200 ha demostrado ser un microscopio muy fiable que es excelente en la entrega de rojo-reflex para la cirug\u00eda de cataratas y los procedimientos de Vitreo-Retina. El soporte S8 es un soporte de suelo con embrague electromagn\u00e9tico para un movimiento sin esfuerzo a trav\u00e9s del campo quir\u00fargico. El soporte S8 tiene ajustes predeterminados para el brillo, el aumento, la velocidad del motor y la configuraci\u00f3n para hasta nueve usuarios diferentes.<\/p>\n<ul>\n<li>Aplicaciones quir\u00fargicas: Cataratas y Vitreo-Retina<\/li>\n<li>Enfoque y zoom motorizados<\/li>\n<li>Binocular Zeiss inclinable 0-180 grados<\/li>\n<li>4 oculares de campo amplio de 10x<\/li>\n<li>Lente objetivo Zeiss de 175 mm<\/li>\n<li>Mando de pedal Zeiss<\/li>\n<li>Cable de fibra \u00f3ptica<\/li>\n<li>Soporte de suelo electromagn\u00e9tico Zeiss S-8<\/li>\n<li>Sistema de observaci\u00f3n est\u00e9reo real<\/li>\n<\/ul>\n<h2>M\u00c1S INFORMACI\u00d3N SOBRE EL ZEISS OPMI VISU 200 EN SOPORTE S8<\/h2>\n<h3>Zeiss OPMI VISU 200 Reconstruido<\/h3>\n<p>Soma Tech Intl ofrece microscopios quir\u00fargicos Zeiss OPMI Visu 200 en Soporte S8 hasta un 50% por debajo de los precios originales con el mismo servicio y garant\u00eda que los nuevos. El Zeiss VISU 200 no s\u00f3lo es t\u00e9cnicamente reconstruido, sino tambi\u00e9n cosm\u00e9ticamente reformado para que funcione y parezca nuevo. Cuando el proceso de renovaci\u00f3n comienza en el Zeiss VISU 200, es cuidadosamente inspeccionado y probado por nuestros propios ingenieros biom\u00e9dicos que est\u00e1n cualificados y certificados para trabajar en microscopios quir\u00fargicos. Si es necesario, se sustituyen las piezas para asegurarse de que todos los aspectos del Zeiss VISU 200 funcionan correctamente. Una vez que todo est\u00e1 en orden de funcionamiento, la unidad se calibra de nuevo a las especificaciones originales del fabricante de ingenier\u00eda. Esto asegura que la unidad trabaje de la misma manera de cuando sali\u00f3 originalmente del fabricante. Despu\u00e9s de que el Zeiss VISU 200 est\u00e9 funcionando como nuevo, se somete a un proceso especial de restauraci\u00f3n cosm\u00e9tica. El microscopio se reparan los peque\u00f1os ara\u00f1azos y abolladuras, se pinta y se sustituyen las calcoman\u00edas si es necesario. Despu\u00e9s de este proceso de restauraci\u00f3n extenuante, la unidad funciona y se ve como nueva. Soma Tech Intl tiene la certificaci\u00f3n ISO 13485 y asegura que la mejor calidad se da a todos los equipos m\u00e9dicos que se venden. Antes de que el Zeiss Visu 200 sea etiquetado como listo para el paciente y empaquetado para su env\u00edo, pasa por una \u00faltima prueba de control de calidad que asegura que todos los aspectos funcionan de nuevo como deber\u00edan. Si quiere comprar un Zeiss OPMI VISU 200 en Soporte S8 reconstruido, p\u00f3ngase en contacto con nosotros al Soma@SomaTechnology.com o ll\u00e1menos al 1-800-GET-SOMA.<\/p>\n<p>Soma Tech Intl tambi\u00e9n est\u00e1 buscando activamente para comprar un Zeiss OPMI VISU 200. Si usted o su instalaci\u00f3n est\u00e1 buscando vender su Zeiss, aseg\u00farese de ponerse en contacto con Soma Tech Intl. Soma tiene un departamento de compras dedicado y expertos en ayudar a trav\u00e9s de todo el proceso. La venta de su Zeiss OPMI VISU usado o de segunda mano a Soma Tech Intl elimina el intermediario en la ecuaci\u00f3n. Esto tambi\u00e9n asegura que su centro m\u00e9dico obtiene el mejor precio por su equipo. Soma cumple al 100% con la normativa HIPPA y se asegura de que su equipo llegue a nuestras instalaciones en las mismas condiciones en las que sali\u00f3 del suyo. Soma Tech Intl tambi\u00e9n da la opci\u00f3n de cr\u00e9dito de intercambio en su equipo m\u00e9dico. Si usted o su instalaci\u00f3n est\u00e1 buscando recuperar espacio para nuevos equipos, o si usted est\u00e1 buscando para actualizar su equipo actual, p\u00f3ngase en contacto con el departamento de compras en Buyer@SomaTechnology.com o env\u00edenos un mensaje en nuestro sitio web Vender a Soma.<\/p>\n","protected":false},"excerpt":{"rendered":"<p>Microscopios de Cirug\u00eda<\/p>\n","protected":false},"featured_media":20530,"template":"","meta":{"_acf_changed":false,"_relevanssi_hide_post":"","_relevanssi_hide_content":"","_relevanssi_pin_for_all":"","_relevanssi_pin_keywords":"","_relevanssi_unpin_keywords":"","_relevanssi_related_keywords":"","_relevanssi_related_include_ids":"","_relevanssi_related_exclude_ids":"","_relevanssi_related_no_append":"","_relevanssi_related_not_related":"","_relevanssi_related_posts":"","_relevanssi_noindex_reason":"","inline_featured_image":false},"pwb-brand":[1062],"product_brand":[],"product_cat":[69],"product_tag":[1043,3858,4327,957,765,956,955,954,6774],"class_list":{"0":"post-8201","1":"product","2":"type-product","3":"status-publish","4":"has-post-thumbnail","6":"pwb-brand-zeiss","7":"product_cat-microscopios-de-cirugia","8":"product_tag-microscopio-quirurgico","9":"product_tag-microscopios-de-cirugia","10":"product_tag-microscopios-de-cirugia-zeiss","11":"product_tag-visu-200","12":"product_tag-zeiss-opmi","13":"product_tag-zeiss-opmi-visu","14":"product_tag-zeiss-opmi-visu-200","15":"product_tag-zeiss-opmi-visu-200-on-s8-stand","16":"product_tag-ziess-microscopios-de-cirugia","18":"first","19":"instock","20":"shipping-taxable","21":"purchasable","22":"product-type-simple"},"acf":[],"brands":[{"id":1062,"name":"Zeiss","slug":"zeiss"}],"_links":{"self":[{"href":"https:\/\/www.somatechnology.com\/spanish\/wp-json\/wp\/v2\/product\/8201","targetHints":{"allow":["GET"]}}],"collection":[{"href":"https:\/\/www.somatechnology.com\/spanish\/wp-json\/wp\/v2\/product"}],"about":[{"href":"https:\/\/www.somatechnology.com\/spanish\/wp-json\/wp\/v2\/types\/product"}],"wp:featuredmedia":[{"embeddable":true,"href":"https:\/\/www.somatechnology.com\/spanish\/wp-json\/wp\/v2\/media\/20530"}],"wp:attachment":[{"href":"https:\/\/www.somatechnology.com\/spanish\/wp-json\/wp\/v2\/media?parent=8201"}],"wp:term":[{"taxonomy":"pwb-brand","embeddable":true,"href":"https:\/\/www.somatechnology.com\/spanish\/wp-json\/wp\/v2\/pwb-brand?post=8201"},{"taxonomy":"product_brand","embeddable":true,"href":"https:\/\/www.somatechnology.com\/spanish\/wp-json\/wp\/v2\/product_brand?post=8201"},{"taxonomy":"product_cat","embeddable":true,"href":"https:\/\/www.somatechnology.com\/spanish\/wp-json\/wp\/v2\/product_cat?post=8201"},{"taxonomy":"product_tag","embeddable":true,"href":"https:\/\/www.somatechnology.com\/spanish\/wp-json\/wp\/v2\/product_tag?post=8201"}],"curies":[{"name":"wp","href":"https:\/\/api.w.org\/{rel}","templated":true}]}}