{"id":8205,"date":"2018-02-12T21:17:23","date_gmt":"2018-02-12T21:17:23","guid":{"rendered":"https:\/\/www.somatechnology.com\/spanish\/?post_type=product&#038;p=8205"},"modified":"2023-08-23T06:21:51","modified_gmt":"2023-08-23T10:21:51","slug":"zeiss-opmi-vario-700","status":"publish","type":"product","link":"https:\/\/www.somatechnology.com\/spanish\/equipo-medico-usado-remanufacturado\/microscopios-de-cirugia\/zeiss-opmi-vario-700\/","title":{"rendered":"Zeiss OPMI Vario 700"},"content":{"rendered":"<div class=\"pageHeader\">\n<h2>CARACTER\u00cdSTICAS DE ZEISS OPMI VARIO 700<\/h2>\n<p><strong>Zeiss OPMI Vario 700<\/strong> ofrece una claridad \u00f3ptica excepcional y una resoluci\u00f3n detallada. Con un rango de trabajo de 200 a 500 mm, las im\u00e1genes son n\u00edtidas. El Zeiss Vario 700 viene con una fuente de luz secundaria de xen\u00f3n de 300 w opcional. El Vario 700 se puede utilizar para una variedad de diferentes tipos de cirug\u00eda, que incluyen; cirug\u00edas neurol\u00f3gicas, espinales y otorrinolaringol\u00f3gicas junto con cirug\u00eda pl\u00e1stica y reconstructiva. El microscopio quir\u00fargico viene con AutoDrape, lo que minimiza la holgura del drapeado durante los procedimientos y optimiza el movimiento del microscopio. Claridad visual: \u00f3ptica ZEISS de \u00faltima generaci\u00f3n y cadena de v\u00eddeo HD totalmente integrada. Eficiencia: funciones de AutoBalance y AutoDrape que agilizan la configuraci\u00f3n preoperatoria. Versatilidad: un verdadero alcance multidisciplinario adecuado para muchos procedimientos diferentes o especialidades quir\u00fargicas, como columna, otorrinolaringolog\u00eda, pl\u00e1stica y reconstructiva, sin compromiso. M\u00e1s all\u00e1 de la visualizaci\u00f3n: capacidades de integraci\u00f3n total con las soluciones actuales y futuras de Zeiss Surgical Workplace.<\/p>\n<ul>\n<li>Claridad Visual: \u00d3ptica ZEISS de \u00faltima generaci\u00f3n y v\u00eddeo HD totalmente integrada<\/li>\n<li>Eficiencia: Funciones AutoBalance y AutoDrape que agilizan la configuraci\u00f3n preoperatoria<\/li>\n<li>Versatilidad: Un verdadero endoscopio multidisciplinar adecuado para muchos procedimientos o especialidades quir\u00fargicas diferentes, como la columna vertebral, la otorrinolaringolog\u00eda o la cirug\u00eda pl\u00e1stica y reconstructiva, sin ning\u00fan tipo de compromiso.<\/li>\n<li>M\u00e1s all\u00e1 de la visualizaci\u00f3n: Capacidad de integraci\u00f3n total con las soluciones actuales y futuras de Zeiss Surgical Workplace<\/li>\n<li>Aumento adicional del 50% en el tratamiento de legiones profundas<\/li>\n<\/ul>\n<h2>ESPECIFICACIONES DE ZEISS OPMI VARIO 700<\/h2>\n<h3>Peso<\/h3>\n<ul>\n<li>Peso total: Aprox. 275 kg<\/li>\n<li>La carga m\u00e1xima admisible (accesorios) en el cabezal del microscopio no puede superar los 7 kg<\/li>\n<li>Peso del contenedor de transporte: Aprox. 220 kg<\/li>\n<\/ul>\n<h3>Datos El\u00e9ctricos<\/h3>\n<ul>\n<li>Dimensiones est\u00e1ndar del tablero: 19.5&#8243;\/22&#8243;\/24&#8243; X 84&#8243; (49.5cm\/55.8cm\/60.96cm x 213.3 cm). #X100-2492<\/li>\n<\/ul>\n<h3>\u00d3ptica Apocrom\u00e1tica<\/h3>\n<ul>\n<li>Enfoque motorizado; distancia de trabajo 200-500 mm<\/li>\n<li>Zoom motorizado; relaci\u00f3n de zoom 1:6<\/li>\n<li>Ocular magn\u00e9tico de campo amplio de 10 x con oculares integrados<\/li>\n<li>Ocular magn\u00e9tico de campo amplio de 12.5 x con oculares integrados<\/li>\n<li>SpeedFokus para el enfoque autom\u00e1tico (s\u00f3lo con c\u00e1mara de v\u00eddeo integrada)<\/li>\n<\/ul>\n<h3>Iluminaci\u00f3n<\/h3>\n<ul>\n<li>Fuente de luz de xen\u00f3n Superlux\u00ae de 180 W<\/li>\n<li>Control Autom\u00e1tico del Iris para ajustar la iluminaci\u00f3n al campo de visi\u00f3n<\/li>\n<li>Focus Light Link: intensidad de la luz controlada por la distancia de trabajo<\/li>\n<li>Visualizaci\u00f3n de la vida \u00fatil restante de la l\u00e1mpara<\/li>\n<\/ul>\n<h3>Configuraci\u00f3n del Sistema<\/h3>\n<ul>\n<li>Balance manual con gu\u00eda a trav\u00e9s de la interfaz de usuario<\/li>\n<li>AutoBalance<\/li>\n<li>AutoDrape: evacuaci\u00f3n autom\u00e1tica del aire de la cortina<\/li>\n<\/ul>\n<h3>Funcionamiento del Sistema<\/h3>\n<ul>\n<li>Empu\u00f1aduras multifuncionales programables<\/li>\n<li>Embragues magn\u00e9ticos para todos los ejes del sistema<\/li>\n<li>Interfaz de usuario central<\/li>\n<li>Pantalla superior para mostrar los par\u00e1metros importantes del sistema<\/li>\n<\/ul>\n<h3>Accesorios<\/h3>\n<ul>\n<li>Requisito de energ\u00eda el\u00e9ctrica: 115VAC &lt; 10amps, 230V opcional. (Debe especificarse en el pedido)<\/li>\n<li>Funcionamiento completo con bater\u00eda interna &#8211; incluye indicador de estado de la bater\u00eda<\/li>\n<li>Cable de alimentaci\u00f3n de 20\u2019 (6 metros)<\/li>\n<\/ul>\n<h3>Informaci\u00f3n de Video<\/h3>\n<ul>\n<li>Pantalla digital de 22\u201d integrada<\/li>\n<li>Video SpeedFokus &#8211; enfoque de video automatizado<\/li>\n<li>Adaptaci\u00f3n de la c\u00e1mara de fotos\/v\u00eddeo de consumo (SLR)<\/li>\n<\/ul>\n<h3>V\u00eddeo de Definici\u00f3n Est\u00e1ndar<\/h3>\n<ul>\n<li>C\u00e1mara de v\u00eddeo SD de 3 CCD integrada<\/li>\n<li>Grabaci\u00f3n de imagen y v\u00eddeo integrada en medios USB o directorio compartido<\/li>\n<\/ul>\n<h3>V\u00eddeo de Alta Definici\u00f3n<\/h3>\n<ul>\n<li>C\u00e1mara de v\u00eddeo HD de 3 CCD integrada que incluye HD DigiZoom<\/li>\n<li>Grabaci\u00f3n de imagen y v\u00eddeo integrada en un soporte USB o en un directorio compartido<\/li>\n<\/ul>\n<h2>M\u00c1S INFORMACI\u00d3N SOBRE EL ZEISS OPMI VARIO 700<\/h2>\n<h3>Zeiss OPMI Vario 700 Reconstruido<\/h3>\n<p>Soma Tech Intl ofrece el Zeiss Vario 700 hasta un 50% por debajo de los precios originales con el mismo servicio y garant\u00eda que el nuevo. El Vario 700 no s\u00f3lo est\u00e1 t\u00e9cnicamente reformado, sino tambi\u00e9n cosm\u00e9ticamente reconstruido para que funcione y parezca nuevo. Cuando el proceso de restauraci\u00f3n comienza en el Zeiss Vario 700, es cuidadosamente inspeccionado y probado por nuestros propios ingenieros biom\u00e9dicos que est\u00e1n cualificados y certificados para trabajar en microscopios quir\u00fargicos. Si es necesario, las piezas se sustituyen para asegurarse de que todos los aspectos del ventilador a las especificaciones originales del fabricante de ingenier\u00eda. Esto asegura que la unidad est\u00e1 trabajando de la misma manera que cuando sali\u00f3 del fabricante. Despu\u00e9s de que el Vario 700 funcione como nuevo, se somete a un proceso especial de restauraci\u00f3n cosm\u00e9tica. El microscopio quir\u00farico se limpia, se reparan los peque\u00f1os ara\u00f1azos y abolladuras, se pinta y se sustituyen las calcoman\u00edas si es necesario. Despu\u00e9s de este proceso de restauraci\u00f3n extenuante, la unidad funciona y se ve como nueva. Soma Tech Intl tiene la certificaci\u00f3n ISO 13485 y asegura que la mejor calidad se da a todos los equipos m\u00e9dicos que se venden. Antes de que el Zeiss OPMI Vario 700 sea etiquetado como listo para el paciente y empaquete para su env\u00edo, pasa por una \u00faltima prueba de control de calidad que asegura que todos los aspectos funcionan de nuevo como deber\u00edan. Si est\u00e1 buscando comprar Zeiss Microscopios Quir\u00fargicos reconstruido, p\u00f3ngase en contacto con nosotros al Soma@SomaTechnology.com o ll\u00e1menos al 1-800-GET-SOMA.<\/p>\n<p>Soma Tech Intl est\u00e1 buscando activamente comprar Microscopios Zeiss. Si usted o su instalaci\u00f3n est\u00e1 buscando vender sus Microscopios Quir\u00fargicos, aseg\u00farese de ponerse en contacto con Soma Tech Intl. Soma tiene un departamento de compras dedicado y expertos en ayudar a trav\u00e9s de todo el proceso. La venta de sus microscopios quir\u00fargicos usados o de segunda mano elimina al intermediario de la ecuaci\u00f3n. Esto tambi\u00e9n garantiza que su centro m\u00e9dico obtenga el mejor precio por su equipo. Soma cumple al 100% con la normativa HIPPA y se asegura de que su equipo llegue a nuestras instalaciones en las mismas condiciones en las que sali\u00f3 del suyo. Soma Tech Intl tambi\u00e9n da la opci\u00f3n de cr\u00e9dito de intercambio en su equipo m\u00e9dico. Si usted o su instalaci\u00f3n est\u00e1 buscando recuperar espacio para nuevos equipos, o si usted est\u00e1 buscando para actualizar su equipo actual, p\u00f3ngase en contacto con el departamento de compras en Buyer@SomaTechnology.com o llamenos al 1.800.438.7662.<\/p>\n<\/div>\n","protected":false},"excerpt":{"rendered":"<p>CARACTER\u00cdSTICAS DE ZEISS OPMI VARIO 700 Zeiss OPMI Vario 700 ofrece una claridad \u00f3ptica excepcional y una resoluci\u00f3n detallada. Con un rango de trabajo&#8230;<\/p>\n","protected":false},"featured_media":19612,"template":"","meta":{"_acf_changed":false,"_relevanssi_hide_post":"","_relevanssi_hide_content":"","_relevanssi_pin_for_all":"","_relevanssi_pin_keywords":"","_relevanssi_unpin_keywords":"","_relevanssi_related_keywords":"","_relevanssi_related_include_ids":"","_relevanssi_related_exclude_ids":"","_relevanssi_related_no_append":"","_relevanssi_related_not_related":"","_relevanssi_related_posts":"","_relevanssi_noindex_reason":"","inline_featured_image":false},"pwb-brand":[1062],"product_brand":[],"product_cat":[69],"product_tag":[1043,4327,965,963,767,765,962,961,964],"class_list":{"0":"post-8205","1":"product","2":"type-product","3":"status-publish","4":"has-post-thumbnail","6":"pwb-brand-zeiss","7":"product_cat-microscopios-de-cirugia","8":"product_tag-microscopio-quirurgico","9":"product_tag-microscopios-de-cirugia-zeiss","10":"product_tag-opmi","11":"product_tag-vario-700","12":"product_tag-zeiss","13":"product_tag-zeiss-opmi","14":"product_tag-zeiss-opmi-vario","15":"product_tag-zeiss-opmi-vario-700","16":"product_tag-zeissi-vario-700","18":"first","19":"instock","20":"shipping-taxable","21":"purchasable","22":"product-type-simple"},"acf":[],"brands":[{"id":1062,"name":"Zeiss","slug":"zeiss"}],"_links":{"self":[{"href":"https:\/\/www.somatechnology.com\/spanish\/wp-json\/wp\/v2\/product\/8205","targetHints":{"allow":["GET"]}}],"collection":[{"href":"https:\/\/www.somatechnology.com\/spanish\/wp-json\/wp\/v2\/product"}],"about":[{"href":"https:\/\/www.somatechnology.com\/spanish\/wp-json\/wp\/v2\/types\/product"}],"wp:featuredmedia":[{"embeddable":true,"href":"https:\/\/www.somatechnology.com\/spanish\/wp-json\/wp\/v2\/media\/19612"}],"wp:attachment":[{"href":"https:\/\/www.somatechnology.com\/spanish\/wp-json\/wp\/v2\/media?parent=8205"}],"wp:term":[{"taxonomy":"pwb-brand","embeddable":true,"href":"https:\/\/www.somatechnology.com\/spanish\/wp-json\/wp\/v2\/pwb-brand?post=8205"},{"taxonomy":"product_brand","embeddable":true,"href":"https:\/\/www.somatechnology.com\/spanish\/wp-json\/wp\/v2\/product_brand?post=8205"},{"taxonomy":"product_cat","embeddable":true,"href":"https:\/\/www.somatechnology.com\/spanish\/wp-json\/wp\/v2\/product_cat?post=8205"},{"taxonomy":"product_tag","embeddable":true,"href":"https:\/\/www.somatechnology.com\/spanish\/wp-json\/wp\/v2\/product_tag?post=8205"}],"curies":[{"name":"wp","href":"https:\/\/api.w.org\/{rel}","templated":true}]}}