{"id":8216,"date":"2018-02-13T13:35:55","date_gmt":"2018-02-13T13:35:55","guid":{"rendered":"https:\/\/www.somatechnology.com\/spanish\/?post_type=product&#038;p=8216"},"modified":"2025-12-11T01:44:12","modified_gmt":"2025-12-11T06:44:12","slug":"enthermics-230","status":"publish","type":"product","link":"https:\/\/www.somatechnology.com\/spanish\/equipo-medico-usado-remanufacturado\/calentador-de-fluidos\/enthermics-230\/","title":{"rendered":"Enthermics 230"},"content":{"rendered":"<div class=\"wpb-content-wrapper\"><p>[vc_row][vc_column][vc_column_text css=\u00bb\u00bb]<\/p>\n<h2><strong>Enthermics 230 Fluid Warmer<\/strong><\/h2>\n<p>Armario de calentamiento de fluidos que utiliza la tecnolog\u00eda WarmRight que proporciona la temperatura adecuada para que el producto adecuado cumpla con las pautas de cuidado de la salud para fluidos IV y de riego. Puerta de vidrio con aislamiento Capacidad: 11 botellas de 1 litro o 16 bolsas de 1 litro. Tama\u00f1o externo: 20.7 \u00abH x 16.2\u00bb W x 28 \u00abD. Este gabinete de calentamiento est\u00e1 dise\u00f1ado para calentar y almacenar de manera segura fluidos de irrigaci\u00f3n o fluidos de inyecci\u00f3n.<\/p>\n<ul>\n<li>El gabinete calentador de una sola c\u00e1mara est\u00e1 construido con una carcasa exterior de acero inoxidable y una puerta con asa y bisagras dise\u00f1adas para soportar un uso intensivo. Una puerta con ventana permite la observaci\u00f3n del inventario con la puerta cerrada. El gabinete se calienta con un conjunto de cables electrot\u00e9rmicos de baja densidad de calor. El cable electrot\u00e9rmico se coloca en el piso y en los dos lados del gabinete calentador, proporcionando un calentamiento uniforme de la c\u00e1mara interior.<\/li>\n<li>El gabinete de calentamiento est\u00e1 equipado con una (1) canasta de alambre recubierta de epoxi blanca para acomodar los l\u00edquidos empacados en bolsas o botellas, montados en soportes de riel de canasta. La canasta tiene una capacidad de 11 botellas de 1 litro o 16 bolsas de 1 litro. El gabinete est\u00e1 equipado con cuatro (4) pies de goma antideslizantes de 1-1 \/ 4 \u00ab(31 mm).&gt;<\/li>\n<\/ul>\n<h3>Especificaciones F\u00edsicas<\/h3>\n<ul>\n<li>Capacidad interior: 11 botellas de 1 litro o 16 bolsas de 1 litro<\/li>\n<li>Peso neto: 84 lb (38 kg)<\/li>\n<li>Peso de la embarcaci\u00f3n: 134 lb (60 kg)<\/li>\n<\/ul>\n<h3>Informaci\u00f3n El\u00e9ctrica<\/h3>\n<ul>\n<li>120 V.A.C. \u2014 50\/60 Hz, 1 ph 0.65 kW, 5.4 Amps<\/li>\n<li>230 V.A.C. \u2014 50\/60 Hz, 1 ph 0.8 kW, 3.5 Amps<\/li>\n<\/ul>\n<h3>Opciones y accesorios<\/h3>\n<ul>\n<li>Juego de ruedas, 3.5 \u00ab(89 mm)<\/li>\n<li>Juego de ruedas, contacto de 3.6 \u00ab(91.44 mm) de f\u00e1brica<\/li>\n<li>Juego de ruedas, 5 \u00ab(127 mm)<\/li>\n<li>Cerradura de combinaci\u00f3n<\/li>\n<li>Kit de patas, 6 \u00ab(152 mm)<\/li>\n<li>Cerradura para manija de la puerta<\/li>\n<li>Hardware de apilamiento<\/li>\n<\/ul>\n<h3>\u00a0Informacion Especial<\/h3>\n<ul>\n<li>Hinging derecho es est\u00e1ndar.<\/li>\n<li>Hinging izquierdo est\u00e1 disponible como una orden especial.<\/li>\n<li>La puerta con ventana es est\u00e1ndar. \u00ab<\/li>\n<li>La puerta s\u00f3lida est\u00e1 disponible como una orden especial.<\/li>\n<li>Combinaciones de apilamiento enumeradas en Opciones y accesorios.<\/li>\n<li>WarmWatch disponible como pedido especial.<\/li>\n<\/ul>\n<p>[\/vc_column_text][\/vc_column][\/vc_row]<\/p>\n<\/div>","protected":false},"excerpt":{"rendered":"<p>[vc_row][vc_column][vc_column_text css=\u00bb\u00bb] Enthermics 230 Fluid Warmer Armario de calentamiento de fluidos que utiliza la tecnolog\u00eda WarmRight que proporciona la temperatura adecuada para que el&#8230;<\/p>\n","protected":false},"featured_media":8490,"template":"","meta":{"_acf_changed":false,"_relevanssi_hide_post":"","_relevanssi_hide_content":"","_relevanssi_pin_for_all":"","_relevanssi_pin_keywords":"","_relevanssi_unpin_keywords":"","_relevanssi_related_keywords":"","_relevanssi_related_include_ids":"","_relevanssi_related_exclude_ids":"","_relevanssi_related_no_append":"","_relevanssi_related_not_related":"","_relevanssi_related_posts":"","_relevanssi_noindex_reason":"","inline_featured_image":false},"pwb-brand":[1077],"product_brand":[],"product_cat":[912,7029],"product_tag":[977,924,958,976],"class_list":{"0":"post-8216","1":"product","2":"type-product","3":"status-publish","4":"has-post-thumbnail","6":"pwb-brand-enthermics","7":"product_cat-calentador-de-fluidos","8":"product_cat-calentadores","9":"product_tag-977","10":"product_tag-calentador-de-fluidos","11":"product_tag-enthermics","12":"product_tag-enthermics-230","14":"first","15":"instock","16":"shipping-taxable","17":"purchasable","18":"product-type-simple"},"acf":[],"brands":[{"id":1077,"name":"Enthermics","slug":"enthermics"}],"_links":{"self":[{"href":"https:\/\/www.somatechnology.com\/spanish\/wp-json\/wp\/v2\/product\/8216","targetHints":{"allow":["GET"]}}],"collection":[{"href":"https:\/\/www.somatechnology.com\/spanish\/wp-json\/wp\/v2\/product"}],"about":[{"href":"https:\/\/www.somatechnology.com\/spanish\/wp-json\/wp\/v2\/types\/product"}],"wp:featuredmedia":[{"embeddable":true,"href":"https:\/\/www.somatechnology.com\/spanish\/wp-json\/wp\/v2\/media\/8490"}],"wp:attachment":[{"href":"https:\/\/www.somatechnology.com\/spanish\/wp-json\/wp\/v2\/media?parent=8216"}],"wp:term":[{"taxonomy":"pwb-brand","embeddable":true,"href":"https:\/\/www.somatechnology.com\/spanish\/wp-json\/wp\/v2\/pwb-brand?post=8216"},{"taxonomy":"product_brand","embeddable":true,"href":"https:\/\/www.somatechnology.com\/spanish\/wp-json\/wp\/v2\/product_brand?post=8216"},{"taxonomy":"product_cat","embeddable":true,"href":"https:\/\/www.somatechnology.com\/spanish\/wp-json\/wp\/v2\/product_cat?post=8216"},{"taxonomy":"product_tag","embeddable":true,"href":"https:\/\/www.somatechnology.com\/spanish\/wp-json\/wp\/v2\/product_tag?post=8216"}],"curies":[{"name":"wp","href":"https:\/\/api.w.org\/{rel}","templated":true}]}}