{"id":8219,"date":"2018-02-13T14:15:36","date_gmt":"2018-02-13T14:15:36","guid":{"rendered":"https:\/\/www.somatechnology.com\/spanish\/?post_type=product&#038;p=8219"},"modified":"2025-12-10T20:54:19","modified_gmt":"2025-12-11T01:54:19","slug":"zeiss-opmi-pico-ent-microscope","status":"publish","type":"product","link":"https:\/\/www.somatechnology.com\/spanish\/equipo-medico-usado-remanufacturado\/microscopios-de-cirugia\/zeiss-opmi-pico-ent-microscope\/","title":{"rendered":"Zeiss OPMI Pico ENT Microscope"},"content":{"rendered":"<div class=\"wpb-content-wrapper\"><p>[vc_row][vc_column][vc_column_text css=\u00bb\u00bb]<\/p>\n<h2><strong>Microscopio Zeiss OPMI Pico ENT <\/strong><\/h2>\n<p>Excelente para las diferentes tareas realizadas por un microscopio de diagn\u00f3stico Gracias a su dise\u00f1o compacto, el pico OPMI es particularmente adecuado para ser conectado a dispositivos de tratamiento ENT. En este caso, el Pico funciona con una fuente de luz LED hal\u00f3gena, LED o Super Bright de Otopront, que se conecta a la unidad, lo que reduce el peso del pico y optimiza las condiciones de iluminaci\u00f3n.<\/p>\n<ul>\n<li>Posicionamiento preciso y f\u00e1cil manejo para m\u00e1xima flexibilidad.<\/li>\n<li>T-handgrip brinda capacidades de posicionamiento exactas y confiables.<\/li>\n<li>Excepcionales habilidades de enfoque con im\u00e1genes n\u00edtidas.<\/li>\n<li>Oculares de alto punto de vista para una excelente comodidad visual.<\/li>\n<li>Calidad de imagen excepcional para una visi\u00f3n relajada con o sin anteojos.<\/li>\n<li>Aumento de cinco pasos con el cambiador de aumento apocrom\u00e1tico.<\/li>\n<li>Campo de visi\u00f3n iluminado de forma homog\u00e9nea.<\/li>\n<li>El dise\u00f1o ergon\u00f3mico permite a los m\u00e9dicos utilizar el microscopio mientras se est\u00e1 sentado c\u00f3modamente.<\/li>\n<li>Lentes objetivo f\u00e1cilmente cambiables de diferentes distancias focales.<\/li>\n<li>Dise\u00f1o compacto y aerodin\u00e1mico.<\/li>\n<li>Disponible en m\u00faltiples configuraciones: soporte de suelo, montaje en pared o montaje en el techo<\/li>\n<\/ul>\n<h3>Aumento<\/h3>\n<ul>\n<li>Modificador de aumento Carl Zeiss manual, relaci\u00f3n 1: 6 en 5 pasos<\/li>\n<\/ul>\n<h3>Lentes Objetivos<\/h3>\n<ul>\n<li>Diferentes distancias focales desde f = 200 mm a f = 400 mm, graduadas en pasos de 50 mm<\/li>\n<li>Lentes objetivos de enfoque fino: 200, 250, 300 mm<\/li>\n<\/ul>\n<h3>Tubo Binocular<\/h3>\n<ul>\n<li>Tubo inclinable 0-180 \u00b0, f = 170 mm<\/li>\n<li>Tubo inclinable 0-180 \u00b0, f = 200 mm (opcional)<\/li>\n<li>Tubo plegable f170 \/ f260, incl. Funci\u00f3n PROMAG \u2122 para aumento adicional del 50% y funci\u00f3n de rotaci\u00f3n integrada (opcional)<\/li>\n<\/ul>\n<h3>Iluminaci\u00f3n<\/h3>\n<ul>\n<li>Iluminaci\u00f3n hal\u00f3gena de 100 W<\/li>\n<li>Superlux\u00ae 180 (opcional): l\u00e1mpara de xen\u00f3n de 180 W con temperatura de color de la luz del d\u00eda<\/li>\n<\/ul>\n<h3>Voltaje Nominal<\/h3>\n<ul>\n<li>115 V\/230 V \u00b110 %<\/li>\n<\/ul>\n<h3>Frecuencia Nominal<\/h3>\n<ul>\n<li>50 Hz \u2013 60 Hz<\/li>\n<\/ul>\n<h3>El consumo de energ\u00eda<\/h3>\n<ul>\n<li>Iluminaci\u00f3n hal\u00f3gena: 115 V \/ 230 V, m\u00e1x. 2 A \/ 1 A<\/li>\n<\/ul>\n<h3>Peso<\/h3>\n<ul>\n<li>Soporte de suelo S100: Aprox. 90 kg (con OPMI)<\/li>\n<li>Montaje de pared S100: Aprox. 45 kg (con OPMI)<\/li>\n<li>Montaje en el techo S100: Aprox. 55 kg (con OPMI)<\/li>\n<li>Sistema portador S100 Centro: Aprox. 30 kg (con OPMI)<\/li>\n<\/ul>\n<p>[\/vc_column_text][\/vc_column][\/vc_row]<\/p>\n<\/div>","protected":false},"excerpt":{"rendered":"<p>[vc_row][vc_column][vc_column_text css=\u00bb\u00bb] Microscopio Zeiss OPMI Pico ENT Excelente para las diferentes tareas realizadas por un microscopio de diagn\u00f3stico Gracias a su dise\u00f1o compacto, el&#8230;<\/p>\n","protected":false},"featured_media":8503,"template":"","meta":{"_acf_changed":false,"_relevanssi_hide_post":"","_relevanssi_hide_content":"","_relevanssi_pin_for_all":"","_relevanssi_pin_keywords":"","_relevanssi_unpin_keywords":"","_relevanssi_related_keywords":"","_relevanssi_related_include_ids":"","_relevanssi_related_exclude_ids":"","_relevanssi_related_no_append":"","_relevanssi_related_not_related":"","_relevanssi_related_posts":"","_relevanssi_noindex_reason":"","inline_featured_image":false},"pwb-brand":[1062],"product_brand":[],"product_cat":[69],"product_tag":[1043,4327,982,767,765,980,979,981],"class_list":{"0":"post-8219","1":"product","2":"type-product","3":"status-publish","4":"has-post-thumbnail","6":"pwb-brand-zeiss","7":"product_cat-microscopios-de-cirugia","8":"product_tag-microscopio-quirurgico","9":"product_tag-microscopios-de-cirugia-zeiss","10":"product_tag-pico-ent","11":"product_tag-zeiss","12":"product_tag-zeiss-opmi","13":"product_tag-zeiss-opmi-pico","14":"product_tag-zeiss-opmi-pico-ent","15":"product_tag-zeiss-pico-ent","17":"first","18":"instock","19":"shipping-taxable","20":"purchasable","21":"product-type-simple"},"acf":[],"brands":[{"id":1062,"name":"Zeiss","slug":"zeiss"}],"_links":{"self":[{"href":"https:\/\/www.somatechnology.com\/spanish\/wp-json\/wp\/v2\/product\/8219","targetHints":{"allow":["GET"]}}],"collection":[{"href":"https:\/\/www.somatechnology.com\/spanish\/wp-json\/wp\/v2\/product"}],"about":[{"href":"https:\/\/www.somatechnology.com\/spanish\/wp-json\/wp\/v2\/types\/product"}],"wp:featuredmedia":[{"embeddable":true,"href":"https:\/\/www.somatechnology.com\/spanish\/wp-json\/wp\/v2\/media\/8503"}],"wp:attachment":[{"href":"https:\/\/www.somatechnology.com\/spanish\/wp-json\/wp\/v2\/media?parent=8219"}],"wp:term":[{"taxonomy":"pwb-brand","embeddable":true,"href":"https:\/\/www.somatechnology.com\/spanish\/wp-json\/wp\/v2\/pwb-brand?post=8219"},{"taxonomy":"product_brand","embeddable":true,"href":"https:\/\/www.somatechnology.com\/spanish\/wp-json\/wp\/v2\/product_brand?post=8219"},{"taxonomy":"product_cat","embeddable":true,"href":"https:\/\/www.somatechnology.com\/spanish\/wp-json\/wp\/v2\/product_cat?post=8219"},{"taxonomy":"product_tag","embeddable":true,"href":"https:\/\/www.somatechnology.com\/spanish\/wp-json\/wp\/v2\/product_tag?post=8219"}],"curies":[{"name":"wp","href":"https:\/\/api.w.org\/{rel}","templated":true}]}}